{"id":996,"date":"2017-06-14T13:04:06","date_gmt":"2017-06-14T16:04:06","guid":{"rendered":"http:\/\/www.profiautos.com.br\/novosite\/?post_type=product&#038;p=996"},"modified":"2020-08-19T09:22:00","modified_gmt":"2020-08-19T12:22:00","slug":"teste-de-pressao-de-bomba-de-combustivel-para-motos","status":"publish","type":"product","link":"https:\/\/www.profiautos.com.br\/novosite\/produto\/teste-de-pressao-de-bomba-de-combustivel-para-motos\/","title":{"rendered":"TESTE DE PRESS\u00c3O DE BOMBA DE COMBUST\u00cdVEL PARA MOTOS"},"content":{"rendered":"<p>PARA INFORMA\u00c7\u00d5ES DE VALORES , (85) 9 8732-1854 OU (85) 3034-1103<\/p>\n<p>&nbsp;<\/p>\n<p>Desenvolvido com a finalidade de auxiliar o reparador a testar a Bomba el\u00e9trica de motos<\/p>\n<p><strong>Constitu\u00eddo por:<\/strong><\/p>\n<ul>\n<li class=\"western\">01 Manual de instru\u00e7\u00f5es;<\/li>\n<li class=\"western\">01 Corpo com man\u00f4metro;<\/li>\n<li class=\"western\">Man\u00f4metro de 60mm;<\/li>\n<li class=\"western\">Escala de 0 a 10 Bar (0 a 150 psi);<\/li>\n<li class=\"western\">Com capa de borracha para prote\u00e7\u00e3o do man\u00f4metro;<\/li>\n<li class=\"western\">01 Jarra graduada de 1 litro;<\/li>\n<li class=\"western\">01 Jogo com 10 mangueiras (sendo duas no pr\u00f3prio corpo);<\/li>\n<\/ul>\n","protected":false},"excerpt":{"rendered":"<p>PARA INFORMA\u00c7\u00d5ES DE VALORES , (85) 9 8732-1854 OU (85) 3034-1103 &nbsp; Desenvolvido com a finalidade de auxiliar o reparador a testar a Bomba el\u00e9trica de motos Constitu\u00eddo por: 01 Manual de instru\u00e7\u00f5es; 01 Corpo com man\u00f4metro; Man\u00f4metro de 60mm; Escala de 0 a 10 Bar (0 a 150 psi); Com capa de borracha para [&hellip;]<\/p>\n","protected":false},"featured_media":997,"template":"","meta":{"_exactmetrics_skip_tracking":false,"_exactmetrics_sitenote_active":false,"_exactmetrics_sitenote_note":"","_exactmetrics_sitenote_category":0},"product_cat":[30,49],"product_tag":[],"class_list":{"0":"post-996","1":"product","2":"type-product","3":"status-publish","4":"has-post-thumbnail","6":"product_cat-ferramentas","7":"product_cat-injecao-eletronica-motos","9":"first","10":"instock","11":"taxable","12":"shipping-taxable","13":"product-type-simple"},"_links":{"self":[{"href":"https:\/\/www.profiautos.com.br\/novosite\/wp-json\/wp\/v2\/product\/996"}],"collection":[{"href":"https:\/\/www.profiautos.com.br\/novosite\/wp-json\/wp\/v2\/product"}],"about":[{"href":"https:\/\/www.profiautos.com.br\/novosite\/wp-json\/wp\/v2\/types\/product"}],"wp:featuredmedia":[{"embeddable":true,"href":"https:\/\/www.profiautos.com.br\/novosite\/wp-json\/wp\/v2\/media\/997"}],"wp:attachment":[{"href":"https:\/\/www.profiautos.com.br\/novosite\/wp-json\/wp\/v2\/media?parent=996"}],"wp:term":[{"taxonomy":"product_cat","embeddable":true,"href":"https:\/\/www.profiautos.com.br\/novosite\/wp-json\/wp\/v2\/product_cat?post=996"},{"taxonomy":"product_tag","embeddable":true,"href":"https:\/\/www.profiautos.com.br\/novosite\/wp-json\/wp\/v2\/product_tag?post=996"}],"curies":[{"name":"wp","href":"https:\/\/api.w.org\/{rel}","templated":true}]}}