{"id":945,"date":"2017-05-26T13:25:07","date_gmt":"2017-05-26T16:25:07","guid":{"rendered":"http:\/\/www.profiautos.com.br\/novosite\/?post_type=product&#038;p=945"},"modified":"2020-08-18T11:36:55","modified_gmt":"2020-08-18T14:36:55","slug":"balanceadora-motorizada-vermelho-10-a-24-pol-monofasica","status":"publish","type":"product","link":"https:\/\/www.profiautos.com.br\/novosite\/produto\/balanceadora-motorizada-vermelho-10-a-24-pol-monofasica\/","title":{"rendered":"Balanceadora Motorizada Vermelho 10 a 24 Pol. Monof\u00e1sica"},"content":{"rendered":"<p>PARA INFORMA\u00c7\u00d5ES DE VALORES , (85) 9 8732-1854 OU (85) 3034-1103<\/p>\n<p>\u2022 Cor: Vermelho<br \/>\n\u2022 Di\u00e2metro do aro: 10\u201d \u00e0 24\u201d<br \/>\n\u2022 Peso m\u00e1ximo da roda: 65Kg<br \/>\n\u2022 Tens\u00e3o: 220V<br \/>\n\u2022 Velocidade leitura &#8211; 7S<br \/>\n\u2022 Precis\u00e3o: mais ou menos 1G<br \/>\n\u2022 Ru\u00eddo menor: 69dB<br \/>\n\u2022 Largura do aro: 1.5 \u00e0 20<br \/>\n\u2022 Temperatura 0\u00b0C \u00e0 50\u00b0C<\/p>\n","protected":false},"excerpt":{"rendered":"<p>PARA INFORMA\u00c7\u00d5ES DE VALORES , (85) 9 8732-1854 OU (85) 3034-1103 \u2022 Cor: Vermelho \u2022 Di\u00e2metro do aro: 10\u201d \u00e0 24\u201d \u2022 Peso m\u00e1ximo da roda: 65Kg \u2022 Tens\u00e3o: 220V \u2022 Velocidade leitura &#8211; 7S \u2022 Precis\u00e3o: mais ou menos 1G \u2022 Ru\u00eddo menor: 69dB \u2022 Largura do aro: 1.5 \u00e0 20 \u2022 Temperatura 0\u00b0C [&hellip;]<\/p>\n","protected":false},"featured_media":946,"template":"","meta":{"_exactmetrics_skip_tracking":false,"_exactmetrics_sitenote_active":false,"_exactmetrics_sitenote_note":"","_exactmetrics_sitenote_category":0},"product_cat":[16,19,30],"product_tag":[],"class_list":{"0":"post-945","1":"product","2":"type-product","3":"status-publish","4":"has-post-thumbnail","6":"product_cat-alinhamento-e-balanceamento","7":"product_cat-equipamentos-para-oficina","8":"product_cat-ferramentas","10":"first","11":"instock","12":"taxable","13":"shipping-taxable","14":"product-type-simple"},"_links":{"self":[{"href":"https:\/\/www.profiautos.com.br\/novosite\/wp-json\/wp\/v2\/product\/945"}],"collection":[{"href":"https:\/\/www.profiautos.com.br\/novosite\/wp-json\/wp\/v2\/product"}],"about":[{"href":"https:\/\/www.profiautos.com.br\/novosite\/wp-json\/wp\/v2\/types\/product"}],"wp:featuredmedia":[{"embeddable":true,"href":"https:\/\/www.profiautos.com.br\/novosite\/wp-json\/wp\/v2\/media\/946"}],"wp:attachment":[{"href":"https:\/\/www.profiautos.com.br\/novosite\/wp-json\/wp\/v2\/media?parent=945"}],"wp:term":[{"taxonomy":"product_cat","embeddable":true,"href":"https:\/\/www.profiautos.com.br\/novosite\/wp-json\/wp\/v2\/product_cat?post=945"},{"taxonomy":"product_tag","embeddable":true,"href":"https:\/\/www.profiautos.com.br\/novosite\/wp-json\/wp\/v2\/product_tag?post=945"}],"curies":[{"name":"wp","href":"https:\/\/api.w.org\/{rel}","templated":true}]}}