{"id":943,"date":"2017-05-26T10:34:05","date_gmt":"2017-05-26T13:34:05","guid":{"rendered":"http:\/\/www.profiautos.com.br\/novosite\/?post_type=product&#038;p=943"},"modified":"2020-08-18T11:40:53","modified_gmt":"2020-08-18T14:40:53","slug":"soprador-termico-hg1500","status":"publish","type":"product","link":"https:\/\/www.profiautos.com.br\/novosite\/produto\/soprador-termico-hg1500\/","title":{"rendered":"SOPRADOR T\u00c9RMICO HG1500"},"content":{"rendered":"<p>PARA INFORMA\u00c7\u00d5ES DE VALORES , (85) 9 8732-1854 OU (85) 3034-1103<\/p>\n<p>&nbsp;<\/p>\n","protected":false},"excerpt":{"rendered":"<p>PARA INFORMA\u00c7\u00d5ES DE VALORES , (85) 9 8732-1854 OU (85) 3034-1103 &nbsp;<\/p>\n","protected":false},"featured_media":944,"template":"","meta":{"_exactmetrics_skip_tracking":false,"_exactmetrics_sitenote_active":false,"_exactmetrics_sitenote_note":"","_exactmetrics_sitenote_category":0},"product_cat":[46,47,19,30],"product_tag":[],"class_list":{"0":"post-943","1":"product","2":"type-product","3":"status-publish","4":"has-post-thumbnail","6":"product_cat-aplicacao-de-fume","7":"product_cat-envelopamento","8":"product_cat-equipamentos-para-oficina","9":"product_cat-ferramentas","11":"first","12":"instock","13":"taxable","14":"shipping-taxable","15":"product-type-simple"},"_links":{"self":[{"href":"https:\/\/www.profiautos.com.br\/novosite\/wp-json\/wp\/v2\/product\/943"}],"collection":[{"href":"https:\/\/www.profiautos.com.br\/novosite\/wp-json\/wp\/v2\/product"}],"about":[{"href":"https:\/\/www.profiautos.com.br\/novosite\/wp-json\/wp\/v2\/types\/product"}],"wp:featuredmedia":[{"embeddable":true,"href":"https:\/\/www.profiautos.com.br\/novosite\/wp-json\/wp\/v2\/media\/944"}],"wp:attachment":[{"href":"https:\/\/www.profiautos.com.br\/novosite\/wp-json\/wp\/v2\/media?parent=943"}],"wp:term":[{"taxonomy":"product_cat","embeddable":true,"href":"https:\/\/www.profiautos.com.br\/novosite\/wp-json\/wp\/v2\/product_cat?post=943"},{"taxonomy":"product_tag","embeddable":true,"href":"https:\/\/www.profiautos.com.br\/novosite\/wp-json\/wp\/v2\/product_tag?post=943"}],"curies":[{"name":"wp","href":"https:\/\/api.w.org\/{rel}","templated":true}]}}