{"id":940,"date":"2017-05-26T10:06:08","date_gmt":"2017-05-26T13:06:08","guid":{"rendered":"http:\/\/www.profiautos.com.br\/novosite\/?post_type=product&#038;p=940"},"modified":"2021-07-08T10:26:38","modified_gmt":"2021-07-08T13:26:38","slug":"caneta-de-polaridade-com-display-e-iluminacao","status":"publish","type":"product","link":"https:\/\/www.profiautos.com.br\/novosite\/produto\/caneta-de-polaridade-com-display-e-iluminacao\/","title":{"rendered":"Caneta de Polaridade com Display e Ilumina\u00e7\u00e3o"},"content":{"rendered":"<p>\u2022 Alimenta\u00e7\u00e3o 12V (pr\u00f3pria bateria do ve\u00edculo)<br \/>\n\u2022 Facilita o teste de polaridades de tens\u00e3o, tornando o reparo mais r\u00e1pido e eficiente<br \/>\n\u2022 Mede tens\u00e3o cont\u00ednua (DC) de 0 a 25V<br \/>\n\u2022 Mede tempo de inje\u00e7\u00e3o (milisegundos) de 0 a 99 ms<br \/>\n\u2022 Pode ser usado na rede CAN que n\u00e3o ir\u00e1 interferir no funcionamento do ve\u00edculo e na transmiss\u00e3o de dados pela rede CAN<br \/>\n\u2022 Ideal para testar de forma r\u00e1pida, os pulsos dos bicos injetores<br \/>\n\u2022 Com Led de alto brilho, dispensando assim o uso de cord\u00e3o de luz, facilitando o trabalho em lugares com pouca ilumina\u00e7\u00e3o<br \/>\n\u2022 Com cabo de tr\u00eas (3) metros polarizado<\/p>\n<p>\u2022 Constitu\u00eddo de:<br \/>\n&#8211; 1 M\u00f3dulo eletr\u00f4nico com display<br \/>\n&#8211; 1 Caixa Pl\u00e1stica para acomoda\u00e7\u00e3o<br \/>\n&#8211; 1 Manual de Instru\u00e7\u00f5es<\/p>\n","protected":false},"excerpt":{"rendered":"<p>\u2022 Alimenta\u00e7\u00e3o 12V (pr\u00f3pria bateria do ve\u00edculo) \u2022 Facilita o teste de polaridades de tens\u00e3o, tornando o reparo mais r\u00e1pido e eficiente \u2022 Mede tens\u00e3o cont\u00ednua (DC) de 0 a 25V \u2022 Mede tempo de inje\u00e7\u00e3o (milisegundos) de 0 a 99 ms \u2022 Pode ser usado na rede CAN que n\u00e3o ir\u00e1 interferir no funcionamento [&hellip;]<\/p>\n","protected":false},"featured_media":942,"template":"","meta":{"_exactmetrics_skip_tracking":false,"_exactmetrics_sitenote_active":false,"_exactmetrics_sitenote_note":"","_exactmetrics_sitenote_category":0},"product_cat":[21,49],"product_tag":[],"class_list":{"0":"post-940","1":"product","2":"type-product","3":"status-publish","4":"has-post-thumbnail","6":"product_cat-injecao-eletronica","7":"product_cat-injecao-eletronica-motos","9":"first","10":"instock","11":"taxable","12":"shipping-taxable","13":"product-type-simple"},"_links":{"self":[{"href":"https:\/\/www.profiautos.com.br\/novosite\/wp-json\/wp\/v2\/product\/940"}],"collection":[{"href":"https:\/\/www.profiautos.com.br\/novosite\/wp-json\/wp\/v2\/product"}],"about":[{"href":"https:\/\/www.profiautos.com.br\/novosite\/wp-json\/wp\/v2\/types\/product"}],"wp:featuredmedia":[{"embeddable":true,"href":"https:\/\/www.profiautos.com.br\/novosite\/wp-json\/wp\/v2\/media\/942"}],"wp:attachment":[{"href":"https:\/\/www.profiautos.com.br\/novosite\/wp-json\/wp\/v2\/media?parent=940"}],"wp:term":[{"taxonomy":"product_cat","embeddable":true,"href":"https:\/\/www.profiautos.com.br\/novosite\/wp-json\/wp\/v2\/product_cat?post=940"},{"taxonomy":"product_tag","embeddable":true,"href":"https:\/\/www.profiautos.com.br\/novosite\/wp-json\/wp\/v2\/product_tag?post=940"}],"curies":[{"name":"wp","href":"https:\/\/api.w.org\/{rel}","templated":true}]}}