{"id":915,"date":"2017-05-12T17:15:33","date_gmt":"2017-05-12T20:15:33","guid":{"rendered":"http:\/\/www.profiautos.com.br\/novosite\/?post_type=product&#038;p=915"},"modified":"2020-08-18T15:55:09","modified_gmt":"2020-08-18T18:55:09","slug":"centelhador","status":"publish","type":"product","link":"https:\/\/www.profiautos.com.br\/novosite\/produto\/centelhador\/","title":{"rendered":"CENTELHADOR"},"content":{"rendered":"<p>PARA INFORMA\u00c7\u00d5ES DE VALORES , (85) 9 8732-1854 OU (85) 3034-1103<\/p>\n<p><strong>Caracter\u00edsticas do\u00a0Centelhador para Teste de Fa\u00edsca em Cabos de Vela CT-100 Planatc:<\/strong><\/p>\n<div>&#8211; Corpo Injetado (exclusivo) com alta prote\u00e7\u00e3o.<br \/>\n&#8211; Escala de 0 a 20 mm.<strong>Fun\u00e7\u00e3o<\/strong><\/p>\n<p>&#8211; Verifica a centelha da bobina de igni\u00e7\u00e3o, bem como centelha nos cabos de vela, sem danificar a central eletr\u00f4nica.<br \/>\n&#8211; Produto indispens\u00e1vel para todos os carros, especialmente para inje\u00e7\u00e3o eletr\u00f4nica.<\/p>\n<\/div>\n","protected":false},"excerpt":{"rendered":"<p>PARA INFORMA\u00c7\u00d5ES DE VALORES , (85) 9 8732-1854 OU (85) 3034-1103 Caracter\u00edsticas do\u00a0Centelhador para Teste de Fa\u00edsca em Cabos de Vela CT-100 Planatc: &#8211; Corpo Injetado (exclusivo) com alta prote\u00e7\u00e3o. &#8211; Escala de 0 a 20 mm.Fun\u00e7\u00e3o &#8211; Verifica a centelha da bobina de igni\u00e7\u00e3o, bem como centelha nos cabos de vela, sem danificar a [&hellip;]<\/p>\n","protected":false},"featured_media":916,"template":"","meta":{"_exactmetrics_skip_tracking":false,"_exactmetrics_sitenote_active":false,"_exactmetrics_sitenote_note":"","_exactmetrics_sitenote_category":0},"product_cat":[19,30,21,49],"product_tag":[],"class_list":{"0":"post-915","1":"product","2":"type-product","3":"status-publish","4":"has-post-thumbnail","6":"product_cat-equipamentos-para-oficina","7":"product_cat-ferramentas","8":"product_cat-injecao-eletronica","9":"product_cat-injecao-eletronica-motos","11":"first","12":"instock","13":"taxable","14":"shipping-taxable","15":"product-type-simple"},"_links":{"self":[{"href":"https:\/\/www.profiautos.com.br\/novosite\/wp-json\/wp\/v2\/product\/915"}],"collection":[{"href":"https:\/\/www.profiautos.com.br\/novosite\/wp-json\/wp\/v2\/product"}],"about":[{"href":"https:\/\/www.profiautos.com.br\/novosite\/wp-json\/wp\/v2\/types\/product"}],"wp:featuredmedia":[{"embeddable":true,"href":"https:\/\/www.profiautos.com.br\/novosite\/wp-json\/wp\/v2\/media\/916"}],"wp:attachment":[{"href":"https:\/\/www.profiautos.com.br\/novosite\/wp-json\/wp\/v2\/media?parent=915"}],"wp:term":[{"taxonomy":"product_cat","embeddable":true,"href":"https:\/\/www.profiautos.com.br\/novosite\/wp-json\/wp\/v2\/product_cat?post=915"},{"taxonomy":"product_tag","embeddable":true,"href":"https:\/\/www.profiautos.com.br\/novosite\/wp-json\/wp\/v2\/product_tag?post=915"}],"curies":[{"name":"wp","href":"https:\/\/api.w.org\/{rel}","templated":true}]}}