{"id":870,"date":"2017-05-12T14:54:19","date_gmt":"2017-05-12T17:54:19","guid":{"rendered":"http:\/\/www.profiautos.com.br\/novosite\/?post_type=product&#038;p=870"},"modified":"2020-08-18T12:16:27","modified_gmt":"2020-08-18T15:16:27","slug":"chave-para-retencao-de-polia","status":"publish","type":"product","link":"https:\/\/www.profiautos.com.br\/novosite\/produto\/chave-para-retencao-de-polia\/","title":{"rendered":"CHAVE PARA RETEN\u00c7\u00c3O DE POLIA"},"content":{"rendered":"<p>PARA INFORMA\u00c7\u00d5ES DE VALORES , (85) 9 8732-1854 OU (85) 3034-1103<\/p>\n<p>Chave para reten\u00e7\u00e3o de polia tipo V com corpo fabricado em a\u00e7o carbono com acabamento em pintura especial. Utilizado para bloquear a polia durante a remo\u00e7\u00e3o ou montagem de qualquer tipo de parafuso de reten\u00e7\u00e3o da polia.<\/p>\n","protected":false},"excerpt":{"rendered":"<p>PARA INFORMA\u00c7\u00d5ES DE VALORES , (85) 9 8732-1854 OU (85) 3034-1103 Chave para reten\u00e7\u00e3o de polia tipo V com corpo fabricado em a\u00e7o carbono com acabamento em pintura especial. Utilizado para bloquear a polia durante a remo\u00e7\u00e3o ou montagem de qualquer tipo de parafuso de reten\u00e7\u00e3o da polia.<\/p>\n","protected":false},"featured_media":871,"template":"","meta":{"_exactmetrics_skip_tracking":false,"_exactmetrics_sitenote_active":false,"_exactmetrics_sitenote_note":"","_exactmetrics_sitenote_category":0},"product_cat":[28,19,30],"product_tag":[],"class_list":{"0":"post-870","1":"product","2":"type-product","3":"status-publish","4":"has-post-thumbnail","6":"product_cat-ar-condicionado","7":"product_cat-equipamentos-para-oficina","8":"product_cat-ferramentas","10":"first","11":"instock","12":"taxable","13":"shipping-taxable","14":"product-type-simple"},"_links":{"self":[{"href":"https:\/\/www.profiautos.com.br\/novosite\/wp-json\/wp\/v2\/product\/870"}],"collection":[{"href":"https:\/\/www.profiautos.com.br\/novosite\/wp-json\/wp\/v2\/product"}],"about":[{"href":"https:\/\/www.profiautos.com.br\/novosite\/wp-json\/wp\/v2\/types\/product"}],"wp:featuredmedia":[{"embeddable":true,"href":"https:\/\/www.profiautos.com.br\/novosite\/wp-json\/wp\/v2\/media\/871"}],"wp:attachment":[{"href":"https:\/\/www.profiautos.com.br\/novosite\/wp-json\/wp\/v2\/media?parent=870"}],"wp:term":[{"taxonomy":"product_cat","embeddable":true,"href":"https:\/\/www.profiautos.com.br\/novosite\/wp-json\/wp\/v2\/product_cat?post=870"},{"taxonomy":"product_tag","embeddable":true,"href":"https:\/\/www.profiautos.com.br\/novosite\/wp-json\/wp\/v2\/product_tag?post=870"}],"curies":[{"name":"wp","href":"https:\/\/api.w.org\/{rel}","templated":true}]}}