{"id":852,"date":"2017-05-12T14:20:23","date_gmt":"2017-05-12T17:20:23","guid":{"rendered":"http:\/\/www.profiautos.com.br\/novosite\/?post_type=product&#038;p=852"},"modified":"2020-08-18T12:34:59","modified_gmt":"2020-08-18T15:34:59","slug":"jogo-de-alicates-para-aneis-gedore","status":"publish","type":"product","link":"https:\/\/www.profiautos.com.br\/novosite\/produto\/jogo-de-alicates-para-aneis-gedore\/","title":{"rendered":"JOGO DE ALICATES PARA AN\u00c9IS"},"content":{"rendered":"<div>PARA INFORMA\u00c7\u00d5ES DE VALORES , (85) 9 8732-1854 OU (85) 3034-1103<\/div>\n<div>4 Pe\u00e7as:<\/div>\n<div>&#8211; 1 alicate para an\u00e9is externo, pontas retas<\/div>\n<div>&#8211; 1 alicate para an\u00e9is externo, pontas curvas 90\u00b0<\/div>\n<div>&#8211; 1 alicate para an\u00e9is interno, pontas retas<\/div>\n<div>&#8211; 1 alicate para an\u00e9is interno, pontas curvas 90\u00b0<\/div>\n","protected":false},"excerpt":{"rendered":"<p>PARA INFORMA\u00c7\u00d5ES DE VALORES , (85) 9 8732-1854 OU (85) 3034-1103 4 Pe\u00e7as: &#8211; 1 alicate para an\u00e9is externo, pontas retas &#8211; 1 alicate para an\u00e9is externo, pontas curvas 90\u00b0 &#8211; 1 alicate para an\u00e9is interno, pontas retas &#8211; 1 alicate para an\u00e9is interno, pontas curvas 90\u00b0<\/p>\n","protected":false},"featured_media":853,"template":"","meta":{"_exactmetrics_skip_tracking":false,"_exactmetrics_sitenote_active":false,"_exactmetrics_sitenote_note":"","_exactmetrics_sitenote_category":0},"product_cat":[28,19,30],"product_tag":[],"class_list":{"0":"post-852","1":"product","2":"type-product","3":"status-publish","4":"has-post-thumbnail","6":"product_cat-ar-condicionado","7":"product_cat-equipamentos-para-oficina","8":"product_cat-ferramentas","10":"first","11":"instock","12":"taxable","13":"shipping-taxable","14":"product-type-simple"},"_links":{"self":[{"href":"https:\/\/www.profiautos.com.br\/novosite\/wp-json\/wp\/v2\/product\/852"}],"collection":[{"href":"https:\/\/www.profiautos.com.br\/novosite\/wp-json\/wp\/v2\/product"}],"about":[{"href":"https:\/\/www.profiautos.com.br\/novosite\/wp-json\/wp\/v2\/types\/product"}],"wp:featuredmedia":[{"embeddable":true,"href":"https:\/\/www.profiautos.com.br\/novosite\/wp-json\/wp\/v2\/media\/853"}],"wp:attachment":[{"href":"https:\/\/www.profiautos.com.br\/novosite\/wp-json\/wp\/v2\/media?parent=852"}],"wp:term":[{"taxonomy":"product_cat","embeddable":true,"href":"https:\/\/www.profiautos.com.br\/novosite\/wp-json\/wp\/v2\/product_cat?post=852"},{"taxonomy":"product_tag","embeddable":true,"href":"https:\/\/www.profiautos.com.br\/novosite\/wp-json\/wp\/v2\/product_tag?post=852"}],"curies":[{"name":"wp","href":"https:\/\/api.w.org\/{rel}","templated":true}]}}