{"id":829,"date":"2017-05-05T17:18:45","date_gmt":"2017-05-05T20:18:45","guid":{"rendered":"http:\/\/www.profiautos.com.br\/novosite\/?post_type=product&#038;p=829"},"modified":"2020-08-18T11:42:15","modified_gmt":"2020-08-18T14:42:15","slug":"estilete-profissional","status":"publish","type":"product","link":"https:\/\/www.profiautos.com.br\/novosite\/produto\/estilete-profissional\/","title":{"rendered":"Estilete Profissional Black Jack"},"content":{"rendered":"<p>PARA INFORMA\u00c7\u00d5ES DE VALORES , (85) 9 8732-1854 OU (85) 3034-1103<\/p>\n<p>Nada de improvisar! O estilete \u00e9 a ferramenta certa para ajudar a desencapar fios, cortar um papel de parede com precis\u00e3o, ou at\u00e9 abrir uma caixa selada. Este produto n\u00e3o pode faltar na sua caixa de ferramentas.<\/p>\n<h5 class=\"\">Benef\u00edcios do Produto<\/h5>\n<p>&#8211; Corpo injetado.<br \/>\n&#8211; L\u00e2mina em a\u00e7o especial temperado.<br \/>\n&#8211; Estrutura interna de metal.<br \/>\n&#8211; Sistema de troca r\u00e1pida da l\u00e2mina.<br \/>\n&#8211; Compartimento para guardar l\u00e2minas extras.<br \/>\n&#8211; Sete l\u00e2minas extras.<br \/>\n&#8211; Empunhadura emborrachada.<br \/>\n&#8211; As ferramentas s\u00e3o submetidas a testes de aplica\u00e7\u00e3o pr\u00e1tica para garantir sua resist\u00eancia durante o uso.<br \/>\n&#8211; Estiletes profissionais, compactos e ergon\u00f4micos.<br \/>\n&#8211; Sistema de troca r\u00e1pida das l\u00e2minas.<br \/>\n&#8211; As ferramentas s\u00e3o produzidas e testadas conforme normas espec\u00edficas.<\/p>\n","protected":false},"excerpt":{"rendered":"<p>PARA INFORMA\u00c7\u00d5ES DE VALORES , (85) 9 8732-1854 OU (85) 3034-1103 Nada de improvisar! O estilete \u00e9 a ferramenta certa para ajudar a desencapar fios, cortar um papel de parede com precis\u00e3o, ou at\u00e9 abrir uma caixa selada. Este produto n\u00e3o pode faltar na sua caixa de ferramentas. Benef\u00edcios do Produto &#8211; Corpo injetado. &#8211; [&hellip;]<\/p>\n","protected":false},"featured_media":830,"template":"","meta":{"_exactmetrics_skip_tracking":false,"_exactmetrics_sitenote_active":false,"_exactmetrics_sitenote_note":"","_exactmetrics_sitenote_category":0},"product_cat":[46,47,19,30],"product_tag":[],"class_list":{"0":"post-829","1":"product","2":"type-product","3":"status-publish","4":"has-post-thumbnail","6":"product_cat-aplicacao-de-fume","7":"product_cat-envelopamento","8":"product_cat-equipamentos-para-oficina","9":"product_cat-ferramentas","11":"first","12":"instock","13":"taxable","14":"shipping-taxable","15":"product-type-simple"},"_links":{"self":[{"href":"https:\/\/www.profiautos.com.br\/novosite\/wp-json\/wp\/v2\/product\/829"}],"collection":[{"href":"https:\/\/www.profiautos.com.br\/novosite\/wp-json\/wp\/v2\/product"}],"about":[{"href":"https:\/\/www.profiautos.com.br\/novosite\/wp-json\/wp\/v2\/types\/product"}],"wp:featuredmedia":[{"embeddable":true,"href":"https:\/\/www.profiautos.com.br\/novosite\/wp-json\/wp\/v2\/media\/830"}],"wp:attachment":[{"href":"https:\/\/www.profiautos.com.br\/novosite\/wp-json\/wp\/v2\/media?parent=829"}],"wp:term":[{"taxonomy":"product_cat","embeddable":true,"href":"https:\/\/www.profiautos.com.br\/novosite\/wp-json\/wp\/v2\/product_cat?post=829"},{"taxonomy":"product_tag","embeddable":true,"href":"https:\/\/www.profiautos.com.br\/novosite\/wp-json\/wp\/v2\/product_tag?post=829"}],"curies":[{"name":"wp","href":"https:\/\/api.w.org\/{rel}","templated":true}]}}