{"id":826,"date":"2017-05-05T17:06:20","date_gmt":"2017-05-05T20:06:20","guid":{"rendered":"http:\/\/www.profiautos.com.br\/novosite\/?post_type=product&#038;p=826"},"modified":"2021-07-08T10:28:19","modified_gmt":"2021-07-08T13:28:19","slug":"massa-de-polir-base-agua","status":"publish","type":"product","link":"https:\/\/www.profiautos.com.br\/novosite\/produto\/massa-de-polir-base-agua\/","title":{"rendered":"Massa de Polir Base \u00c1gua"},"content":{"rendered":"<p>SOBRE O PRODUTO:<\/p>\n<p>Alto poder de corte.<br \/>\nExcelente rendimento e \u00f3timo acabamento.<br \/>\nN\u00e3o risca, n\u00e3o empasta a boina e n\u00e3o gruda em borrachas e pl\u00e1sticos.<br \/>\nUso em repintura ou na renova\u00e7\u00e3o de tintas oxidadas.<br \/>\nProduto aplicado com o aux\u00edlio de estopa ou boina para polimento, com politriz<\/p>\n","protected":false},"excerpt":{"rendered":"<p>SOBRE O PRODUTO: Alto poder de corte. Excelente rendimento e \u00f3timo acabamento. N\u00e3o risca, n\u00e3o empasta a boina e n\u00e3o gruda em borrachas e pl\u00e1sticos. Uso em repintura ou na renova\u00e7\u00e3o de tintas oxidadas. Produto aplicado com o aux\u00edlio de estopa ou boina para polimento, com politriz<\/p>\n","protected":false},"featured_media":828,"template":"","meta":{"_exactmetrics_skip_tracking":false,"_exactmetrics_sitenote_active":false,"_exactmetrics_sitenote_note":"","_exactmetrics_sitenote_category":0},"product_cat":[30,45],"product_tag":[],"class_list":{"0":"post-826","1":"product","2":"type-product","3":"status-publish","4":"has-post-thumbnail","6":"product_cat-ferramentas","7":"product_cat-polimento","9":"first","10":"instock","11":"taxable","12":"shipping-taxable","13":"product-type-simple"},"_links":{"self":[{"href":"https:\/\/www.profiautos.com.br\/novosite\/wp-json\/wp\/v2\/product\/826"}],"collection":[{"href":"https:\/\/www.profiautos.com.br\/novosite\/wp-json\/wp\/v2\/product"}],"about":[{"href":"https:\/\/www.profiautos.com.br\/novosite\/wp-json\/wp\/v2\/types\/product"}],"wp:featuredmedia":[{"embeddable":true,"href":"https:\/\/www.profiautos.com.br\/novosite\/wp-json\/wp\/v2\/media\/828"}],"wp:attachment":[{"href":"https:\/\/www.profiautos.com.br\/novosite\/wp-json\/wp\/v2\/media?parent=826"}],"wp:term":[{"taxonomy":"product_cat","embeddable":true,"href":"https:\/\/www.profiautos.com.br\/novosite\/wp-json\/wp\/v2\/product_cat?post=826"},{"taxonomy":"product_tag","embeddable":true,"href":"https:\/\/www.profiautos.com.br\/novosite\/wp-json\/wp\/v2\/product_tag?post=826"}],"curies":[{"name":"wp","href":"https:\/\/api.w.org\/{rel}","templated":true}]}}