{"id":824,"date":"2017-05-05T16:48:59","date_gmt":"2017-05-05T19:48:59","guid":{"rendered":"http:\/\/www.profiautos.com.br\/novosite\/?post_type=product&#038;p=824"},"modified":"2021-07-08T10:28:28","modified_gmt":"2021-07-08T13:28:28","slug":"taco-lixador-manual-grande","status":"publish","type":"product","link":"https:\/\/www.profiautos.com.br\/novosite\/produto\/taco-lixador-manual-grande\/","title":{"rendered":"Taco Lixador Manual Grande"},"content":{"rendered":"<p>Lixador grande<br \/>\nTaco de borracha<br \/>\nAcabamento fosfatizado<br \/>\nUtilizado como suporte de lixa d \u00e1gua ou ferro e para um melhor nivelamento de uma superf\u00edcie a ser disfar\u00e7ada<\/p>\n","protected":false},"excerpt":{"rendered":"<p>Lixador grande Taco de borracha Acabamento fosfatizado Utilizado como suporte de lixa d \u00e1gua ou ferro e para um melhor nivelamento de uma superf\u00edcie a ser disfar\u00e7ada<\/p>\n","protected":false},"featured_media":825,"template":"","meta":{"_exactmetrics_skip_tracking":false,"_exactmetrics_sitenote_active":false,"_exactmetrics_sitenote_note":"","_exactmetrics_sitenote_category":0},"product_cat":[19,30,45],"product_tag":[],"class_list":{"0":"post-824","1":"product","2":"type-product","3":"status-publish","4":"has-post-thumbnail","6":"product_cat-equipamentos-para-oficina","7":"product_cat-ferramentas","8":"product_cat-polimento","10":"first","11":"instock","12":"taxable","13":"shipping-taxable","14":"product-type-simple"},"_links":{"self":[{"href":"https:\/\/www.profiautos.com.br\/novosite\/wp-json\/wp\/v2\/product\/824"}],"collection":[{"href":"https:\/\/www.profiautos.com.br\/novosite\/wp-json\/wp\/v2\/product"}],"about":[{"href":"https:\/\/www.profiautos.com.br\/novosite\/wp-json\/wp\/v2\/types\/product"}],"wp:featuredmedia":[{"embeddable":true,"href":"https:\/\/www.profiautos.com.br\/novosite\/wp-json\/wp\/v2\/media\/825"}],"wp:attachment":[{"href":"https:\/\/www.profiautos.com.br\/novosite\/wp-json\/wp\/v2\/media?parent=824"}],"wp:term":[{"taxonomy":"product_cat","embeddable":true,"href":"https:\/\/www.profiautos.com.br\/novosite\/wp-json\/wp\/v2\/product_cat?post=824"},{"taxonomy":"product_tag","embeddable":true,"href":"https:\/\/www.profiautos.com.br\/novosite\/wp-json\/wp\/v2\/product_tag?post=824"}],"curies":[{"name":"wp","href":"https:\/\/api.w.org\/{rel}","templated":true}]}}