{"id":822,"date":"2017-05-05T16:22:19","date_gmt":"2017-05-05T19:22:19","guid":{"rendered":"http:\/\/www.profiautos.com.br\/novosite\/?post_type=product&#038;p=822"},"modified":"2020-08-18T16:06:22","modified_gmt":"2020-08-18T19:06:22","slug":"liquido-polidor-ultra-forte","status":"publish","type":"product","link":"https:\/\/www.profiautos.com.br\/novosite\/produto\/liquido-polidor-ultra-forte\/","title":{"rendered":"Liquido Polidor Ultra Forte"},"content":{"rendered":"<p>PARA INFORMA\u00c7\u00d5ES DE VALORES , (85) 9 8732-1854 OU (85) 3034-1103<\/p>\n<p>Recomendado para eliminar marcas de lixa (a partir do grana 1200), quando da remo\u00e7\u00e3o de imperfei\u00e7\u00f5es da pintura. Aplicar com politriz, podendo ser utilizado em qualquer tipo de pintura nova, para remo\u00e7\u00e3o de riscos leves. O uso deste produto \u00e9 exclusivo a profissionais devidamente treinados. Produto destinado especificamente para uso em superf\u00edcies de autom\u00f3veis.<\/p>\n<p>Composi\u00e7\u00e3o:<\/p>\n<p>Querosene, \u00f3leo mineral, abrasivos e \u00e1gua.<\/p>\n<p>Catalise e\/ou Dilui\u00e7\u00e3o:<\/p>\n<p>Produto pronto para uso.<\/p>\n<p>Aplica\u00e7\u00e3o:<\/p>\n<p>Superf\u00edcies novas com pequenas e leves imperfei\u00e7\u00f5es. Exclusivo para aplica\u00e7\u00e3o sobre superf\u00edcies met\u00e1licas de autom\u00f3veis.<\/p>\n<p>Secagem:<\/p>\n<p>Limpar a superf\u00edcie com pano limpo. Espalhe pequenas quantidades do produto sobre a superf\u00edcie com ajuda da boina e a politriz desligada. Exer\u00e7a for\u00e7a com a politriz em movimentos circulares. Posteriormente\u00a0 fa\u00e7a movimentos leves\u00a0 e r\u00e1pidos para garantir o brilho.<\/p>\n<p>Prepara\u00e7\u00e3o de Superf\u00edcie:<\/p>\n<p>N\u00e3o fazer o polimento com superf\u00edcie quente ou diretamente exposta ao sol. Aplicar manualmente em pequenas quantidades com estopa limpa e macias ou em algod\u00e3o para polimento. Espalhar em pequenas \u00e1reas sobre a pintura.Limpar a superf\u00edcie manualmente com flanela limpa at\u00e9 conseguir brilho intenso. Com a politriz, espalhar em pequenas \u00e1reas e polir\u00a0 utilizando apenas com o peso do equipamento.<\/p>\n<p>&nbsp;<\/p>\n<p>&nbsp;<\/p>\n","protected":false},"excerpt":{"rendered":"<p>PARA INFORMA\u00c7\u00d5ES DE VALORES , (85) 9 8732-1854 OU (85) 3034-1103 Recomendado para eliminar marcas de lixa (a partir do grana 1200), quando da remo\u00e7\u00e3o de imperfei\u00e7\u00f5es da pintura. Aplicar com politriz, podendo ser utilizado em qualquer tipo de pintura nova, para remo\u00e7\u00e3o de riscos leves. O uso deste produto \u00e9 exclusivo a profissionais devidamente [&hellip;]<\/p>\n","protected":false},"featured_media":823,"template":"","meta":{"_exactmetrics_skip_tracking":false,"_exactmetrics_sitenote_active":false,"_exactmetrics_sitenote_note":"","_exactmetrics_sitenote_category":0},"product_cat":[19,30,45],"product_tag":[],"class_list":{"0":"post-822","1":"product","2":"type-product","3":"status-publish","4":"has-post-thumbnail","6":"product_cat-equipamentos-para-oficina","7":"product_cat-ferramentas","8":"product_cat-polimento","10":"first","11":"instock","12":"taxable","13":"shipping-taxable","14":"product-type-simple"},"_links":{"self":[{"href":"https:\/\/www.profiautos.com.br\/novosite\/wp-json\/wp\/v2\/product\/822"}],"collection":[{"href":"https:\/\/www.profiautos.com.br\/novosite\/wp-json\/wp\/v2\/product"}],"about":[{"href":"https:\/\/www.profiautos.com.br\/novosite\/wp-json\/wp\/v2\/types\/product"}],"wp:featuredmedia":[{"embeddable":true,"href":"https:\/\/www.profiautos.com.br\/novosite\/wp-json\/wp\/v2\/media\/823"}],"wp:attachment":[{"href":"https:\/\/www.profiautos.com.br\/novosite\/wp-json\/wp\/v2\/media?parent=822"}],"wp:term":[{"taxonomy":"product_cat","embeddable":true,"href":"https:\/\/www.profiautos.com.br\/novosite\/wp-json\/wp\/v2\/product_cat?post=822"},{"taxonomy":"product_tag","embeddable":true,"href":"https:\/\/www.profiautos.com.br\/novosite\/wp-json\/wp\/v2\/product_tag?post=822"}],"curies":[{"name":"wp","href":"https:\/\/api.w.org\/{rel}","templated":true}]}}