{"id":810,"date":"2017-05-05T15:19:40","date_gmt":"2017-05-05T18:19:40","guid":{"rendered":"http:\/\/www.profiautos.com.br\/novosite\/?post_type=product&#038;p=810"},"modified":"2020-08-18T16:14:35","modified_gmt":"2020-08-18T19:14:35","slug":"boina-dupla-face-8-branca","status":"publish","type":"product","link":"https:\/\/www.profiautos.com.br\/novosite\/produto\/boina-dupla-face-8-branca\/","title":{"rendered":"Boina dupla face 8&#8243; branca"},"content":{"rendered":"<div id=\"descricao\">\n<div>\n<p>PARA INFORMA\u00c7\u00d5ES DE VALORES , (85) 9 8732-1854 OU (85) 3034-1103<\/p>\n<p>&nbsp;<\/p>\n<\/div>\n<div class=\"texto\">Conte\u00fado da Embalagem: 1 Boina de l\u00e3<br \/>\nUtilizada em politriz para polimentos em pinturas claras. Antes de usar a boina dupla face, certifique-se de instalar o adaptador apropriado (rosca f\u00eamea M14 de um lado e rosca macho 5\/8&#8243; do outro lado &#8211; n\u00e3o acompanha). Para uso da boina na politriz, rosqueie a boina at\u00e9 o final da rosca. A rota\u00e7\u00e3o da politriz durante o uso dever\u00e1 estar entre 1.400 rpm e 2.000 rpm.<br \/>\nFios de leg\u00edtima l\u00e3 de carneiro<\/div>\n<\/div>\n<div id=\"descricao\">\n<div class=\"titulo\">Especifica\u00e7\u00f5es T\u00e9cnicas<\/div>\n<\/div>\n","protected":false},"excerpt":{"rendered":"<p>PARA INFORMA\u00c7\u00d5ES DE VALORES , (85) 9 8732-1854 OU (85) 3034-1103 &nbsp; Conte\u00fado da Embalagem: 1 Boina de l\u00e3 Utilizada em politriz para polimentos em pinturas claras. Antes de usar a boina dupla face, certifique-se de instalar o adaptador apropriado (rosca f\u00eamea M14 de um lado e rosca macho 5\/8&#8243; do outro lado &#8211; n\u00e3o [&hellip;]<\/p>\n","protected":false},"featured_media":811,"template":"","meta":{"_exactmetrics_skip_tracking":false,"_exactmetrics_sitenote_active":false,"_exactmetrics_sitenote_note":"","_exactmetrics_sitenote_category":0},"product_cat":[19,30,45],"product_tag":[],"class_list":{"0":"post-810","1":"product","2":"type-product","3":"status-publish","4":"has-post-thumbnail","6":"product_cat-equipamentos-para-oficina","7":"product_cat-ferramentas","8":"product_cat-polimento","10":"first","11":"instock","12":"taxable","13":"shipping-taxable","14":"product-type-simple"},"_links":{"self":[{"href":"https:\/\/www.profiautos.com.br\/novosite\/wp-json\/wp\/v2\/product\/810"}],"collection":[{"href":"https:\/\/www.profiautos.com.br\/novosite\/wp-json\/wp\/v2\/product"}],"about":[{"href":"https:\/\/www.profiautos.com.br\/novosite\/wp-json\/wp\/v2\/types\/product"}],"wp:featuredmedia":[{"embeddable":true,"href":"https:\/\/www.profiautos.com.br\/novosite\/wp-json\/wp\/v2\/media\/811"}],"wp:attachment":[{"href":"https:\/\/www.profiautos.com.br\/novosite\/wp-json\/wp\/v2\/media?parent=810"}],"wp:term":[{"taxonomy":"product_cat","embeddable":true,"href":"https:\/\/www.profiautos.com.br\/novosite\/wp-json\/wp\/v2\/product_cat?post=810"},{"taxonomy":"product_tag","embeddable":true,"href":"https:\/\/www.profiautos.com.br\/novosite\/wp-json\/wp\/v2\/product_tag?post=810"}],"curies":[{"name":"wp","href":"https:\/\/api.w.org\/{rel}","templated":true}]}}