{"id":808,"date":"2017-05-05T15:08:54","date_gmt":"2017-05-05T18:08:54","guid":{"rendered":"http:\/\/www.profiautos.com.br\/novosite\/?post_type=product&#038;p=808"},"modified":"2021-07-08T10:29:18","modified_gmt":"2021-07-08T13:29:18","slug":"coletor-de-oleo-50-litros-vermelho-com-rodas","status":"publish","type":"product","link":"https:\/\/www.profiautos.com.br\/novosite\/produto\/coletor-de-oleo-50-litros-vermelho-com-rodas\/","title":{"rendered":"Coletor de \u00d3leo 50 Litros Vermelho com Rodas"},"content":{"rendered":"<p>&#8211; Coletor de \u00f3leo com bacia coletora de altura regul\u00e1vel<br \/>\n&#8211; Reservat\u00f3rio em a\u00e7o com capacidade de 50 litros<br \/>\n&#8211; Equipado com carrinho refor\u00e7ado de duas rodas<\/p>\n<p>&#8211;<strong> Dimens\u00f5es:<\/strong><br \/>\n:: Largura: 440 mm<br \/>\n:: Altura: 1300 mm<strong><br \/>\n<\/strong><br \/>\n&#8211; Marca: <strong>COBEL<\/strong><\/p>\n<p>Ref.COBEL-130M<\/p>\n","protected":false},"excerpt":{"rendered":"<p>&#8211; Coletor de \u00f3leo com bacia coletora de altura regul\u00e1vel &#8211; Reservat\u00f3rio em a\u00e7o com capacidade de 50 litros &#8211; Equipado com carrinho refor\u00e7ado de duas rodas &#8211; Dimens\u00f5es: :: Largura: 440 mm :: Altura: 1300 mm &#8211; Marca: COBEL Ref.COBEL-130M<\/p>\n","protected":false},"featured_media":809,"template":"","meta":{"_exactmetrics_skip_tracking":false,"_exactmetrics_sitenote_active":false,"_exactmetrics_sitenote_note":"","_exactmetrics_sitenote_category":0},"product_cat":[19,30,27],"product_tag":[],"class_list":{"0":"post-808","1":"product","2":"type-product","3":"status-publish","4":"has-post-thumbnail","6":"product_cat-equipamentos-para-oficina","7":"product_cat-ferramentas","8":"product_cat-oleo","10":"first","11":"instock","12":"taxable","13":"shipping-taxable","14":"product-type-simple"},"_links":{"self":[{"href":"https:\/\/www.profiautos.com.br\/novosite\/wp-json\/wp\/v2\/product\/808"}],"collection":[{"href":"https:\/\/www.profiautos.com.br\/novosite\/wp-json\/wp\/v2\/product"}],"about":[{"href":"https:\/\/www.profiautos.com.br\/novosite\/wp-json\/wp\/v2\/types\/product"}],"wp:featuredmedia":[{"embeddable":true,"href":"https:\/\/www.profiautos.com.br\/novosite\/wp-json\/wp\/v2\/media\/809"}],"wp:attachment":[{"href":"https:\/\/www.profiautos.com.br\/novosite\/wp-json\/wp\/v2\/media?parent=808"}],"wp:term":[{"taxonomy":"product_cat","embeddable":true,"href":"https:\/\/www.profiautos.com.br\/novosite\/wp-json\/wp\/v2\/product_cat?post=808"},{"taxonomy":"product_tag","embeddable":true,"href":"https:\/\/www.profiautos.com.br\/novosite\/wp-json\/wp\/v2\/product_tag?post=808"}],"curies":[{"name":"wp","href":"https:\/\/api.w.org\/{rel}","templated":true}]}}