{"id":801,"date":"2017-05-05T14:39:13","date_gmt":"2017-05-05T17:39:13","guid":{"rendered":"http:\/\/www.profiautos.com.br\/novosite\/?post_type=product&#038;p=801"},"modified":"2020-08-18T16:14:47","modified_gmt":"2020-08-18T19:14:47","slug":"injetor-de-sinal-e-simulador-do-sensor-de-rotacao","status":"publish","type":"product","link":"https:\/\/www.profiautos.com.br\/novosite\/produto\/injetor-de-sinal-e-simulador-do-sensor-de-rotacao\/","title":{"rendered":"Injetor de Sinal"},"content":{"rendered":"<p>PARA INFORMA\u00c7\u00d5ES DE VALORES , (85) 9 8732-1854 OU (85) 3034-1103<\/p>\n<p>&nbsp;<\/p>\n<p>\u2022 <strong>Constitu\u00eddo por:<\/strong><br \/>\n&#8211; 1 M\u00f3dulo eletr\u00f4nico<br \/>\n&#8211; 1 Caixa para acomoda\u00e7\u00e3o<br \/>\n&#8211; 1 Manual de instru\u00e7\u00f5es<br \/>\n&#8211; 2 Pontas de prova para testes<\/p>\n","protected":false},"excerpt":{"rendered":"<p>PARA INFORMA\u00c7\u00d5ES DE VALORES , (85) 9 8732-1854 OU (85) 3034-1103 &nbsp; \u2022 Constitu\u00eddo por: &#8211; 1 M\u00f3dulo eletr\u00f4nico &#8211; 1 Caixa para acomoda\u00e7\u00e3o &#8211; 1 Manual de instru\u00e7\u00f5es &#8211; 2 Pontas de prova para testes<\/p>\n","protected":false},"featured_media":908,"template":"","meta":{"_exactmetrics_skip_tracking":false,"_exactmetrics_sitenote_active":false,"_exactmetrics_sitenote_note":"","_exactmetrics_sitenote_category":0},"product_cat":[19,30,21,49],"product_tag":[],"class_list":{"0":"post-801","1":"product","2":"type-product","3":"status-publish","4":"has-post-thumbnail","6":"product_cat-equipamentos-para-oficina","7":"product_cat-ferramentas","8":"product_cat-injecao-eletronica","9":"product_cat-injecao-eletronica-motos","11":"first","12":"instock","13":"taxable","14":"shipping-taxable","15":"product-type-simple"},"_links":{"self":[{"href":"https:\/\/www.profiautos.com.br\/novosite\/wp-json\/wp\/v2\/product\/801"}],"collection":[{"href":"https:\/\/www.profiautos.com.br\/novosite\/wp-json\/wp\/v2\/product"}],"about":[{"href":"https:\/\/www.profiautos.com.br\/novosite\/wp-json\/wp\/v2\/types\/product"}],"wp:featuredmedia":[{"embeddable":true,"href":"https:\/\/www.profiautos.com.br\/novosite\/wp-json\/wp\/v2\/media\/908"}],"wp:attachment":[{"href":"https:\/\/www.profiautos.com.br\/novosite\/wp-json\/wp\/v2\/media?parent=801"}],"wp:term":[{"taxonomy":"product_cat","embeddable":true,"href":"https:\/\/www.profiautos.com.br\/novosite\/wp-json\/wp\/v2\/product_cat?post=801"},{"taxonomy":"product_tag","embeddable":true,"href":"https:\/\/www.profiautos.com.br\/novosite\/wp-json\/wp\/v2\/product_tag?post=801"}],"curies":[{"name":"wp","href":"https:\/\/api.w.org\/{rel}","templated":true}]}}