{"id":792,"date":"2017-05-05T12:33:10","date_gmt":"2017-05-05T15:33:10","guid":{"rendered":"http:\/\/www.profiautos.com.br\/novosite\/?post_type=product&#038;p=792"},"modified":"2020-08-18T16:15:11","modified_gmt":"2020-08-18T19:15:11","slug":"extrator-de-conector-pop-top-para-filtro-de-combustivel","status":"publish","type":"product","link":"https:\/\/www.profiautos.com.br\/novosite\/produto\/extrator-de-conector-pop-top-para-filtro-de-combustivel\/","title":{"rendered":"Extrator de Conector Pop-Top para Filtro de Combust\u00edvel"},"content":{"rendered":"<p>PARA INFORMA\u00c7\u00d5ES DE VALORES , (85) 9 8732-1854 OU (85) 3034-1103<\/p>\n<p>&nbsp;<\/p>\n<p>&#8211; Extrator de conector pop-top para filtro de combust\u00edvel<br \/>\n&#8211; Fabricado em nylon com fibra<\/p>\n<p>&#8211; Marca:\u00a0<strong>KITEST<\/strong><\/p>\n","protected":false},"excerpt":{"rendered":"<p>PARA INFORMA\u00c7\u00d5ES DE VALORES , (85) 9 8732-1854 OU (85) 3034-1103 &nbsp; &#8211; Extrator de conector pop-top para filtro de combust\u00edvel &#8211; Fabricado em nylon com fibra &#8211; Marca:\u00a0KITEST<\/p>\n","protected":false},"featured_media":793,"template":"","meta":{"_exactmetrics_skip_tracking":false,"_exactmetrics_sitenote_active":false,"_exactmetrics_sitenote_note":"","_exactmetrics_sitenote_category":0},"product_cat":[19,30,21,49],"product_tag":[],"class_list":{"0":"post-792","1":"product","2":"type-product","3":"status-publish","4":"has-post-thumbnail","6":"product_cat-equipamentos-para-oficina","7":"product_cat-ferramentas","8":"product_cat-injecao-eletronica","9":"product_cat-injecao-eletronica-motos","11":"first","12":"instock","13":"taxable","14":"shipping-taxable","15":"product-type-simple"},"_links":{"self":[{"href":"https:\/\/www.profiautos.com.br\/novosite\/wp-json\/wp\/v2\/product\/792"}],"collection":[{"href":"https:\/\/www.profiautos.com.br\/novosite\/wp-json\/wp\/v2\/product"}],"about":[{"href":"https:\/\/www.profiautos.com.br\/novosite\/wp-json\/wp\/v2\/types\/product"}],"wp:featuredmedia":[{"embeddable":true,"href":"https:\/\/www.profiautos.com.br\/novosite\/wp-json\/wp\/v2\/media\/793"}],"wp:attachment":[{"href":"https:\/\/www.profiautos.com.br\/novosite\/wp-json\/wp\/v2\/media?parent=792"}],"wp:term":[{"taxonomy":"product_cat","embeddable":true,"href":"https:\/\/www.profiautos.com.br\/novosite\/wp-json\/wp\/v2\/product_cat?post=792"},{"taxonomy":"product_tag","embeddable":true,"href":"https:\/\/www.profiautos.com.br\/novosite\/wp-json\/wp\/v2\/product_tag?post=792"}],"curies":[{"name":"wp","href":"https:\/\/api.w.org\/{rel}","templated":true}]}}