{"id":742,"date":"2022-04-04T13:00:06","date_gmt":"2022-04-04T16:00:06","guid":{"rendered":"http:\/\/www.profiautos.com.br\/novosite\/?post_type=product&#038;p=742"},"modified":"2025-10-29T17:20:35","modified_gmt":"2025-10-29T20:20:35","slug":"troca-de-oleo-e-lubrificantes","status":"publish","type":"product","link":"https:\/\/www.profiautos.com.br\/novosite\/produto\/troca-de-oleo-e-lubrificantes\/","title":{"rendered":"TROCA DE \u00d3LEO E LUBRIFICANTES"},"content":{"rendered":"<p><strong>TROCA DE \u00d3LEO E LUBRIFICANTES<\/strong><\/p>\n<p><strong>Conte\u00fado Program\u00e1tico:<\/strong><\/p>\n<ul>\n<li>Apresenta\u00e7\u00e3o e Troca dos Diversos Tipos de Lubrificantes Usados no Motor;<\/li>\n<li>Apresenta\u00e7\u00e3o e Troca dos Diversos Tipos de Filtros de \u00d3leo do Motor;<\/li>\n<li>Apresenta\u00e7\u00e3o e Troca do \u00d3leo da Caixa de Marcha;<\/li>\n<li>Troca do Filtro de Combust\u00edvel e de \u00d3leo do Motor no Ve\u00edculo;<\/li>\n<li>Uso da Sugadora de \u00d3leo Para Troca;<\/li>\n<li>Troca do Filtro de \u00d3leo e do Filtro de Cabine;<\/li>\n<li>Uso do Cat\u00e1logo de Lubrificantes.<\/li>\n<\/ul>\n<p><b>Du10ra\u00e7\u00e3o: <\/b>1 Semana (10hrs);<\/p>\n<p class=\"western\" align=\"justify\"><b>Hor\u00e1rio:<\/b> Ter\u00e7a-feira a Quarta-feira (08:00 \u00e1s 13:00);<\/p>\n<p class=\"western\" align=\"justify\"><b>Inicio Previsto:<\/b> 25\/11\/2025<\/p>\n<p class=\"western\" align=\"justify\"><b>Incluso:<\/b> Material Did\u00e1tico e Certificado de Qualifica\u00e7\u00e3o;<\/p>\n<p class=\"western\" align=\"justify\"><b>Formas de Pagamento:<\/b> A vista ou at\u00e9 3x sem juros no Cart\u00e3o de Cr\u00e9dito.<\/p>\n","protected":false},"excerpt":{"rendered":"<p>TROCA DE \u00d3LEO E LUBRIFICANTES Conte\u00fado Program\u00e1tico: Apresenta\u00e7\u00e3o e Troca dos Diversos Tipos de Lubrificantes Usados no Motor; Apresenta\u00e7\u00e3o e Troca dos Diversos Tipos de Filtros de \u00d3leo do Motor; Apresenta\u00e7\u00e3o e Troca do \u00d3leo da Caixa de Marcha; Troca do Filtro de Combust\u00edvel e de \u00d3leo do Motor no Ve\u00edculo; Uso da Sugadora de [&hellip;]<\/p>\n","protected":false},"featured_media":926,"template":"","meta":{"_exactmetrics_skip_tracking":false,"_exactmetrics_sitenote_active":false,"_exactmetrics_sitenote_note":"","_exactmetrics_sitenote_category":0},"product_cat":[8,14],"product_tag":[],"class_list":{"0":"post-742","1":"product","2":"type-product","3":"status-publish","4":"has-post-thumbnail","6":"product_cat-cursos-automotivos","7":"product_cat-cursos-com-matriculas-abertas","9":"first","10":"instock","11":"taxable","12":"shipping-taxable","13":"purchasable","14":"product-type-simple"},"_links":{"self":[{"href":"https:\/\/www.profiautos.com.br\/novosite\/wp-json\/wp\/v2\/product\/742"}],"collection":[{"href":"https:\/\/www.profiautos.com.br\/novosite\/wp-json\/wp\/v2\/product"}],"about":[{"href":"https:\/\/www.profiautos.com.br\/novosite\/wp-json\/wp\/v2\/types\/product"}],"wp:featuredmedia":[{"embeddable":true,"href":"https:\/\/www.profiautos.com.br\/novosite\/wp-json\/wp\/v2\/media\/926"}],"wp:attachment":[{"href":"https:\/\/www.profiautos.com.br\/novosite\/wp-json\/wp\/v2\/media?parent=742"}],"wp:term":[{"taxonomy":"product_cat","embeddable":true,"href":"https:\/\/www.profiautos.com.br\/novosite\/wp-json\/wp\/v2\/product_cat?post=742"},{"taxonomy":"product_tag","embeddable":true,"href":"https:\/\/www.profiautos.com.br\/novosite\/wp-json\/wp\/v2\/product_tag?post=742"}],"curies":[{"name":"wp","href":"https:\/\/api.w.org\/{rel}","templated":true}]}}