{"id":740,"date":"2022-04-04T13:00:55","date_gmt":"2022-04-04T16:00:55","guid":{"rendered":"http:\/\/www.profiautos.com.br\/novosite\/?post_type=product&#038;p=740"},"modified":"2026-03-28T13:20:21","modified_gmt":"2026-03-28T16:20:21","slug":"envelopamento","status":"publish","type":"product","link":"https:\/\/www.profiautos.com.br\/novosite\/produto\/envelopamento\/","title":{"rendered":"ENVELOPAMENTO"},"content":{"rendered":"<p><strong>ENVELOPAMENTO<\/strong><\/p>\n<p><strong>Objetivo:<\/strong> Formar profissionais na \u00e1rea de envelopamento veicular, motos e eletrodom\u00e9sticos.<\/p>\n<p><strong>Conte\u00fado Program\u00e1tico:<\/strong><\/p>\n<ul>\n<li>Processo;<\/li>\n<li>Aplica\u00e7\u00e3o;<\/li>\n<li>Material;<\/li>\n<li>Adesivo;<\/li>\n<li>Acabamento;<\/li>\n<li>Ferramentas.<\/li>\n<\/ul>\n<p class=\"western\" align=\"justify\"><b>Dura\u00e7\u00e3o:<\/b>\u00a01 semana e 6 dias (15 hrs);<\/p>\n<p class=\"western\" align=\"justify\"><b>Hor\u00e1rio das aulas:<\/b> Segunda-feira \u00e0 Quinta-feira (19:00 \u00e0s 21:30);<\/p>\n<p class=\"western\" align=\"justify\"><b>Incluso:<\/b> Material Did\u00e1tico e Certificado de Participa\u00e7\u00e3o;<\/p>\n<p align=\"justify\"><strong>Per\u00edodo:<\/strong> 01\/09\/2025 (Previs\u00e3o);<\/p>\n<p class=\"western\" align=\"justify\"><b>Formas de Pagamento:<\/b> A vista ou at\u00e9 3x sem juros no Cart\u00e3o de Cr\u00e9dito.<\/p>\n","protected":false},"excerpt":{"rendered":"<p>ENVELOPAMENTO Objetivo: Formar profissionais na \u00e1rea de envelopamento veicular, motos e eletrodom\u00e9sticos. Conte\u00fado Program\u00e1tico: Processo; Aplica\u00e7\u00e3o; Material; Adesivo; Acabamento; Ferramentas. Dura\u00e7\u00e3o:\u00a01 semana e 6 dias (15 hrs); Hor\u00e1rio das aulas: Segunda-feira \u00e0 Quinta-feira (19:00 \u00e0s 21:30); Incluso: Material Did\u00e1tico e Certificado de Participa\u00e7\u00e3o; Per\u00edodo: 01\/09\/2025 (Previs\u00e3o); Formas de Pagamento: A vista ou at\u00e9 3x sem [&hellip;]<\/p>\n","protected":false},"featured_media":3458,"template":"","meta":{"_exactmetrics_skip_tracking":false,"_exactmetrics_sitenote_active":false,"_exactmetrics_sitenote_note":"","_exactmetrics_sitenote_category":0},"product_cat":[8,14,10,44],"product_tag":[],"class_list":{"0":"post-740","1":"product","2":"type-product","3":"status-publish","4":"has-post-thumbnail","6":"product_cat-cursos-automotivos","7":"product_cat-cursos-com-matriculas-abertas","8":"product_cat-cursos-de-motocicletas","9":"product_cat-treinamentos-domesticos","11":"first","12":"instock","13":"taxable","14":"shipping-taxable","15":"purchasable","16":"product-type-simple"},"_links":{"self":[{"href":"https:\/\/www.profiautos.com.br\/novosite\/wp-json\/wp\/v2\/product\/740"}],"collection":[{"href":"https:\/\/www.profiautos.com.br\/novosite\/wp-json\/wp\/v2\/product"}],"about":[{"href":"https:\/\/www.profiautos.com.br\/novosite\/wp-json\/wp\/v2\/types\/product"}],"wp:featuredmedia":[{"embeddable":true,"href":"https:\/\/www.profiautos.com.br\/novosite\/wp-json\/wp\/v2\/media\/3458"}],"wp:attachment":[{"href":"https:\/\/www.profiautos.com.br\/novosite\/wp-json\/wp\/v2\/media?parent=740"}],"wp:term":[{"taxonomy":"product_cat","embeddable":true,"href":"https:\/\/www.profiautos.com.br\/novosite\/wp-json\/wp\/v2\/product_cat?post=740"},{"taxonomy":"product_tag","embeddable":true,"href":"https:\/\/www.profiautos.com.br\/novosite\/wp-json\/wp\/v2\/product_tag?post=740"}],"curies":[{"name":"wp","href":"https:\/\/api.w.org\/{rel}","templated":true}]}}