{"id":724,"date":"2022-04-04T13:00:53","date_gmt":"2022-04-04T16:00:53","guid":{"rendered":"http:\/\/www.profiautos.com.br\/novosite\/?post_type=product&#038;p=724"},"modified":"2023-01-12T09:40:35","modified_gmt":"2023-01-12T12:40:35","slug":"pintura-hidrografica","status":"publish","type":"product","link":"https:\/\/www.profiautos.com.br\/novosite\/produto\/pintura-hidrografica\/","title":{"rendered":"PINTURA HIDROGR\u00c1FICA"},"content":{"rendered":"<p><strong>PINTURA HIDROGR\u00c1FICA<\/strong><\/p>\n<p><strong>Conte\u00fado Program\u00e1tico:<\/strong><\/p>\n<ul>\n<li>HIST\u00d3RIA DA PINTURA HIDROGR\u00c1FICA;<\/li>\n<li>O QUE PRECISO PARA TRABALHAR COM A PINTURA HIDROGR\u00c1FICA;<\/li>\n<li>QUE TIPOS DE MATERIAIS QUE POSSO USAR PINTURA HIDROGR\u00c1FICA;<\/li>\n<li>CONCEITOS DE PINTURA AUTOMOTIVA;<\/li>\n<li>COMO PREPARAR DIFERENTES SUBSTRATOS: METAIS, PL\u00c1STICOS;<\/li>\n<li>COMO REALIZAR PINTURA EM PE\u00c7AS MET\u00c1LICAS E PL\u00c1STICAS DE FORMA CORRETA;<\/li>\n<li>QUAL LADO DA PEL\u00cdCULA \u00c9 VIRADO PARA \u00c1GUA;<\/li>\n<li>COMO APLICAR O ATIVADOR CORRETAMENTE;<\/li>\n<li>COMO SABER SE A QUANTIDADE DE ATIVADOR APLICADA EST\u00c1 CORRETA;<\/li>\n<li>AS CONSEQU\u00caNCIAS DA APLICA\u00c7\u00c3O INCORRETA DO ATIVADOR;<\/li>\n<li>APLICA\u00c7\u00c3O DO VERNIZ, TIPOS DE VERNIZ;<\/li>\n<li>QUANTO DEVO COBRAR PELO SERVI\u00c7O REALIZADO.<\/li>\n<\/ul>\n<p>&nbsp;<\/p>\n<p><strong>Dura\u00e7\u00e3o:<\/strong>\u00a01 semana (10 hrs);<\/p>\n<p><strong>Hor\u00e1rio:<\/strong>\u00a0Segunda-feira \u00e0 Quinta-feira (19:00 \u00e0s 21:30);<\/p>\n<p><strong>Data de In\u00edcio:<\/strong>\u00a0FORMA\u00c7\u00c3O (Previs\u00e3o);<\/p>\n<p><strong>Incluso:<\/strong> Material Did\u00e1tico e Certificado de Participa\u00e7\u00e3o;<\/p>\n<p><strong>Formas de Pagamento: <\/strong>A vista ou\u00a0no cart\u00e3o em at\u00e9 3x sem juros no Cart\u00e3o de Cr\u00e9dito.<\/p>\n","protected":false},"excerpt":{"rendered":"<p>PINTURA HIDROGR\u00c1FICA Conte\u00fado Program\u00e1tico: HIST\u00d3RIA DA PINTURA HIDROGR\u00c1FICA; O QUE PRECISO PARA TRABALHAR COM A PINTURA HIDROGR\u00c1FICA; QUE TIPOS DE MATERIAIS QUE POSSO USAR PINTURA HIDROGR\u00c1FICA; CONCEITOS DE PINTURA AUTOMOTIVA; COMO PREPARAR DIFERENTES SUBSTRATOS: METAIS, PL\u00c1STICOS; COMO REALIZAR PINTURA EM PE\u00c7AS MET\u00c1LICAS E PL\u00c1STICAS DE FORMA CORRETA; QUAL LADO DA PEL\u00cdCULA \u00c9 VIRADO PARA \u00c1GUA; [&hellip;]<\/p>\n","protected":false},"featured_media":3445,"template":"","meta":{"_exactmetrics_skip_tracking":false,"_exactmetrics_sitenote_active":false,"_exactmetrics_sitenote_note":"","_exactmetrics_sitenote_category":0},"product_cat":[8,14,11],"product_tag":[],"class_list":{"0":"post-724","1":"product","2":"type-product","3":"status-publish","4":"has-post-thumbnail","6":"product_cat-cursos-automotivos","7":"product_cat-cursos-com-matriculas-abertas","8":"product_cat-treinamento","10":"first","11":"instock","12":"taxable","13":"shipping-taxable","14":"purchasable","15":"product-type-simple"},"_links":{"self":[{"href":"https:\/\/www.profiautos.com.br\/novosite\/wp-json\/wp\/v2\/product\/724"}],"collection":[{"href":"https:\/\/www.profiautos.com.br\/novosite\/wp-json\/wp\/v2\/product"}],"about":[{"href":"https:\/\/www.profiautos.com.br\/novosite\/wp-json\/wp\/v2\/types\/product"}],"wp:featuredmedia":[{"embeddable":true,"href":"https:\/\/www.profiautos.com.br\/novosite\/wp-json\/wp\/v2\/media\/3445"}],"wp:attachment":[{"href":"https:\/\/www.profiautos.com.br\/novosite\/wp-json\/wp\/v2\/media?parent=724"}],"wp:term":[{"taxonomy":"product_cat","embeddable":true,"href":"https:\/\/www.profiautos.com.br\/novosite\/wp-json\/wp\/v2\/product_cat?post=724"},{"taxonomy":"product_tag","embeddable":true,"href":"https:\/\/www.profiautos.com.br\/novosite\/wp-json\/wp\/v2\/product_tag?post=724"}],"curies":[{"name":"wp","href":"https:\/\/api.w.org\/{rel}","templated":true}]}}