{"id":57,"date":"2022-04-04T13:00:00","date_gmt":"2022-04-04T16:00:00","guid":{"rendered":"http:\/\/www.profiautos.com.br\/novosite\/?post_type=product&#038;p=57"},"modified":"2026-04-01T12:17:39","modified_gmt":"2026-04-01T15:17:39","slug":"eletricidade-veicular","status":"publish","type":"product","link":"https:\/\/www.profiautos.com.br\/novosite\/produto\/eletricidade-veicular\/","title":{"rendered":"ELETRICIDADE VEICULAR"},"content":{"rendered":"<p class=\"western\" align=\"justify\"><b>ELETRICIDADE VEICULAR<\/b><\/p>\n<p class=\"western\" align=\"justify\"><b>Objetivo:<\/b> Capacitar jovens e adultos que j\u00e1 atuam ou pretendem atuar na \u00e1rea de Eletricidade Veicular.<\/p>\n<p class=\"western\" align=\"justify\"><b>Conte\u00fado Program\u00e1tico:<\/b><\/p>\n<ul>\n<li class=\"western\">Utiliza\u00e7\u00e3o<b> <\/b>do Mult\u00edmetro;<\/li>\n<li class=\"western\">Medi\u00e7\u00e3o e Teste do Circuito El\u00e9trico;<\/li>\n<li class=\"western\">Bateria, Alternador e Motores de Partida;<\/li>\n<li class=\"western\">Circuito de Ilumina\u00e7\u00e3o e Sinaliza\u00e7\u00e3o;<\/li>\n<li class=\"western\">Teste de Rel\u00e9s, Esquema El\u00e9trico;<\/li>\n<li class=\"western\">Sistema de Carga e Partida 12 V e 24 V;<\/li>\n<li class=\"western\">Tens\u00e3o El\u00e9trica;<\/li>\n<li class=\"western\">Resist\u00eancia El\u00e9trica;<\/li>\n<li class=\"western\">Corrente El\u00e9trica.<\/li>\n<\/ul>\n<p class=\"western\" align=\"justify\"><b>Dura\u00e7\u00e3o:<\/b> 4 semanas (40 hrs);<\/p>\n<p class=\"western\" align=\"justify\"><b>Hor\u00e1rio das Aulas:<\/b> Segunda-feira \u00e0 Quinta-feira (19:00 \u00e0s 21:30);<\/p>\n<p class=\"western\" align=\"justify\"><strong>Per\u00edodo: <\/strong>19\/01\/2026<\/p>\n<p class=\"western\" align=\"justify\"><b>Incluso:<\/b> Material Did\u00e1tico e Certificado de Participa\u00e7\u00e3o;<\/p>\n<p class=\"western\" align=\"justify\"><b>Formas de Pagamento:<\/b> A vista ou at\u00e9 3x sem juros no Cart\u00e3o de Cr\u00e9dito.<\/p>\n","protected":false},"excerpt":{"rendered":"<p>ELETRICIDADE VEICULAR Objetivo: Capacitar jovens e adultos que j\u00e1 atuam ou pretendem atuar na \u00e1rea de Eletricidade Veicular. Conte\u00fado Program\u00e1tico: Utiliza\u00e7\u00e3o do Mult\u00edmetro; Medi\u00e7\u00e3o e Teste do Circuito El\u00e9trico; Bateria, Alternador e Motores de Partida; Circuito de Ilumina\u00e7\u00e3o e Sinaliza\u00e7\u00e3o; Teste de Rel\u00e9s, Esquema El\u00e9trico; Sistema de Carga e Partida 12 V e 24 V; [&hellip;]<\/p>\n","protected":false},"featured_media":3338,"template":"","meta":{"_exactmetrics_skip_tracking":false,"_exactmetrics_sitenote_active":false,"_exactmetrics_sitenote_note":"","_exactmetrics_sitenote_category":0},"product_cat":[8,14],"product_tag":[],"class_list":{"0":"post-57","1":"product","2":"type-product","3":"status-publish","4":"has-post-thumbnail","6":"product_cat-cursos-automotivos","7":"product_cat-cursos-com-matriculas-abertas","9":"first","10":"instock","11":"taxable","12":"shipping-taxable","13":"purchasable","14":"product-type-simple"},"_links":{"self":[{"href":"https:\/\/www.profiautos.com.br\/novosite\/wp-json\/wp\/v2\/product\/57"}],"collection":[{"href":"https:\/\/www.profiautos.com.br\/novosite\/wp-json\/wp\/v2\/product"}],"about":[{"href":"https:\/\/www.profiautos.com.br\/novosite\/wp-json\/wp\/v2\/types\/product"}],"wp:featuredmedia":[{"embeddable":true,"href":"https:\/\/www.profiautos.com.br\/novosite\/wp-json\/wp\/v2\/media\/3338"}],"wp:attachment":[{"href":"https:\/\/www.profiautos.com.br\/novosite\/wp-json\/wp\/v2\/media?parent=57"}],"wp:term":[{"taxonomy":"product_cat","embeddable":true,"href":"https:\/\/www.profiautos.com.br\/novosite\/wp-json\/wp\/v2\/product_cat?post=57"},{"taxonomy":"product_tag","embeddable":true,"href":"https:\/\/www.profiautos.com.br\/novosite\/wp-json\/wp\/v2\/product_tag?post=57"}],"curies":[{"name":"wp","href":"https:\/\/api.w.org\/{rel}","templated":true}]}}