{"id":4224,"date":"2025-08-26T19:16:30","date_gmt":"2025-08-26T22:16:30","guid":{"rendered":"https:\/\/www.profiautos.com.br\/novosite\/?post_type=product&#038;p=4224"},"modified":"2025-08-26T19:17:12","modified_gmt":"2025-08-26T22:17:12","slug":"bolos-que-vendem","status":"publish","type":"product","link":"https:\/\/www.profiautos.com.br\/novosite\/produto\/bolos-que-vendem\/","title":{"rendered":"BOLOS QUE VENDEM"},"content":{"rendered":"<p><strong>BOLOS QUE VENDEM<\/strong><\/p>\n<p>Objetivo: Capacitar amadores ou profissionais na \u00e1rea podendo atuar como microempreendedor individual ou prestar servi\u00e7o a empresas no ramo.<\/p>\n<p><strong>CONTE\u00daDO PROGRAM\u00c1TICO:<\/strong><\/p>\n<p>\u2022 Bolo amanteigado<br \/>\n\u2022 Bolo laranja<br \/>\n\u2022 Bolo Romeu e Julieta<br \/>\n\u2022 Bolo de milho<br \/>\n\u2022 Bolo mesclado<br \/>\n\u2022 Bolo formigueiro<br \/>\n\u2022 Bolo Lu\u00eds Felipe<br \/>\n\u2022 Dentre outros!<br \/>\n<strong>Curso pr\u00e1tico pra voc\u00ea fazer e vender!<\/strong><\/p>\n<p><strong>Dura\u00e7\u00e3o:<\/strong> 1 s\u00e1bado (08:00 \u00e0s 14:00)<br \/>\n<strong>Data:<\/strong> 06\/09\/2025<br \/>\n<strong>Incluso:<\/strong> Material Did\u00e1tico e Certificado de Conclus\u00e3o;<\/p>\n<p><strong>Formas de pagamento:<\/strong> R$250,00 \u00e0 vista ou 3x sem juros no Cart\u00e3o\u00a0de\u00a0Cr\u00e9dito.<\/p>\n","protected":false},"excerpt":{"rendered":"<p>BOLOS QUE VENDEM Objetivo: Capacitar amadores ou profissionais na \u00e1rea podendo atuar como microempreendedor individual ou prestar servi\u00e7o a empresas no ramo. CONTE\u00daDO PROGRAM\u00c1TICO: \u2022 Bolo amanteigado \u2022 Bolo laranja \u2022 Bolo Romeu e Julieta \u2022 Bolo de milho \u2022 Bolo mesclado \u2022 Bolo formigueiro \u2022 Bolo Lu\u00eds Felipe \u2022 Dentre outros! Curso pr\u00e1tico pra [&hellip;]<\/p>\n","protected":false},"featured_media":4225,"template":"","meta":{"_exactmetrics_skip_tracking":false,"_exactmetrics_sitenote_active":false,"_exactmetrics_sitenote_note":"","_exactmetrics_sitenote_category":0},"product_cat":[14],"product_tag":[73,72],"class_list":{"0":"post-4224","1":"product","2":"type-product","3":"status-publish","4":"has-post-thumbnail","6":"product_cat-cursos-com-matriculas-abertas","7":"product_tag-cursos","8":"product_tag-gastronomia","10":"first","11":"instock","12":"taxable","13":"shipping-taxable","14":"purchasable","15":"product-type-simple"},"_links":{"self":[{"href":"https:\/\/www.profiautos.com.br\/novosite\/wp-json\/wp\/v2\/product\/4224"}],"collection":[{"href":"https:\/\/www.profiautos.com.br\/novosite\/wp-json\/wp\/v2\/product"}],"about":[{"href":"https:\/\/www.profiautos.com.br\/novosite\/wp-json\/wp\/v2\/types\/product"}],"wp:featuredmedia":[{"embeddable":true,"href":"https:\/\/www.profiautos.com.br\/novosite\/wp-json\/wp\/v2\/media\/4225"}],"wp:attachment":[{"href":"https:\/\/www.profiautos.com.br\/novosite\/wp-json\/wp\/v2\/media?parent=4224"}],"wp:term":[{"taxonomy":"product_cat","embeddable":true,"href":"https:\/\/www.profiautos.com.br\/novosite\/wp-json\/wp\/v2\/product_cat?post=4224"},{"taxonomy":"product_tag","embeddable":true,"href":"https:\/\/www.profiautos.com.br\/novosite\/wp-json\/wp\/v2\/product_tag?post=4224"}],"curies":[{"name":"wp","href":"https:\/\/api.w.org\/{rel}","templated":true}]}}