{"id":4184,"date":"2025-05-29T09:23:21","date_gmt":"2025-05-29T12:23:21","guid":{"rendered":"https:\/\/www.profiautos.com.br\/novosite\/?post_type=product&#038;p=4184"},"modified":"2025-10-08T12:35:19","modified_gmt":"2025-10-08T15:35:19","slug":"estetica-automotiva-lavagem-higienizacao-e-polimento-tecnico","status":"publish","type":"product","link":"https:\/\/www.profiautos.com.br\/novosite\/produto\/estetica-automotiva-lavagem-higienizacao-e-polimento-tecnico\/","title":{"rendered":"EST\u00c9TICA AUTOMOTIVA &#8211; LAVAGEM, HIGIENIZA\u00c7\u00c3O E POLIMENTO T\u00c9CNICO"},"content":{"rendered":"<p>EST\u00c9TICA AUTOMOTIVA<br \/>\nLavagem, Higieniza\u00e7\u00e3o e Polimento T\u00e9cnico<\/p>\n<p>Objetivo:<br \/>\nCapacitar profissionais para realizar servi\u00e7os de limpeza t\u00e9cnica, higieniza\u00e7\u00e3o interna e polimento automotivo com uso de ferramentas e produtos profissionais.<\/p>\n<p>Conte\u00fado Program\u00e1tico:<\/p>\n<p>* Apresenta\u00e7\u00e3o de ferramentas e produtos<br \/>\n* Higieniza\u00e7\u00e3o interna<br \/>\n* Lavagem t\u00e9cnica de motores<br \/>\n* Isolamento de superf\u00edcies<br \/>\n* Polimento de far\u00f3is e lanternas<br \/>\n* Descontamina\u00e7\u00e3o de pintura<br \/>\n* Polimento t\u00e9cnico de pintura<\/p>\n<p>Dura\u00e7\u00e3o: 20hrs (2 semanas)<br \/>\nHor\u00e1rio das Aulas: Segunda a Quinta-feira (19:00 \u00e0s 21:30)<br \/>\nIncluso: Material Did\u00e1tico e Certificado de Qualifica\u00e7\u00e3o<br \/>\nFormas de Pagamento: R$800,00 \u00e0 vista ou em at\u00e9 3x sem juros no Cart\u00e3o de Cr\u00e9dito<\/p>\n","protected":false},"excerpt":{"rendered":"<p>EST\u00c9TICA AUTOMOTIVA Lavagem, Higieniza\u00e7\u00e3o e Polimento T\u00e9cnico Objetivo: Capacitar profissionais para realizar servi\u00e7os de limpeza t\u00e9cnica, higieniza\u00e7\u00e3o interna e polimento automotivo com uso de ferramentas e produtos profissionais. Conte\u00fado Program\u00e1tico: * Apresenta\u00e7\u00e3o de ferramentas e produtos * Higieniza\u00e7\u00e3o interna * Lavagem t\u00e9cnica de motores * Isolamento de superf\u00edcies * Polimento de far\u00f3is e lanternas * [&hellip;]<\/p>\n","protected":false},"featured_media":4185,"template":"","meta":{"_exactmetrics_skip_tracking":false,"_exactmetrics_sitenote_active":false,"_exactmetrics_sitenote_note":"","_exactmetrics_sitenote_category":0},"product_cat":[8],"product_tag":[],"class_list":{"0":"post-4184","1":"product","2":"type-product","3":"status-publish","4":"has-post-thumbnail","6":"product_cat-cursos-automotivos","8":"first","9":"instock","10":"taxable","11":"shipping-taxable","12":"purchasable","13":"product-type-simple"},"_links":{"self":[{"href":"https:\/\/www.profiautos.com.br\/novosite\/wp-json\/wp\/v2\/product\/4184"}],"collection":[{"href":"https:\/\/www.profiautos.com.br\/novosite\/wp-json\/wp\/v2\/product"}],"about":[{"href":"https:\/\/www.profiautos.com.br\/novosite\/wp-json\/wp\/v2\/types\/product"}],"wp:featuredmedia":[{"embeddable":true,"href":"https:\/\/www.profiautos.com.br\/novosite\/wp-json\/wp\/v2\/media\/4185"}],"wp:attachment":[{"href":"https:\/\/www.profiautos.com.br\/novosite\/wp-json\/wp\/v2\/media?parent=4184"}],"wp:term":[{"taxonomy":"product_cat","embeddable":true,"href":"https:\/\/www.profiautos.com.br\/novosite\/wp-json\/wp\/v2\/product_cat?post=4184"},{"taxonomy":"product_tag","embeddable":true,"href":"https:\/\/www.profiautos.com.br\/novosite\/wp-json\/wp\/v2\/product_tag?post=4184"}],"curies":[{"name":"wp","href":"https:\/\/api.w.org\/{rel}","templated":true}]}}