{"id":4105,"date":"2025-01-30T16:36:26","date_gmt":"2025-01-30T19:36:26","guid":{"rendered":"https:\/\/www.profiautos.com.br\/novosite\/?post_type=product&#038;p=4105"},"modified":"2025-01-30T16:36:33","modified_gmt":"2025-01-30T19:36:33","slug":"operacao-e-manutencao-de-equipamentos-e-ferramentas-de-oficina","status":"publish","type":"product","link":"https:\/\/www.profiautos.com.br\/novosite\/produto\/operacao-e-manutencao-de-equipamentos-e-ferramentas-de-oficina\/","title":{"rendered":"Opera\u00e7\u00e3o e Manuten\u00e7\u00e3o de Equipamentos e Ferramentas de Oficina"},"content":{"rendered":"<p>Opera\u00e7\u00e3o e Manuten\u00e7\u00e3o de Equipamentos e Ferramentas de Oficina<\/p>\n<p class=\"western\" align=\"justify\"><b>Objetivo:\u00a0<\/b>Capacitar profissionais que atuam no segmento de prepara\u00e7\u00e3o automotiva quanto ao manuseio e opera\u00e7\u00e3o dos equipamentos e ferramentas utilizados no ambiente de oficina, centro automotivo e concession\u00e1rias.<\/p>\n<p class=\"western\" align=\"justify\"><b>Conte\u00fado Program\u00e1tico:<\/b><\/p>\n<ul>\n<li>Opera\u00e7\u00e3o e manuten\u00e7\u00e3o de elevadores, el\u00e9trico, pneum\u00e1ticos e hidr\u00e1ulicos;<br \/>\nPontos de fixa\u00e7\u00e3o e sustenta\u00e7\u00e3o dos ve\u00edculos;<\/li>\n<li>Faixa de seguran\u00e7a;<\/li>\n<li>Capacidade de carga dos elevadores e rampa de sustenta\u00e7\u00e3o;<\/li>\n<li>Linha de ar comprimido;<\/li>\n<li>Compressor;<\/li>\n<li>Rampa, capacidade, equil\u00edbrio de peso;<\/li>\n<li>Elimina\u00e7\u00e3o de umidade, na linha de ar;<\/li>\n<li>Risco de acidente durante opera\u00e7\u00e3o dos equipamentos de sustenta\u00e7\u00e3o;<\/li>\n<li>Uso do espelho convexo<\/li>\n<\/ul>\n<p><strong>Dura\u00e7\u00e3o:<\/strong> 2 dias (05 h\/a);<\/p>\n<p><b>Per\u00edodo: FORMA\u00c7\u00c3O<\/b><\/p>\n<p class=\"western\" align=\"justify\"><b>Hor\u00e1rio das aulas: <\/b>Segunda e Ter\u00e7a(19:00 \u00e0s 21:30);<\/p>\n<p class=\"western\" align=\"justify\"><b>Incluso:<\/b>\u00a0Material Did\u00e1tico e Certificado de Participa\u00e7\u00e3o.<\/p>\n<p align=\"justify\"><strong>Forma de Pagamento:<\/strong> R$ 350,00 A vista ou em at\u00e9 3x sem juros no cart\u00e3o de cr\u00e9dito.<\/p>\n","protected":false},"excerpt":{"rendered":"<p>Opera\u00e7\u00e3o e Manuten\u00e7\u00e3o de Equipamentos e Ferramentas de Oficina Objetivo:\u00a0Capacitar profissionais que atuam no segmento de prepara\u00e7\u00e3o automotiva quanto ao manuseio e opera\u00e7\u00e3o dos equipamentos e ferramentas utilizados no ambiente de oficina, centro automotivo e concession\u00e1rias. Conte\u00fado Program\u00e1tico: Opera\u00e7\u00e3o e manuten\u00e7\u00e3o de elevadores, el\u00e9trico, pneum\u00e1ticos e hidr\u00e1ulicos; Pontos de fixa\u00e7\u00e3o e sustenta\u00e7\u00e3o dos ve\u00edculos; Faixa [&hellip;]<\/p>\n","protected":false},"featured_media":0,"template":"","meta":{"_exactmetrics_skip_tracking":false,"_exactmetrics_sitenote_active":false,"_exactmetrics_sitenote_note":"","_exactmetrics_sitenote_category":0},"product_cat":[67],"product_tag":[],"class_list":{"0":"post-4105","1":"product","2":"type-product","3":"status-publish","5":"product_cat-sem-categoria","7":"first","8":"instock","9":"taxable","10":"shipping-taxable","11":"purchasable","12":"product-type-simple"},"_links":{"self":[{"href":"https:\/\/www.profiautos.com.br\/novosite\/wp-json\/wp\/v2\/product\/4105"}],"collection":[{"href":"https:\/\/www.profiautos.com.br\/novosite\/wp-json\/wp\/v2\/product"}],"about":[{"href":"https:\/\/www.profiautos.com.br\/novosite\/wp-json\/wp\/v2\/types\/product"}],"wp:attachment":[{"href":"https:\/\/www.profiautos.com.br\/novosite\/wp-json\/wp\/v2\/media?parent=4105"}],"wp:term":[{"taxonomy":"product_cat","embeddable":true,"href":"https:\/\/www.profiautos.com.br\/novosite\/wp-json\/wp\/v2\/product_cat?post=4105"},{"taxonomy":"product_tag","embeddable":true,"href":"https:\/\/www.profiautos.com.br\/novosite\/wp-json\/wp\/v2\/product_tag?post=4105"}],"curies":[{"name":"wp","href":"https:\/\/api.w.org\/{rel}","templated":true}]}}