{"id":4064,"date":"2024-11-13T14:53:58","date_gmt":"2024-11-13T17:53:58","guid":{"rendered":"https:\/\/www.profiautos.com.br\/novosite\/?post_type=product&#038;p=4064"},"modified":"2024-11-13T14:53:59","modified_gmt":"2024-11-13T17:53:59","slug":"chave-biela-19mm-gedore-red-r01800019","status":"publish","type":"product","link":"https:\/\/www.profiautos.com.br\/novosite\/produto\/chave-biela-19mm-gedore-red-r01800019\/","title":{"rendered":"CHAVE BIELA 19MM &#8211; GEDORE RED-R01800019"},"content":{"rendered":"<div>Chave de biela \u00e9 recomendada para o aperto e remo\u00e7\u00e3o de porcas e parafusos com maior torque. Possui cabe\u00e7as com perfil c\u00f4nico, com os dois lados sextavados da mesma medida. Fabricado em a\u00e7o cromo van\u00e1dio e acabamento niquelado, garantindo durabilidade e resist\u00eancia.<\/div>\n<div><\/div>\n<div><strong>&#8211; Especifica\u00e7\u00f5es T\u00e9cnicas:<\/strong><\/div>\n<div>:: Medida: 19mm<\/div>\n<div><\/div>\n<div><strong>&#8211; Conte\u00fado da Embalagem:<\/strong><\/div>\n<div>:: 1 Chave de biela<\/div>\n<div><\/div>\n<div>Marca.:\u00a0<strong>GEDORE RED<\/strong><\/div>\n<div>RF.R01800019<\/div>\n","protected":false},"excerpt":{"rendered":"<p>Chave de biela \u00e9 recomendada para o aperto e remo\u00e7\u00e3o de porcas e parafusos com maior torque. Possui cabe\u00e7as com perfil c\u00f4nico, com os dois lados sextavados da mesma medida. Fabricado em a\u00e7o cromo van\u00e1dio e acabamento niquelado, garantindo durabilidade e resist\u00eancia. &#8211; Especifica\u00e7\u00f5es T\u00e9cnicas: :: Medida: 19mm &#8211; Conte\u00fado da Embalagem: :: 1 Chave [&hellip;]<\/p>\n","protected":false},"featured_media":4065,"template":"","meta":{"_exactmetrics_skip_tracking":false,"_exactmetrics_sitenote_active":false,"_exactmetrics_sitenote_note":"","_exactmetrics_sitenote_category":0},"product_cat":[19,30,22,61],"product_tag":[],"class_list":{"0":"post-4064","1":"product","2":"type-product","3":"status-publish","4":"has-post-thumbnail","6":"product_cat-equipamentos-para-oficina","7":"product_cat-ferramentas","8":"product_cat-universais","9":"product_cat-variedade","11":"first","12":"instock","13":"taxable","14":"shipping-taxable","15":"product-type-simple"},"_links":{"self":[{"href":"https:\/\/www.profiautos.com.br\/novosite\/wp-json\/wp\/v2\/product\/4064"}],"collection":[{"href":"https:\/\/www.profiautos.com.br\/novosite\/wp-json\/wp\/v2\/product"}],"about":[{"href":"https:\/\/www.profiautos.com.br\/novosite\/wp-json\/wp\/v2\/types\/product"}],"wp:featuredmedia":[{"embeddable":true,"href":"https:\/\/www.profiautos.com.br\/novosite\/wp-json\/wp\/v2\/media\/4065"}],"wp:attachment":[{"href":"https:\/\/www.profiautos.com.br\/novosite\/wp-json\/wp\/v2\/media?parent=4064"}],"wp:term":[{"taxonomy":"product_cat","embeddable":true,"href":"https:\/\/www.profiautos.com.br\/novosite\/wp-json\/wp\/v2\/product_cat?post=4064"},{"taxonomy":"product_tag","embeddable":true,"href":"https:\/\/www.profiautos.com.br\/novosite\/wp-json\/wp\/v2\/product_tag?post=4064"}],"curies":[{"name":"wp","href":"https:\/\/api.w.org\/{rel}","templated":true}]}}