{"id":4062,"date":"2024-11-13T14:47:56","date_gmt":"2024-11-13T17:47:56","guid":{"rendered":"https:\/\/www.profiautos.com.br\/novosite\/?post_type=product&#038;p=4062"},"modified":"2024-11-13T14:48:55","modified_gmt":"2024-11-13T17:48:55","slug":"chave-combinada-18mm-gedore-red-r09100180","status":"publish","type":"product","link":"https:\/\/www.profiautos.com.br\/novosite\/produto\/chave-combinada-18mm-gedore-red-r09100180\/","title":{"rendered":"CHAVE COMBINADA 18MM &#8211; GEDORE RED-R09100180"},"content":{"rendered":"<p>Chave combinada \u00e9 fabricada em a\u00e7o cromo-van\u00e1dio GEDORE red com acabamento niquelado e cromado, oferecendo resist\u00eancia e durabilidade. Indicada para aperto e desaperto de porcas e parafusos. Conta com um lado fixa e outro estrela de medidas iguais.<\/p>\n<p><strong>::<\/strong>\u00a0Encartelada individualmente para autosservi\u00e7o<br \/>\n<strong>::\u00a0<\/strong>Medida: 18mm<br \/>\n<strong>::\u00a0<\/strong>Fabricada em a\u00e7o cromo-van\u00e1dio GEDORE red<\/p>\n<p>&#8211; Marca:\u00a0<strong>GEDORE RED<\/strong><\/p>\n<p>RF.R09100180<\/p>\n","protected":false},"excerpt":{"rendered":"<p>Chave combinada \u00e9 fabricada em a\u00e7o cromo-van\u00e1dio GEDORE red com acabamento niquelado e cromado, oferecendo resist\u00eancia e durabilidade. Indicada para aperto e desaperto de porcas e parafusos. Conta com um lado fixa e outro estrela de medidas iguais. ::\u00a0Encartelada individualmente para autosservi\u00e7o ::\u00a0Medida: 18mm ::\u00a0Fabricada em a\u00e7o cromo-van\u00e1dio GEDORE red &#8211; Marca:\u00a0GEDORE RED RF.R09100180<\/p>\n","protected":false},"featured_media":4063,"template":"","meta":{"_exactmetrics_skip_tracking":false,"_exactmetrics_sitenote_active":false,"_exactmetrics_sitenote_note":"","_exactmetrics_sitenote_category":0},"product_cat":[30],"product_tag":[],"class_list":{"0":"post-4062","1":"product","2":"type-product","3":"status-publish","4":"has-post-thumbnail","6":"product_cat-ferramentas","8":"first","9":"instock","10":"taxable","11":"shipping-taxable","12":"product-type-simple"},"_links":{"self":[{"href":"https:\/\/www.profiautos.com.br\/novosite\/wp-json\/wp\/v2\/product\/4062"}],"collection":[{"href":"https:\/\/www.profiautos.com.br\/novosite\/wp-json\/wp\/v2\/product"}],"about":[{"href":"https:\/\/www.profiautos.com.br\/novosite\/wp-json\/wp\/v2\/types\/product"}],"wp:featuredmedia":[{"embeddable":true,"href":"https:\/\/www.profiautos.com.br\/novosite\/wp-json\/wp\/v2\/media\/4063"}],"wp:attachment":[{"href":"https:\/\/www.profiautos.com.br\/novosite\/wp-json\/wp\/v2\/media?parent=4062"}],"wp:term":[{"taxonomy":"product_cat","embeddable":true,"href":"https:\/\/www.profiautos.com.br\/novosite\/wp-json\/wp\/v2\/product_cat?post=4062"},{"taxonomy":"product_tag","embeddable":true,"href":"https:\/\/www.profiautos.com.br\/novosite\/wp-json\/wp\/v2\/product_tag?post=4062"}],"curies":[{"name":"wp","href":"https:\/\/api.w.org\/{rel}","templated":true}]}}