{"id":4031,"date":"2024-10-29T14:20:51","date_gmt":"2024-10-29T17:20:51","guid":{"rendered":"http:\/\/www.profiautos.com.br\/novosite\/?post_type=product&#038;p=4031"},"modified":"2024-10-29T14:20:51","modified_gmt":"2024-10-29T17:20:51","slug":"scanner-ikro-ik2115-multimec-x3","status":"publish","type":"product","link":"https:\/\/www.profiautos.com.br\/novosite\/produto\/scanner-ikro-ik2115-multimec-x3\/","title":{"rendered":"SCANNER IKRO IK2115 MULTIMEC X3"},"content":{"rendered":"<div class=\"vantagens\">\n<div class=\"vantagens-list\">\n<p><strong>SCANNER IKRO IK2115 MULTIMEC X3<\/strong><\/p>\n<ul>\n<li>\u00danico com sistema CAN FD embutido<\/li>\n<li>Atualiza\u00e7\u00e3o gr\u00e1tis<\/li>\n<li>Montadoras de ve\u00edculos nacionais e importados &#8211; desde 1992<\/li>\n<li>Ve\u00edculos \u00e1 \u00c1lcool, Gasolina, Diesel Leve e GNV<\/li>\n<li>Sensor de Bateria; Alternador<\/li>\n<li>Ajuste de C\u00e2mbio Automatizado; Leitura gr\u00e1fica<\/li>\n<li>Air Bag, ABS, Dire\u00e7\u00e3o el\u00e9trica, Freio de estacionamento<\/li>\n<li>\u00c3ngulo do volante; Alinhamento de Proxy<\/li>\n<li>Sensor de Rota\u00e7\u00e3o; Reset de par\u00e2metros<\/li>\n<li>Programa\u00e7\u00e3o TPMS<\/li>\n<li>Regenera\u00e7\u00e3o do filtro de part\u00edculas (DPF)<\/li>\n<li>Programa\u00e7\u00e3o dos bicos injetores (Diesel Leve)<\/li>\n<\/ul>\n<\/div>\n<\/div>\n","protected":false},"excerpt":{"rendered":"<p>SCANNER IKRO IK2115 MULTIMEC X3 \u00danico com sistema CAN FD embutido Atualiza\u00e7\u00e3o gr\u00e1tis Montadoras de ve\u00edculos nacionais e importados &#8211; desde 1992 Ve\u00edculos \u00e1 \u00c1lcool, Gasolina, Diesel Leve e GNV Sensor de Bateria; Alternador Ajuste de C\u00e2mbio Automatizado; Leitura gr\u00e1fica Air Bag, ABS, Dire\u00e7\u00e3o el\u00e9trica, Freio de estacionamento \u00c3ngulo do volante; Alinhamento de Proxy Sensor [&hellip;]<\/p>\n","protected":false},"featured_media":4032,"template":"","meta":{"_exactmetrics_skip_tracking":false,"_exactmetrics_sitenote_active":false,"_exactmetrics_sitenote_note":"","_exactmetrics_sitenote_category":0},"product_cat":[67],"product_tag":[],"class_list":{"0":"post-4031","1":"product","2":"type-product","3":"status-publish","4":"has-post-thumbnail","6":"product_cat-sem-categoria","8":"first","9":"instock","10":"taxable","11":"shipping-taxable","12":"product-type-simple"},"_links":{"self":[{"href":"https:\/\/www.profiautos.com.br\/novosite\/wp-json\/wp\/v2\/product\/4031"}],"collection":[{"href":"https:\/\/www.profiautos.com.br\/novosite\/wp-json\/wp\/v2\/product"}],"about":[{"href":"https:\/\/www.profiautos.com.br\/novosite\/wp-json\/wp\/v2\/types\/product"}],"wp:featuredmedia":[{"embeddable":true,"href":"https:\/\/www.profiautos.com.br\/novosite\/wp-json\/wp\/v2\/media\/4032"}],"wp:attachment":[{"href":"https:\/\/www.profiautos.com.br\/novosite\/wp-json\/wp\/v2\/media?parent=4031"}],"wp:term":[{"taxonomy":"product_cat","embeddable":true,"href":"https:\/\/www.profiautos.com.br\/novosite\/wp-json\/wp\/v2\/product_cat?post=4031"},{"taxonomy":"product_tag","embeddable":true,"href":"https:\/\/www.profiautos.com.br\/novosite\/wp-json\/wp\/v2\/product_tag?post=4031"}],"curies":[{"name":"wp","href":"https:\/\/api.w.org\/{rel}","templated":true}]}}