{"id":3999,"date":"2024-09-27T17:10:10","date_gmt":"2024-09-27T20:10:10","guid":{"rendered":"http:\/\/www.profiautos.com.br\/novosite\/?post_type=product&#038;p=3999"},"modified":"2024-09-27T17:10:10","modified_gmt":"2024-09-27T20:10:10","slug":"lanterna-de-cabeca-led-t6-300-lumens-bremen","status":"publish","type":"product","link":"https:\/\/www.profiautos.com.br\/novosite\/produto\/lanterna-de-cabeca-led-t6-300-lumens-bremen\/","title":{"rendered":"Lanterna De Cabe\u00e7a Led T6 300 L\u00daMENS &#8211; BREMEN"},"content":{"rendered":"<p>Descri\u00e7\u00e3o<br \/>\n\u2013 300 l\u00famens \/ T6 5W<br \/>\n\u2013 2 x Bateria 18650 (2000 mAh)<br \/>\n\u2013 3 fun\u00e7\u00f5es distintas, acess\u00edveis atrav\u00e9s do bot\u00e3o de comando,<br \/>\n\u2013 Fun\u00e7\u00f5es de luz alta, luz baixa e luz intermitente,<br \/>\n\u2013 Ajuste de zoom telesc\u00f3pico 1x a 2000x,<br \/>\n\u2013 Ajuste direcional de foco de 90\u00b0 para m\u00e1xima praticidade,<br \/>\n\u2013 Al\u00e7a de cabe\u00e7a com tripla fixa\u00e7\u00e3o e ajuste afivelado,<br \/>\n\u2013 Corpo da lente em liga de alum\u00ednio para m\u00e1xima resist\u00eancia com base articulada em pl\u00e1stico ABS,<br \/>\n\u2013 4 horas em pot\u00eancia m\u00e1xima,<br \/>\n\u2013 Plugue de recarga acoplado, n\u00e3o necessita remo\u00e7\u00e3o da bateria para recarregamento.<\/p>\n","protected":false},"excerpt":{"rendered":"<p>Descri\u00e7\u00e3o \u2013 300 l\u00famens \/ T6 5W \u2013 2 x Bateria 18650 (2000 mAh) \u2013 3 fun\u00e7\u00f5es distintas, acess\u00edveis atrav\u00e9s do bot\u00e3o de comando, \u2013 Fun\u00e7\u00f5es de luz alta, luz baixa e luz intermitente, \u2013 Ajuste de zoom telesc\u00f3pico 1x a 2000x, \u2013 Ajuste direcional de foco de 90\u00b0 para m\u00e1xima praticidade, \u2013 Al\u00e7a de [&hellip;]<\/p>\n","protected":false},"featured_media":4000,"template":"","meta":{"_exactmetrics_skip_tracking":false,"_exactmetrics_sitenote_active":false,"_exactmetrics_sitenote_note":"","_exactmetrics_sitenote_category":0},"product_cat":[18,43,25,30,61],"product_tag":[],"class_list":{"0":"post-3999","1":"product","2":"type-product","3":"status-publish","4":"has-post-thumbnail","6":"product_cat-diversas","7":"product_cat-domestico","8":"product_cat-especiais","9":"product_cat-ferramentas","10":"product_cat-variedade","12":"first","13":"instock","14":"taxable","15":"shipping-taxable","16":"product-type-simple"},"_links":{"self":[{"href":"https:\/\/www.profiautos.com.br\/novosite\/wp-json\/wp\/v2\/product\/3999"}],"collection":[{"href":"https:\/\/www.profiautos.com.br\/novosite\/wp-json\/wp\/v2\/product"}],"about":[{"href":"https:\/\/www.profiautos.com.br\/novosite\/wp-json\/wp\/v2\/types\/product"}],"wp:featuredmedia":[{"embeddable":true,"href":"https:\/\/www.profiautos.com.br\/novosite\/wp-json\/wp\/v2\/media\/4000"}],"wp:attachment":[{"href":"https:\/\/www.profiautos.com.br\/novosite\/wp-json\/wp\/v2\/media?parent=3999"}],"wp:term":[{"taxonomy":"product_cat","embeddable":true,"href":"https:\/\/www.profiautos.com.br\/novosite\/wp-json\/wp\/v2\/product_cat?post=3999"},{"taxonomy":"product_tag","embeddable":true,"href":"https:\/\/www.profiautos.com.br\/novosite\/wp-json\/wp\/v2\/product_tag?post=3999"}],"curies":[{"name":"wp","href":"https:\/\/api.w.org\/{rel}","templated":true}]}}