{"id":3916,"date":"2024-03-27T12:40:36","date_gmt":"2024-03-27T15:40:36","guid":{"rendered":"http:\/\/www.profiautos.com.br\/novosite\/?post_type=product&#038;p=3916"},"modified":"2025-03-20T15:46:38","modified_gmt":"2025-03-20T18:46:38","slug":"reparo-e-manutencao-de-celulares","status":"publish","type":"product","link":"https:\/\/www.profiautos.com.br\/novosite\/produto\/reparo-e-manutencao-de-celulares\/","title":{"rendered":"REPARO E MANUTEN\u00c7\u00c3O DE CELULARES"},"content":{"rendered":"<p><strong>Objetivo:<\/strong> Formar ou capacitar profissionais de diversos segmentos para realizarem reparos e manuten\u00e7\u00e3o de celulares<\/p>\n<p>Conte\u00fado Program\u00e1tico:<br \/>\n&#8211; Curso de Microeletr\u00f4nica<br \/>\n&#8211; Gest\u00e3o de neg\u00f3cio<br \/>\n&#8211; Estudo dos principais perif\u00e9ricos<br \/>\n&#8211; Estudo do mult\u00edmetro com \u00e0s principais grandezas el\u00e9tricas.<br \/>\n&#8211; Micro soldagem \/ Microeletr\u00f4nica<br \/>\n&#8211; Diagn\u00f3stico e an\u00e1lise<br \/>\n&#8211; T\u00e9cnicas de retrabalho<br \/>\n&#8211; T\u00e9cnica do reflow<br \/>\n&#8211; Trocas (telas, bateria e perif\u00e9ricos)<br \/>\n&#8211; Software e hardware (introdu\u00e7\u00e3o)<\/p>\n<p><strong>Carga hor\u00e1ria:<\/strong> 20hrs (4 s\u00e1bados)<\/p>\n<p><strong>In\u00edcio: <\/strong>10\/05\/2025<\/p>\n<p><strong>Hor\u00e1rio das aulas<\/strong>: S\u00e1bado (08:00 as 13:00)<\/p>\n<p><strong>Incluso:<\/strong> Material Did\u00e1tico e Certificado de Participa\u00e7\u00e3o.<\/p>\n<p><strong>Formas de Pagamento:<\/strong>\u00a0\u00c1 vista ou at\u00e9 3x sem juros no Cart\u00e3o de Cr\u00e9dito.<\/p>\n","protected":false},"excerpt":{"rendered":"<p>Objetivo: Formar ou capacitar profissionais de diversos segmentos para realizarem reparos e manuten\u00e7\u00e3o de celulares Conte\u00fado Program\u00e1tico: &#8211; Curso de Microeletr\u00f4nica &#8211; Gest\u00e3o de neg\u00f3cio &#8211; Estudo dos principais perif\u00e9ricos &#8211; Estudo do mult\u00edmetro com \u00e0s principais grandezas el\u00e9tricas. &#8211; Micro soldagem \/ Microeletr\u00f4nica &#8211; Diagn\u00f3stico e an\u00e1lise &#8211; T\u00e9cnicas de retrabalho &#8211; T\u00e9cnica do [&hellip;]<\/p>\n","protected":false},"featured_media":3927,"template":"","meta":{"_exactmetrics_skip_tracking":false,"_exactmetrics_sitenote_active":false,"_exactmetrics_sitenote_note":"","_exactmetrics_sitenote_category":0},"product_cat":[67],"product_tag":[],"class_list":{"0":"post-3916","1":"product","2":"type-product","3":"status-publish","4":"has-post-thumbnail","6":"product_cat-sem-categoria","8":"first","9":"instock","10":"taxable","11":"shipping-taxable","12":"purchasable","13":"product-type-simple"},"_links":{"self":[{"href":"https:\/\/www.profiautos.com.br\/novosite\/wp-json\/wp\/v2\/product\/3916"}],"collection":[{"href":"https:\/\/www.profiautos.com.br\/novosite\/wp-json\/wp\/v2\/product"}],"about":[{"href":"https:\/\/www.profiautos.com.br\/novosite\/wp-json\/wp\/v2\/types\/product"}],"wp:featuredmedia":[{"embeddable":true,"href":"https:\/\/www.profiautos.com.br\/novosite\/wp-json\/wp\/v2\/media\/3927"}],"wp:attachment":[{"href":"https:\/\/www.profiautos.com.br\/novosite\/wp-json\/wp\/v2\/media?parent=3916"}],"wp:term":[{"taxonomy":"product_cat","embeddable":true,"href":"https:\/\/www.profiautos.com.br\/novosite\/wp-json\/wp\/v2\/product_cat?post=3916"},{"taxonomy":"product_tag","embeddable":true,"href":"https:\/\/www.profiautos.com.br\/novosite\/wp-json\/wp\/v2\/product_tag?post=3916"}],"curies":[{"name":"wp","href":"https:\/\/api.w.org\/{rel}","templated":true}]}}