{"id":3911,"date":"2024-03-27T12:18:39","date_gmt":"2024-03-27T15:18:39","guid":{"rendered":"http:\/\/www.profiautos.com.br\/novosite\/?post_type=product&#038;p=3911"},"modified":"2025-10-29T17:26:24","modified_gmt":"2025-10-29T20:26:24","slug":"afiacao-sexta-feira","status":"publish","type":"product","link":"https:\/\/www.profiautos.com.br\/novosite\/produto\/afiacao-sexta-feira\/","title":{"rendered":"AFIA\u00c7\u00c3O"},"content":{"rendered":"<p><strong>Objetivo:<\/strong> Qualificar profissionais para executarem servi\u00e7os de afiar e amolar.<\/p>\n<p><strong>Conte\u00fado Program\u00e1tico:<\/strong><br \/>\n&#8211; Tipo de elementos para afia\u00e7\u00e3o<br \/>\n&#8211; Afia\u00e7\u00e3o X Amolar<br \/>\n&#8211; Materiais abrasivos<br \/>\n&#8211; Pedra sint\u00e9tica combinada<br \/>\n&#8211; Instru\u00e7\u00e3o de uso de pedra combinado<br \/>\n&#8211; Lima para afia\u00e7\u00e3o<br \/>\n&#8211; Moto Esmeril<br \/>\n-Rebolo Reto<br \/>\n-Dicas de seguran\u00e7a para afia\u00e7\u00e3o com rebolo<br \/>\n-Suporte ou Grampo de aperto<br \/>\n-Afiando<br \/>\n-Passo a Passo afia\u00e7\u00e3o de facas<br \/>\n-Tipos de ferramentas para afia\u00e7\u00e3o<\/p>\n<p><strong>Carga hor\u00e1ria:<\/strong> 5hrs . (1 dia)<\/p>\n<p><strong>In\u00edcio:<\/strong> 05\/12\/2025 (Previs\u00e3o)<\/p>\n<p><strong>Hor\u00e1rio das aulas:<\/strong> Sexta-feira (08:00 \u00e0s 13:00)<\/p>\n<p><strong>Incluso:<\/strong> Material Did\u00e1tico e Certificado de Participa\u00e7\u00e3o.<\/p>\n<p><strong>Formas de Pagamento:<\/strong> \u00c0 vista ou at\u00e9 3x sem juros no Cart\u00e3o de Cr\u00e9dito.<\/p>\n","protected":false},"excerpt":{"rendered":"<p>Objetivo: Qualificar profissionais para executarem servi\u00e7os de afiar e amolar. Conte\u00fado Program\u00e1tico: &#8211; Tipo de elementos para afia\u00e7\u00e3o &#8211; Afia\u00e7\u00e3o X Amolar &#8211; Materiais abrasivos &#8211; Pedra sint\u00e9tica combinada &#8211; Instru\u00e7\u00e3o de uso de pedra combinado &#8211; Lima para afia\u00e7\u00e3o &#8211; Moto Esmeril -Rebolo Reto -Dicas de seguran\u00e7a para afia\u00e7\u00e3o com rebolo -Suporte ou Grampo [&hellip;]<\/p>\n","protected":false},"featured_media":3912,"template":"","meta":{"_exactmetrics_skip_tracking":false,"_exactmetrics_sitenote_active":false,"_exactmetrics_sitenote_note":"","_exactmetrics_sitenote_category":0},"product_cat":[14,18,43,19,25,30,29,11,44,22,61],"product_tag":[],"class_list":{"0":"post-3911","1":"product","2":"type-product","3":"status-publish","4":"has-post-thumbnail","6":"product_cat-cursos-com-matriculas-abertas","7":"product_cat-diversas","8":"product_cat-domestico","9":"product_cat-equipamentos-para-oficina","10":"product_cat-especiais","11":"product_cat-ferramentas","12":"product_cat-outros-treinamentos","13":"product_cat-treinamento","14":"product_cat-treinamentos-domesticos","15":"product_cat-universais","16":"product_cat-variedade","18":"first","19":"instock","20":"taxable","21":"shipping-taxable","22":"purchasable","23":"product-type-simple"},"_links":{"self":[{"href":"https:\/\/www.profiautos.com.br\/novosite\/wp-json\/wp\/v2\/product\/3911"}],"collection":[{"href":"https:\/\/www.profiautos.com.br\/novosite\/wp-json\/wp\/v2\/product"}],"about":[{"href":"https:\/\/www.profiautos.com.br\/novosite\/wp-json\/wp\/v2\/types\/product"}],"wp:featuredmedia":[{"embeddable":true,"href":"https:\/\/www.profiautos.com.br\/novosite\/wp-json\/wp\/v2\/media\/3912"}],"wp:attachment":[{"href":"https:\/\/www.profiautos.com.br\/novosite\/wp-json\/wp\/v2\/media?parent=3911"}],"wp:term":[{"taxonomy":"product_cat","embeddable":true,"href":"https:\/\/www.profiautos.com.br\/novosite\/wp-json\/wp\/v2\/product_cat?post=3911"},{"taxonomy":"product_tag","embeddable":true,"href":"https:\/\/www.profiautos.com.br\/novosite\/wp-json\/wp\/v2\/product_tag?post=3911"}],"curies":[{"name":"wp","href":"https:\/\/api.w.org\/{rel}","templated":true}]}}