{"id":3845,"date":"2023-07-12T14:41:38","date_gmt":"2023-07-12T17:41:38","guid":{"rendered":"http:\/\/www.profiautos.com.br\/novosite\/?post_type=product&#038;p=3845"},"modified":"2025-06-11T09:18:25","modified_gmt":"2025-06-11T12:18:25","slug":"curso-de-molhos-e-massas","status":"publish","type":"product","link":"https:\/\/www.profiautos.com.br\/novosite\/produto\/curso-de-molhos-e-massas\/","title":{"rendered":"CURSO DE MOLHOS E MASSAS"},"content":{"rendered":"<p><strong>Curso de Molhos e Massas<\/strong><\/p>\n<p><strong>Objetivo<\/strong>: Qualificar o profissional de cozinha na elabora\u00e7\u00e3o de pratos \u00e0 base de molhos e massas de uma forma segura atrav\u00e9s de orienta\u00e7\u00f5es quanto as boas pr\u00e1ticas, economia, demonstrando as formas corretas de aproveitamento dos alimentos e atrativa com apresenta\u00e7\u00e3o adequada para cada prato.<\/p>\n<ul>\n<li><strong>Conte\u00fado<\/strong>:<br \/>\n\u2713 Base para molhos<br \/>\n\u2713 Molho bechamel e suas varia\u00e7\u00f5es<br \/>\n\u2713 Molho ao sugo e suas varia\u00e7\u00f5es<br \/>\n\u2713 Molho rose<br \/>\n\u2713 Molho escuro<br \/>\n\u2713 Prepara\u00e7\u00e3o de massas, cozimentos, temperatura de servi\u00e7o, textura.<br \/>\n\u2713 Prepara\u00e7\u00e3o de espaguete \u00e0 bolonhesa<br \/>\n\u2713 Prepara\u00e7\u00e3o de penne ao molho de queijo e ervas finas \u2713 Prepara\u00e7\u00e3o de Fettuccine alho e \u00f3leo<br \/>\n\u2713 Prepara\u00e7\u00e3o de macarr\u00e3o parafuso ao molho de parmes\u00e3o<br \/>\n\u2713 Nhoque de batatas ao molho 4 queijos<br \/>\n\u2713 Dentre outras<\/li>\n<\/ul>\n<p><strong>Dura\u00e7\u00e3o<\/strong>: 1 dia (6 hrs\/a);<\/p>\n<p><strong>Inicio Previsto<\/strong>:\u00a0 28\/06\/2025<\/p>\n<p><strong>Hor\u00e1rio das aulas<\/strong>: S\u00e1bado (08:00 \u00e0s 14:00);<\/p>\n<p><strong>Incluso<\/strong>: Material did\u00e1tico e Certificado de Participa\u00e7\u00e3o<\/p>\n<p><strong>Formas de Pagamento<\/strong>: R$280,00 \u00c0 vista ou at\u00e9 3x sem juros no Cart\u00e3o de Cr\u00e9dito.<\/p>\n<p><strong>Professora<\/strong>: Formada em gastronomia com experi\u00eancia did\u00e1tica e pr\u00e1tica na \u00e1rea h\u00e1 mais de 10 anos.<\/p>\n<p><strong>Aulas realizadas em Cozinha Industrial<\/strong><\/p>\n","protected":false},"excerpt":{"rendered":"<p>Curso de Molhos e Massas Objetivo: Qualificar o profissional de cozinha na elabora\u00e7\u00e3o de pratos \u00e0 base de molhos e massas de uma forma segura atrav\u00e9s de orienta\u00e7\u00f5es quanto as boas pr\u00e1ticas, economia, demonstrando as formas corretas de aproveitamento dos alimentos e atrativa com apresenta\u00e7\u00e3o adequada para cada prato. Conte\u00fado: \u2713 Base para molhos \u2713 [&hellip;]<\/p>\n","protected":false},"featured_media":3883,"template":"","meta":{"_exactmetrics_skip_tracking":false,"_exactmetrics_sitenote_active":false,"_exactmetrics_sitenote_note":"","_exactmetrics_sitenote_category":0},"product_cat":[14,9],"product_tag":[],"class_list":{"0":"post-3845","1":"product","2":"type-product","3":"status-publish","4":"has-post-thumbnail","6":"product_cat-cursos-com-matriculas-abertas","7":"product_cat-cursos-de-gastronomia","9":"first","10":"instock","11":"taxable","12":"shipping-taxable","13":"product-type-simple"},"_links":{"self":[{"href":"https:\/\/www.profiautos.com.br\/novosite\/wp-json\/wp\/v2\/product\/3845"}],"collection":[{"href":"https:\/\/www.profiautos.com.br\/novosite\/wp-json\/wp\/v2\/product"}],"about":[{"href":"https:\/\/www.profiautos.com.br\/novosite\/wp-json\/wp\/v2\/types\/product"}],"wp:featuredmedia":[{"embeddable":true,"href":"https:\/\/www.profiautos.com.br\/novosite\/wp-json\/wp\/v2\/media\/3883"}],"wp:attachment":[{"href":"https:\/\/www.profiautos.com.br\/novosite\/wp-json\/wp\/v2\/media?parent=3845"}],"wp:term":[{"taxonomy":"product_cat","embeddable":true,"href":"https:\/\/www.profiautos.com.br\/novosite\/wp-json\/wp\/v2\/product_cat?post=3845"},{"taxonomy":"product_tag","embeddable":true,"href":"https:\/\/www.profiautos.com.br\/novosite\/wp-json\/wp\/v2\/product_tag?post=3845"}],"curies":[{"name":"wp","href":"https:\/\/api.w.org\/{rel}","templated":true}]}}