{"id":3815,"date":"2023-05-31T09:22:35","date_gmt":"2023-05-31T12:22:35","guid":{"rendered":"http:\/\/www.profiautos.com.br\/novosite\/?post_type=product&#038;p=3815"},"modified":"2023-05-31T09:22:35","modified_gmt":"2023-05-31T12:22:35","slug":"veja-nossas-instalacoes","status":"publish","type":"product","link":"https:\/\/www.profiautos.com.br\/novosite\/produto\/veja-nossas-instalacoes\/","title":{"rendered":"Veja Nossas Instala\u00e7\u00f5es"},"content":{"rendered":"<p>Contamos com uma \u00f3tima instala\u00e7\u00e3o, com carros e motos para os alunos praticarem, al\u00e9m de salas de aulas equipadas com o que h\u00e1 de melhor no mercado, para prestarmos o melhor servi\u00e7o.<\/p>\n<p>Estamos localizados pr\u00f3ximos a paradas de \u00f4nibus, pr\u00f3ximo ao metr\u00f4 e \u00e1 hot\u00e9is e pousadas<\/p>\n<p>Nossas redes sociais:<br \/>\nInstagram: @Profiautos<br \/>\nWhatsapp: (85) 98970-2747<\/p>\n<p>&nbsp;<\/p>\n","protected":false},"excerpt":{"rendered":"<p><a href=\"https:\/\/www.instagram.com\/profiautos\/\">https:\/\/www.instagram.com\/profiautos\/<\/a><\/p>\n","protected":false},"featured_media":3803,"template":"","meta":{"_exactmetrics_skip_tracking":false,"_exactmetrics_sitenote_active":false,"_exactmetrics_sitenote_note":"","_exactmetrics_sitenote_category":0},"product_cat":[67],"product_tag":[],"class_list":{"0":"post-3815","1":"product","2":"type-product","3":"status-publish","4":"has-post-thumbnail","6":"product_cat-sem-categoria","8":"first","9":"instock","10":"taxable","11":"shipping-taxable","12":"product-type-simple"},"_links":{"self":[{"href":"https:\/\/www.profiautos.com.br\/novosite\/wp-json\/wp\/v2\/product\/3815"}],"collection":[{"href":"https:\/\/www.profiautos.com.br\/novosite\/wp-json\/wp\/v2\/product"}],"about":[{"href":"https:\/\/www.profiautos.com.br\/novosite\/wp-json\/wp\/v2\/types\/product"}],"wp:featuredmedia":[{"embeddable":true,"href":"https:\/\/www.profiautos.com.br\/novosite\/wp-json\/wp\/v2\/media\/3803"}],"wp:attachment":[{"href":"https:\/\/www.profiautos.com.br\/novosite\/wp-json\/wp\/v2\/media?parent=3815"}],"wp:term":[{"taxonomy":"product_cat","embeddable":true,"href":"https:\/\/www.profiautos.com.br\/novosite\/wp-json\/wp\/v2\/product_cat?post=3815"},{"taxonomy":"product_tag","embeddable":true,"href":"https:\/\/www.profiautos.com.br\/novosite\/wp-json\/wp\/v2\/product_tag?post=3815"}],"curies":[{"name":"wp","href":"https:\/\/api.w.org\/{rel}","templated":true}]}}