{"id":3783,"date":"2023-04-17T08:50:50","date_gmt":"2023-04-17T11:50:50","guid":{"rendered":"http:\/\/www.profiautos.com.br\/novosite\/?post_type=product&#038;p=3783"},"modified":"2025-02-06T09:16:25","modified_gmt":"2025-02-06T12:16:25","slug":"curso-de-instalacao-e-manutencao-de-placas-de-energia-solar","status":"publish","type":"product","link":"https:\/\/www.profiautos.com.br\/novosite\/produto\/curso-de-instalacao-e-manutencao-de-placas-de-energia-solar\/","title":{"rendered":"CURSO DE INSTALA\u00c7\u00c3O E MANUTEN\u00c7\u00c3O DE PLACAS DE ENERGIA SOLAR"},"content":{"rendered":"<p>MANUTEN\u00c7\u00c3O E INSTALA\u00c7\u00c3O DE PLACA FOTOVOLTAICA<\/p>\n<p>Objetivo: Qualificar profissionais para executarem servi\u00e7os de manuten\u00e7\u00e3o e instala\u00e7\u00e3o de placas fotovoltaicas<\/p>\n<p>CONTE\u00daDO PROGRAM\u00c1TICO:<\/p>\n<p>-Conceitos b\u00e1sicos de energia solar<br \/>\n-C\u00e9lulas e m\u00f3dulos fotovoltaicos<br \/>\n-Inversores<br \/>\n-Preparar local de instala\u00e7\u00e3o das placas solares;<br \/>\n-Seguran\u00e7a no ambiente de trabalho;<br \/>\n-Ferramentas e Equipamentos;<br \/>\n-Clipagem de terminais;<br \/>\n-Medi\u00e7\u00f5es de grandezas el\u00e9tricas<br \/>\n-Instalar suportes e trilhos dos pain\u00e9is fotovoltaicos;<br \/>\n-Fazer a instala\u00e7\u00e3o de pain\u00e9is solares;<br \/>\n-Manuten\u00e7\u00e3o e Limpeza;<\/p>\n<p><strong>Dura\u00e7\u00e3o: <\/strong>3 s\u00e1bados\u00a0(15 hrs);<\/p>\n<p><strong>Per\u00edodo:\u00a0<\/strong>S\u00e1bado (08:00 \u00e0s 13:00);<\/p>\n<p><strong>Data:\u00a0<\/strong> FORMA\u00c7\u00c3O;<\/p>\n<p><strong>Incluso:\u00a0<\/strong>Material Did\u00e1tico e Certificado de Conclus\u00e3o;<\/p>\n<p><strong>Formas de Pagamento:\u00a0<\/strong>A vista ou em at\u00e9 3x sem juros no Cart\u00e3o de Cr\u00e9dito.<\/p>\n<p><strong>Investimento:\u00a0\u00a0<\/strong>R$950,00<\/p>\n","protected":false},"excerpt":{"rendered":"<p>MANUTEN\u00c7\u00c3O E INSTALA\u00c7\u00c3O DE PLACA FOTOVOLTAICA Objetivo: Qualificar profissionais para executarem servi\u00e7os de manuten\u00e7\u00e3o e instala\u00e7\u00e3o de placas fotovoltaicas CONTE\u00daDO PROGRAM\u00c1TICO: -Conceitos b\u00e1sicos de energia solar -C\u00e9lulas e m\u00f3dulos fotovoltaicos -Inversores -Preparar local de instala\u00e7\u00e3o das placas solares; -Seguran\u00e7a no ambiente de trabalho; -Ferramentas e Equipamentos; -Clipagem de terminais; -Medi\u00e7\u00f5es de grandezas el\u00e9tricas -Instalar suportes [&hellip;]<\/p>\n","protected":false},"featured_media":3784,"template":"","meta":{"_exactmetrics_skip_tracking":false,"_exactmetrics_sitenote_active":false,"_exactmetrics_sitenote_note":"","_exactmetrics_sitenote_category":0},"product_cat":[14],"product_tag":[],"class_list":{"0":"post-3783","1":"product","2":"type-product","3":"status-publish","4":"has-post-thumbnail","6":"product_cat-cursos-com-matriculas-abertas","8":"first","9":"instock","10":"purchasable","11":"product-type-simple"},"_links":{"self":[{"href":"https:\/\/www.profiautos.com.br\/novosite\/wp-json\/wp\/v2\/product\/3783"}],"collection":[{"href":"https:\/\/www.profiautos.com.br\/novosite\/wp-json\/wp\/v2\/product"}],"about":[{"href":"https:\/\/www.profiautos.com.br\/novosite\/wp-json\/wp\/v2\/types\/product"}],"wp:featuredmedia":[{"embeddable":true,"href":"https:\/\/www.profiautos.com.br\/novosite\/wp-json\/wp\/v2\/media\/3784"}],"wp:attachment":[{"href":"https:\/\/www.profiautos.com.br\/novosite\/wp-json\/wp\/v2\/media?parent=3783"}],"wp:term":[{"taxonomy":"product_cat","embeddable":true,"href":"https:\/\/www.profiautos.com.br\/novosite\/wp-json\/wp\/v2\/product_cat?post=3783"},{"taxonomy":"product_tag","embeddable":true,"href":"https:\/\/www.profiautos.com.br\/novosite\/wp-json\/wp\/v2\/product_tag?post=3783"}],"curies":[{"name":"wp","href":"https:\/\/api.w.org\/{rel}","templated":true}]}}