{"id":3761,"date":"2023-02-16T17:08:15","date_gmt":"2023-02-16T20:08:15","guid":{"rendered":"http:\/\/www.profiautos.com.br\/novosite\/?post_type=product&#038;p=3761"},"modified":"2023-02-16T17:14:33","modified_gmt":"2023-02-16T20:14:33","slug":"freios-abs","status":"publish","type":"product","link":"https:\/\/www.profiautos.com.br\/novosite\/produto\/freios-abs\/","title":{"rendered":"FREIOS ABS"},"content":{"rendered":"<p><strong>FREIOS ABS<\/strong><\/p>\n<p><strong>Objetivo: <\/strong>Capacitar profissionais para atuarem no procedimento de revis\u00e3o e manuten\u00e7\u00e3o do sistema de freios ABS.<\/p>\n<p><strong>CONTE\u00daDO PROGRAM\u00c1TICO:<\/strong><\/p>\n<ul>\n<li>Apresenta\u00e7\u00e3o do sistema de freios convencionais;<\/li>\n<li>Apresenta\u00e7\u00e3o do sistema de freios ABS;<\/li>\n<li>Uso do Micr\u00f4metro;<\/li>\n<li>Uso do Rel\u00f3gio Comparador;<\/li>\n<li>Diagn\u00f3stico via scanner automotivo;<\/li>\n<li>Diagn\u00f3stico com Osciloc\u00f3pio;<\/li>\n<li>Teste de componentes eletr\u00f4nicos e hidr\u00e1ulicos;<\/li>\n<li>An\u00e1lise de diagrama el\u00e9trico;<\/li>\n<li>Sangria dos freios.<\/li>\n<\/ul>\n<p><strong>Dura\u00e7\u00e3o: <\/strong>1 semana (10 hrs);<\/p>\n<p><strong>Hor\u00e1rio das aulas:<\/strong> Segunda-feira \u00e0 Quinta-feira (19:00 \u00e0s 21:30);<\/p>\n<p><strong>In\u00edcio: <\/strong>FORMA\u00c7\u00c3O (Previs\u00e3o);<\/p>\n<p><strong>Incluso:<\/strong> Material Did\u00e1tico e Certificado de Participa\u00e7\u00e3o;<\/p>\n<p><b>Formas de Pagamento: <\/b>A\u00a0vista ou em at\u00e9 3x sem juros\u00a0Cart\u00e3o de Cr\u00e9dito.<\/p>\n","protected":false},"excerpt":{"rendered":"<p>FREIOS ABS Objetivo: Capacitar profissionais para atuarem no procedimento de revis\u00e3o e manuten\u00e7\u00e3o do sistema de freios ABS. CONTE\u00daDO PROGRAM\u00c1TICO: Apresenta\u00e7\u00e3o do sistema de freios convencionais; Apresenta\u00e7\u00e3o do sistema de freios ABS; Uso do Micr\u00f4metro; Uso do Rel\u00f3gio Comparador; Diagn\u00f3stico via scanner automotivo; Diagn\u00f3stico com Osciloc\u00f3pio; Teste de componentes eletr\u00f4nicos e hidr\u00e1ulicos; An\u00e1lise de diagrama [&hellip;]<\/p>\n","protected":false},"featured_media":3763,"template":"","meta":{"_exactmetrics_skip_tracking":false,"_exactmetrics_sitenote_active":false,"_exactmetrics_sitenote_note":"","_exactmetrics_sitenote_category":0},"product_cat":[8,14],"product_tag":[],"class_list":{"0":"post-3761","1":"product","2":"type-product","3":"status-publish","4":"has-post-thumbnail","6":"product_cat-cursos-automotivos","7":"product_cat-cursos-com-matriculas-abertas","9":"first","10":"instock","11":"taxable","12":"shipping-taxable","13":"product-type-simple"},"_links":{"self":[{"href":"https:\/\/www.profiautos.com.br\/novosite\/wp-json\/wp\/v2\/product\/3761"}],"collection":[{"href":"https:\/\/www.profiautos.com.br\/novosite\/wp-json\/wp\/v2\/product"}],"about":[{"href":"https:\/\/www.profiautos.com.br\/novosite\/wp-json\/wp\/v2\/types\/product"}],"wp:featuredmedia":[{"embeddable":true,"href":"https:\/\/www.profiautos.com.br\/novosite\/wp-json\/wp\/v2\/media\/3763"}],"wp:attachment":[{"href":"https:\/\/www.profiautos.com.br\/novosite\/wp-json\/wp\/v2\/media?parent=3761"}],"wp:term":[{"taxonomy":"product_cat","embeddable":true,"href":"https:\/\/www.profiautos.com.br\/novosite\/wp-json\/wp\/v2\/product_cat?post=3761"},{"taxonomy":"product_tag","embeddable":true,"href":"https:\/\/www.profiautos.com.br\/novosite\/wp-json\/wp\/v2\/product_tag?post=3761"}],"curies":[{"name":"wp","href":"https:\/\/api.w.org\/{rel}","templated":true}]}}