{"id":3701,"date":"2022-09-02T10:57:27","date_gmt":"2022-09-02T13:57:27","guid":{"rendered":"http:\/\/www.profiautos.com.br\/novosite\/?post_type=product&#038;p=3701"},"modified":"2024-08-23T13:52:20","modified_gmt":"2024-08-23T16:52:20","slug":"curso-de-moto-eletrica","status":"publish","type":"product","link":"https:\/\/www.profiautos.com.br\/novosite\/produto\/curso-de-moto-eletrica\/","title":{"rendered":"CURSO DE MOTO EL\u00c9TRICA  INTENSIVO"},"content":{"rendered":"<p><strong>Objetivo:<\/strong> Capacitar profissionais a conhecerem essa nova tecnologia aplicada a motocicleta<\/p>\n<p><strong>Conte\u00fado Program\u00e1tico:<\/strong><\/p>\n<p>\u2013 Como funciona a moto el\u00e9trica;<br \/>\n\u2013 Procedimento de Recarga de uma moto el\u00e9trica;<br \/>\n\u2013 Legisla\u00e7\u00e3o para moto el\u00e9trica;<br \/>\n\u2013 Capacidade de Kg (carga);<br \/>\n\u2013 Como escolher uma moto el\u00e9trica;<br \/>\n\u2013 Vantagens e Desvantagens;<br \/>\n\u2013 Componentes de uma moto a combust\u00e3o;<br \/>\n\u2013 Componentes de uma moto el\u00e9trica;<br \/>\n\u2013 Caracter\u00edsticas das principais motos el\u00e9tricas vendidas no Brasil;<br \/>\n\u2013 Compara\u00e7\u00e3o entre as motos el\u00e9tricas comercializadas no mercado brasileiro;<br \/>\n\u2013 Autonomia;<br \/>\n\u2013 Potencia;<br \/>\n\u2013 Caracter\u00edsticas da Bateria;<br \/>\n\u2013 Risco na hora da manuten\u00e7\u00e3o;<br \/>\n\u2013 Caracter\u00edsticas do motor;<br \/>\n\u2013 Diagrama El\u00e9trico;<br \/>\n\u2013 Plano de Manuten\u00e7\u00e3o;<\/p>\n<p><strong>Carga hor\u00e1ria:<\/strong>\u00a024 horas.<\/p>\n<p><strong>Hor\u00e1rio das aulas:<\/strong> SEG a SEX das 08:30h \u00e0s 11:30h.<\/p>\n<p class=\"western\" align=\"justify\"><strong>Per\u00edodo: 18<\/strong>\/06 (Previs\u00e3o);<\/p>\n<p><strong>Incluso:<\/strong> Material Did\u00e1tico e Certificado de Participa\u00e7\u00e3o.<\/p>\n<p><strong>Formas de Pagamento:<\/strong> \u00c0 vista ou at\u00e9 3x sem juros no Cart\u00e3o de Cr\u00e9dito.<\/p>\n<p><strong>&#8211; PR\u00c9 REQUISITO:<\/strong><\/p>\n<p><strong>No\u00e7\u00f5es de Eletricidade<\/strong><\/p>\n<p><strong>Mec\u00e2nica de Motos<\/strong><\/p>\n","protected":false},"excerpt":{"rendered":"<p>&#8211;<\/p>\n","protected":false},"featured_media":3705,"template":"","meta":{"_exactmetrics_skip_tracking":false,"_exactmetrics_sitenote_active":false,"_exactmetrics_sitenote_note":"","_exactmetrics_sitenote_category":0},"product_cat":[14,10,18,24,25,20,29,11,22,61],"product_tag":[],"class_list":{"0":"post-3701","1":"product","2":"type-product","3":"status-publish","4":"has-post-thumbnail","6":"product_cat-cursos-com-matriculas-abertas","7":"product_cat-cursos-de-motocicletas","8":"product_cat-diversas","9":"product_cat-eletricas","10":"product_cat-especiais","11":"product_cat-especiais-para-moto","12":"product_cat-outros-treinamentos","13":"product_cat-treinamento","14":"product_cat-universais","15":"product_cat-variedade","17":"first","18":"outofstock","19":"taxable","20":"shipping-taxable","21":"purchasable","22":"product-type-simple"},"_links":{"self":[{"href":"https:\/\/www.profiautos.com.br\/novosite\/wp-json\/wp\/v2\/product\/3701"}],"collection":[{"href":"https:\/\/www.profiautos.com.br\/novosite\/wp-json\/wp\/v2\/product"}],"about":[{"href":"https:\/\/www.profiautos.com.br\/novosite\/wp-json\/wp\/v2\/types\/product"}],"wp:featuredmedia":[{"embeddable":true,"href":"https:\/\/www.profiautos.com.br\/novosite\/wp-json\/wp\/v2\/media\/3705"}],"wp:attachment":[{"href":"https:\/\/www.profiautos.com.br\/novosite\/wp-json\/wp\/v2\/media?parent=3701"}],"wp:term":[{"taxonomy":"product_cat","embeddable":true,"href":"https:\/\/www.profiautos.com.br\/novosite\/wp-json\/wp\/v2\/product_cat?post=3701"},{"taxonomy":"product_tag","embeddable":true,"href":"https:\/\/www.profiautos.com.br\/novosite\/wp-json\/wp\/v2\/product_tag?post=3701"}],"curies":[{"name":"wp","href":"https:\/\/api.w.org\/{rel}","templated":true}]}}