{"id":3693,"date":"2022-09-01T16:09:00","date_gmt":"2022-09-01T19:09:00","guid":{"rendered":"http:\/\/www.profiautos.com.br\/novosite\/?post_type=product&#038;p=3693"},"modified":"2024-10-23T09:25:33","modified_gmt":"2024-10-23T12:25:33","slug":"cozinha-oriental","status":"publish","type":"product","link":"https:\/\/www.profiautos.com.br\/novosite\/produto\/cozinha-oriental\/","title":{"rendered":"COZINHA ORIENTAL"},"content":{"rendered":"<p>Conte\u00fado Program\u00e1tico:<\/p>\n<p>\u2013 Rolinho primavera;<br \/>\n\u2013 Yakisoba;<br \/>\n\u2013 Camar\u00e3o crocante<br \/>\n\u2013 Arroz tailandes de camar\u00e3o;<br \/>\n\u2013 Cogumelos na manteiga ;<br \/>\n\u2013 Ceviche &#x1f364;<br \/>\n\u2013 Tataki<br \/>\n\u2013 Risoto de polvo &#x1f419;<\/p>\n<p>Dura\u00e7\u00e3o: 5 hrs<\/p>\n<p>Hor\u00e1rio das aulas: 08:00 \u00e1s 13:00<\/p>\n<p>Per\u00edodo: 30\/11\/2024<\/p>\n<p>Incluso: Material Did\u00e1tico e Certificado de Participa\u00e7\u00e3o.<\/p>\n<p>Formas de Pagamento: R$380,00\u00a0 A Vista ou at\u00e9 3x sem Juros no Cart\u00e3o de Cr\u00e9dito.<\/p>\n","protected":false},"excerpt":{"rendered":"<p>Conte\u00fado Program\u00e1tico: \u2013 Rolinho primavera; \u2013 Yakisoba; \u2013 Camar\u00e3o crocante \u2013 Arroz tailandes de camar\u00e3o; \u2013 Cogumelos na manteiga ; \u2013 Ceviche &#x1f364; \u2013 Tataki \u2013 Risoto de polvo &#x1f419; Dura\u00e7\u00e3o: 5 hrs Hor\u00e1rio das aulas: 08:00 \u00e1s 13:00 Per\u00edodo: 30\/11\/2024 Incluso: Material Did\u00e1tico e Certificado de Participa\u00e7\u00e3o. Formas de Pagamento: R$380,00\u00a0 A Vista ou [&hellip;]<\/p>\n","protected":false},"featured_media":3695,"template":"","meta":{"_exactmetrics_skip_tracking":false,"_exactmetrics_sitenote_active":false,"_exactmetrics_sitenote_note":"","_exactmetrics_sitenote_category":0},"product_cat":[67],"product_tag":[],"class_list":{"0":"post-3693","1":"product","2":"type-product","3":"status-publish","4":"has-post-thumbnail","6":"product_cat-sem-categoria","8":"first","9":"instock","10":"taxable","11":"shipping-taxable","12":"purchasable","13":"product-type-simple"},"_links":{"self":[{"href":"https:\/\/www.profiautos.com.br\/novosite\/wp-json\/wp\/v2\/product\/3693"}],"collection":[{"href":"https:\/\/www.profiautos.com.br\/novosite\/wp-json\/wp\/v2\/product"}],"about":[{"href":"https:\/\/www.profiautos.com.br\/novosite\/wp-json\/wp\/v2\/types\/product"}],"wp:featuredmedia":[{"embeddable":true,"href":"https:\/\/www.profiautos.com.br\/novosite\/wp-json\/wp\/v2\/media\/3695"}],"wp:attachment":[{"href":"https:\/\/www.profiautos.com.br\/novosite\/wp-json\/wp\/v2\/media?parent=3693"}],"wp:term":[{"taxonomy":"product_cat","embeddable":true,"href":"https:\/\/www.profiautos.com.br\/novosite\/wp-json\/wp\/v2\/product_cat?post=3693"},{"taxonomy":"product_tag","embeddable":true,"href":"https:\/\/www.profiautos.com.br\/novosite\/wp-json\/wp\/v2\/product_tag?post=3693"}],"curies":[{"name":"wp","href":"https:\/\/api.w.org\/{rel}","templated":true}]}}