{"id":3651,"date":"2022-06-29T15:02:12","date_gmt":"2022-06-29T18:02:12","guid":{"rendered":"http:\/\/www.profiautos.com.br\/novosite\/?post_type=product&#038;p=3651"},"modified":"2025-10-29T17:17:56","modified_gmt":"2025-10-29T20:17:56","slug":"curso-osciloscopio-x-multimetro-automotivo","status":"publish","type":"product","link":"https:\/\/www.profiautos.com.br\/novosite\/produto\/curso-osciloscopio-x-multimetro-automotivo\/","title":{"rendered":"CURSO OSCILOSC\u00d3PIO X MULT\u00cdMETRO AUTOMOTIVO"},"content":{"rendered":"<p>Objetivo: Formar profissionais do segmento de repara\u00e7\u00e3o automotiva para o<\/p>\n<p>Uso Correto do oscilosc\u00f3pio comparado com o mult\u00edmetro automotivo.<\/p>\n<p>Conte\u00fado program\u00e1tico:<\/p>\n<p>\u2013 DIFERENCIAL ENTRE MULTIMETRO E OSCILOSCOPIO;<\/p>\n<p>\u2013 MULTIMETRO ANALOGICO E DIGITAL;<\/p>\n<p>\u2013 MEDI\u00c7\u00c3O DE TENS\u00c3O;<\/p>\n<p>\u2013 MEDI\u00c7\u00c3O DE TENS\u00c3O COM MULTIMETRO;<\/p>\n<p>\u2013 MEDI\u00c7\u00c3O DE CORRENTE E RESIST\u00caNCIA;<\/p>\n<p>\u2013 FREQU\u00caNCIA EL\u00c9TRICA;<\/p>\n<p>\u2013 TIPOS DE SINAIS EL\u00c9TRICO;<\/p>\n<p>\u2013 OSCILOSC\u00d3PIO;<\/p>\n<p>\u2013 RESUMO GERAL DE SEGURAN\u00c7A;<\/p>\n<p>\u2013 ACESS\u00d3RIOS B\u00c1SICOS;<\/p>\n<p>\u2013 OPERA\u00c7\u00d5ES B\u00c1SICAS;<\/p>\n<p>\u2013 SISTEMAS VERTICAIS, MUDAN\u00c7AS DE VOLS\/DIV;<\/p>\n<p>\u2013 SISTEMA HORIZONTAL\/TIME\/DIV;<\/p>\n<p>\u2013 SISTEMA DE DISPARO;<\/p>\n<p>\u2013 MEDIDAS;<\/p>\n<p>\u2013 HORIZONTAL E VERTICAL;<\/p>\n<p>Dura\u00e7\u00e3o \u2013 19H (3 dias)<\/p>\n<p>Hor\u00e1rio das aulas: Ter\u00e7a &#8211; Feira a Quinta &#8211; Feira. (09:00 \u00e0s 16:30).<\/p>\n<p>Inicio: 29\/09\/2025<\/p>\n<p>Incluso: Material Did\u00e1tico e Certificado de Participa\u00e7\u00e3o.<\/p>\n<p>Formas de Pagamento: A Vista ou 3x Sem Juros No Cart\u00e3o<\/p>\n<p>De Cr\u00e9dito.<\/p>\n","protected":false},"excerpt":{"rendered":"<p>Objetivo: Formar profissionais do segmento de repara\u00e7\u00e3o automotiva para o Uso Correto do oscilosc\u00f3pio comparado com o mult\u00edmetro automotivo. Conte\u00fado program\u00e1tico: \u2013 DIFERENCIAL ENTRE MULTIMETRO E OSCILOSCOPIO; \u2013 MULTIMETRO ANALOGICO E DIGITAL; \u2013 MEDI\u00c7\u00c3O DE TENS\u00c3O; \u2013 MEDI\u00c7\u00c3O DE TENS\u00c3O COM MULTIMETRO; \u2013 MEDI\u00c7\u00c3O DE CORRENTE E RESIST\u00caNCIA; \u2013 FREQU\u00caNCIA EL\u00c9TRICA; \u2013 TIPOS DE SINAIS [&hellip;]<\/p>\n","protected":false},"featured_media":3737,"template":"","meta":{"_exactmetrics_skip_tracking":false,"_exactmetrics_sitenote_active":false,"_exactmetrics_sitenote_note":"","_exactmetrics_sitenote_category":0},"product_cat":[8],"product_tag":[],"class_list":{"0":"post-3651","1":"product","2":"type-product","3":"status-publish","4":"has-post-thumbnail","6":"product_cat-cursos-automotivos","8":"first","9":"instock","10":"taxable","11":"shipping-taxable","12":"purchasable","13":"product-type-simple"},"_links":{"self":[{"href":"https:\/\/www.profiautos.com.br\/novosite\/wp-json\/wp\/v2\/product\/3651"}],"collection":[{"href":"https:\/\/www.profiautos.com.br\/novosite\/wp-json\/wp\/v2\/product"}],"about":[{"href":"https:\/\/www.profiautos.com.br\/novosite\/wp-json\/wp\/v2\/types\/product"}],"wp:featuredmedia":[{"embeddable":true,"href":"https:\/\/www.profiautos.com.br\/novosite\/wp-json\/wp\/v2\/media\/3737"}],"wp:attachment":[{"href":"https:\/\/www.profiautos.com.br\/novosite\/wp-json\/wp\/v2\/media?parent=3651"}],"wp:term":[{"taxonomy":"product_cat","embeddable":true,"href":"https:\/\/www.profiautos.com.br\/novosite\/wp-json\/wp\/v2\/product_cat?post=3651"},{"taxonomy":"product_tag","embeddable":true,"href":"https:\/\/www.profiautos.com.br\/novosite\/wp-json\/wp\/v2\/product_tag?post=3651"}],"curies":[{"name":"wp","href":"https:\/\/api.w.org\/{rel}","templated":true}]}}