{"id":3632,"date":"2022-05-11T08:14:14","date_gmt":"2022-05-11T11:14:14","guid":{"rendered":"http:\/\/www.profiautos.com.br\/novosite\/?post_type=product&#038;p=3632"},"modified":"2022-09-02T09:28:59","modified_gmt":"2022-09-02T12:28:59","slug":"injecao-diesel-veicular","status":"publish","type":"product","link":"https:\/\/www.profiautos.com.br\/novosite\/produto\/injecao-diesel-veicular\/","title":{"rendered":"INJE\u00c7\u00c3O DIESEL VEICULAR"},"content":{"rendered":"<p>Objetivo: Formar profissionais para atuar no segmento de repara\u00e7\u00e3o e diagn\u00f3stico de defeitos em ve\u00edculos.<\/p>\n<p>&nbsp;<\/p>\n<p>Requisitos: Conhecimento de inje\u00e7\u00e3o de motores \u00e1lcool e gasolina.<\/p>\n<p>Conte\u00fado program\u00e1tico:<\/p>\n<ul>\n<li>Funcionamento do motor diesel;<\/li>\n<li>Tipos de inje\u00e7\u00e3o;<\/li>\n<li>Sistema de alimenta\u00e7\u00e3o diesel;<\/li>\n<li>Bomba de alta press\u00e3o;<\/li>\n<li>Tubo distribuidor;<\/li>\n<li>Uso do scanner;<\/li>\n<li>Turbo de geometria vari\u00e1vel;<\/li>\n<li>Diagn\u00f3stico e localiza\u00e7\u00e3o de componentes;<\/li>\n<li>An\u00e1lise de circuito el\u00e9trico;<\/li>\n<\/ul>\n<p>Dura\u00e7\u00e3o: 2 semanas (20hrs)<\/p>\n<p>Hor\u00e1rio das aulas: segunda \u00e1 quinta-feira (19h00 \u00e1s 21h30h)<\/p>\n<p>Data: FORMA\u00c7\u00c3O<\/p>\n<p>Incluso: Material did\u00e1tico e certificado de participa\u00e7\u00e3o.<\/p>\n<p>Formas de pagamento: \u00e1 vista ou at\u00e9 3x sem juros no cart\u00e3o de cr\u00e9dito.<\/p>\n","protected":false},"excerpt":{"rendered":"<p>Objetivo: Formar profissionais para atuar no segmento de repara\u00e7\u00e3o e diagn\u00f3stico de defeitos em ve\u00edculos. &nbsp; Requisitos: Conhecimento de inje\u00e7\u00e3o de motores \u00e1lcool e gasolina. Conte\u00fado program\u00e1tico: Funcionamento do motor diesel; Tipos de inje\u00e7\u00e3o; Sistema de alimenta\u00e7\u00e3o diesel; Bomba de alta press\u00e3o; Tubo distribuidor; Uso do scanner; Turbo de geometria vari\u00e1vel; Diagn\u00f3stico e localiza\u00e7\u00e3o de [&hellip;]<\/p>\n","protected":false},"featured_media":3633,"template":"","meta":{"_exactmetrics_skip_tracking":false,"_exactmetrics_sitenote_active":false,"_exactmetrics_sitenote_note":"","_exactmetrics_sitenote_category":0},"product_cat":[8,21],"product_tag":[],"class_list":{"0":"post-3632","1":"product","2":"type-product","3":"status-publish","4":"has-post-thumbnail","6":"product_cat-cursos-automotivos","7":"product_cat-injecao-eletronica","9":"first","10":"instock","11":"taxable","12":"shipping-taxable","13":"purchasable","14":"product-type-simple"},"_links":{"self":[{"href":"https:\/\/www.profiautos.com.br\/novosite\/wp-json\/wp\/v2\/product\/3632"}],"collection":[{"href":"https:\/\/www.profiautos.com.br\/novosite\/wp-json\/wp\/v2\/product"}],"about":[{"href":"https:\/\/www.profiautos.com.br\/novosite\/wp-json\/wp\/v2\/types\/product"}],"wp:featuredmedia":[{"embeddable":true,"href":"https:\/\/www.profiautos.com.br\/novosite\/wp-json\/wp\/v2\/media\/3633"}],"wp:attachment":[{"href":"https:\/\/www.profiautos.com.br\/novosite\/wp-json\/wp\/v2\/media?parent=3632"}],"wp:term":[{"taxonomy":"product_cat","embeddable":true,"href":"https:\/\/www.profiautos.com.br\/novosite\/wp-json\/wp\/v2\/product_cat?post=3632"},{"taxonomy":"product_tag","embeddable":true,"href":"https:\/\/www.profiautos.com.br\/novosite\/wp-json\/wp\/v2\/product_tag?post=3632"}],"curies":[{"name":"wp","href":"https:\/\/api.w.org\/{rel}","templated":true}]}}