{"id":3588,"date":"2022-03-17T12:42:49","date_gmt":"2022-03-17T15:42:49","guid":{"rendered":"http:\/\/www.profiautos.com.br\/novosite\/?post_type=product&#038;p=3588"},"modified":"2022-03-17T12:47:23","modified_gmt":"2022-03-17T15:47:23","slug":"cftv-circuito-fechado-de-tv","status":"publish","type":"product","link":"https:\/\/www.profiautos.com.br\/novosite\/produto\/cftv-circuito-fechado-de-tv\/","title":{"rendered":"CFTV (CIRCUITO FECHADO DE TV)"},"content":{"rendered":"<p><strong>CFTV (CIRCUITO FECHADO DE TV)<\/strong><\/p>\n<p><strong>Conte\u00fado Program\u00e1tico:<\/strong><\/p>\n<p>&#8211; Eletricidade B\u00e1sica;<br \/>\n&#8211; Tipos de C\u00e2mera;<br \/>\n&#8211; Configura\u00e7\u00f5es de grava\u00e7\u00f5es;<br \/>\n&#8211; DVR Stand Alone;<br \/>\n&#8211; E muito mais!<\/p>\n<p><strong>Dura\u00e7\u00e3o:<\/strong>\u00a02 semanas (20 hrs);<\/p>\n<p><strong>Hor\u00e1rio:<\/strong> Segunda-feira \u00e0 Quinta-feira, de 19:00 \u00e0s 21:30;<\/p>\n<p><strong>In\u00edcio Previsto: <\/strong>Em Forma\u00e7\u00e3o;<\/p>\n<p><strong>Incluso:<\/strong> Material did\u00e1tico e Certificado de Conclus\u00e3o;<\/p>\n<p><strong>Investimento:<\/strong> R$650,00 \u00e0 vista ou em at\u00e9 3x sem juros no Cart\u00e3o de Cr\u00e9dito.<\/p>\n","protected":false},"excerpt":{"rendered":"<p>CFTV (CIRCUITO FECHADO DE TV) Conte\u00fado Program\u00e1tico: &#8211; Eletricidade B\u00e1sica; &#8211; Tipos de C\u00e2mera; &#8211; Configura\u00e7\u00f5es de grava\u00e7\u00f5es; &#8211; DVR Stand Alone; &#8211; E muito mais! Dura\u00e7\u00e3o:\u00a02 semanas (20 hrs); Hor\u00e1rio: Segunda-feira \u00e0 Quinta-feira, de 19:00 \u00e0s 21:30; In\u00edcio Previsto: Em Forma\u00e7\u00e3o; Incluso: Material did\u00e1tico e Certificado de Conclus\u00e3o; Investimento: R$650,00 \u00e0 vista ou em [&hellip;]<\/p>\n","protected":false},"featured_media":3589,"template":"","meta":{"_exactmetrics_skip_tracking":false,"_exactmetrics_sitenote_active":false,"_exactmetrics_sitenote_note":"","_exactmetrics_sitenote_category":0},"product_cat":[67],"product_tag":[],"class_list":{"0":"post-3588","1":"product","2":"type-product","3":"status-publish","4":"has-post-thumbnail","6":"product_cat-sem-categoria","8":"first","9":"instock","10":"taxable","11":"shipping-taxable","12":"purchasable","13":"product-type-simple"},"_links":{"self":[{"href":"https:\/\/www.profiautos.com.br\/novosite\/wp-json\/wp\/v2\/product\/3588"}],"collection":[{"href":"https:\/\/www.profiautos.com.br\/novosite\/wp-json\/wp\/v2\/product"}],"about":[{"href":"https:\/\/www.profiautos.com.br\/novosite\/wp-json\/wp\/v2\/types\/product"}],"wp:featuredmedia":[{"embeddable":true,"href":"https:\/\/www.profiautos.com.br\/novosite\/wp-json\/wp\/v2\/media\/3589"}],"wp:attachment":[{"href":"https:\/\/www.profiautos.com.br\/novosite\/wp-json\/wp\/v2\/media?parent=3588"}],"wp:term":[{"taxonomy":"product_cat","embeddable":true,"href":"https:\/\/www.profiautos.com.br\/novosite\/wp-json\/wp\/v2\/product_cat?post=3588"},{"taxonomy":"product_tag","embeddable":true,"href":"https:\/\/www.profiautos.com.br\/novosite\/wp-json\/wp\/v2\/product_tag?post=3588"}],"curies":[{"name":"wp","href":"https:\/\/api.w.org\/{rel}","templated":true}]}}