{"id":3567,"date":"2022-03-10T14:30:10","date_gmt":"2022-03-10T17:30:10","guid":{"rendered":"http:\/\/www.profiautos.com.br\/novosite\/?post_type=product&#038;p=3567"},"modified":"2025-10-08T12:40:33","modified_gmt":"2025-10-08T15:40:33","slug":"curso-de-troca-de-oleo-em-cambio-automatico","status":"publish","type":"product","link":"https:\/\/www.profiautos.com.br\/novosite\/produto\/curso-de-troca-de-oleo-em-cambio-automatico\/","title":{"rendered":"CURSO DE TROCA DE \u00d3LEO EM C\u00c2MBIO AUTOM\u00c1TICO"},"content":{"rendered":"<p><strong>TROCA DE \u00d3LEO EM C\u00c2MBIO AUTOM\u00c1TICO<\/strong><\/p>\n<p><strong>Objetivo: <\/strong>Ensinar aos participantes os procedimentos de troca de \u00f3leo de cambio autom\u00e1tico utilizando t\u00e9cnicas manuais com m\u00e1quina.<\/p>\n<p><strong>Conte\u00fado Program\u00e1tico:<\/strong><br \/>\nApresenta\u00e7\u00e3o do c\u00e2mbio autom\u00e1tico<br \/>\nIdentifica\u00e7\u00e3o do c\u00e2mbio<br \/>\nApresenta\u00e7\u00e3o dos componentes do c\u00e2mbio<br \/>\nApresenta\u00e7\u00e3o das ferramentas e equipamentos<br \/>\nDiagn\u00f3stico de falhas mec\u00e2nicas e el\u00e9tricas<br \/>\nElementos de veda\u00e7\u00e3o e filtragem<br \/>\nTipos de fluidos<br \/>\nTroca do fluido<\/p>\n<p><strong>P\u00fablico Alvo:\u00a0<\/strong>Mec\u00e2nicos, Auxiliares de Mec\u00e2nicos e Trocadores de \u00d3leo;<\/p>\n<p><strong>Dura\u00e7\u00e3o:<\/strong> 20hrs (2 Semanas);<\/p>\n<p><strong>In\u00edcio Previsto: <\/strong>08\/12\/2025<\/p>\n<p><strong>Hor\u00e1rio das aulas: <\/strong>Segunda a Quinta (19:00 as 21:30);<\/p>\n<p><strong>Incluso:<\/strong>\u00a0Material did\u00e1tico e Certificado de conclus\u00e3o;<\/p>\n<p><strong>Formas de Pagamento:<\/strong>\u00a0R$1.200,00 A vista ou at\u00e9 5x sem juros no Cart\u00e3o de Cr\u00e9dito.<\/p>\n","protected":false},"excerpt":{"rendered":"<p>TROCA DE \u00d3LEO EM C\u00c2MBIO AUTOM\u00c1TICO Objetivo: Ensinar aos participantes os procedimentos de troca de \u00f3leo de cambio autom\u00e1tico utilizando t\u00e9cnicas manuais com m\u00e1quina. Conte\u00fado Program\u00e1tico: Apresenta\u00e7\u00e3o do c\u00e2mbio autom\u00e1tico Identifica\u00e7\u00e3o do c\u00e2mbio Apresenta\u00e7\u00e3o dos componentes do c\u00e2mbio Apresenta\u00e7\u00e3o das ferramentas e equipamentos Diagn\u00f3stico de falhas mec\u00e2nicas e el\u00e9tricas Elementos de veda\u00e7\u00e3o e filtragem Tipos [&hellip;]<\/p>\n","protected":false},"featured_media":4011,"template":"","meta":{"_exactmetrics_skip_tracking":false,"_exactmetrics_sitenote_active":false,"_exactmetrics_sitenote_note":"","_exactmetrics_sitenote_category":0},"product_cat":[8,14,23,18],"product_tag":[],"class_list":{"0":"post-3567","1":"product","2":"type-product","3":"status-publish","4":"has-post-thumbnail","6":"product_cat-cursos-automotivos","7":"product_cat-cursos-com-matriculas-abertas","8":"product_cat-diesel","9":"product_cat-diversas","11":"first","12":"instock","13":"taxable","14":"shipping-taxable","15":"purchasable","16":"product-type-simple"},"_links":{"self":[{"href":"https:\/\/www.profiautos.com.br\/novosite\/wp-json\/wp\/v2\/product\/3567"}],"collection":[{"href":"https:\/\/www.profiautos.com.br\/novosite\/wp-json\/wp\/v2\/product"}],"about":[{"href":"https:\/\/www.profiautos.com.br\/novosite\/wp-json\/wp\/v2\/types\/product"}],"wp:featuredmedia":[{"embeddable":true,"href":"https:\/\/www.profiautos.com.br\/novosite\/wp-json\/wp\/v2\/media\/4011"}],"wp:attachment":[{"href":"https:\/\/www.profiautos.com.br\/novosite\/wp-json\/wp\/v2\/media?parent=3567"}],"wp:term":[{"taxonomy":"product_cat","embeddable":true,"href":"https:\/\/www.profiautos.com.br\/novosite\/wp-json\/wp\/v2\/product_cat?post=3567"},{"taxonomy":"product_tag","embeddable":true,"href":"https:\/\/www.profiautos.com.br\/novosite\/wp-json\/wp\/v2\/product_tag?post=3567"}],"curies":[{"name":"wp","href":"https:\/\/api.w.org\/{rel}","templated":true}]}}