{"id":355,"date":"2022-04-04T14:00:03","date_gmt":"2022-04-04T17:00:03","guid":{"rendered":"http:\/\/www.profiautos.com.br\/novosite\/produto\/martelinho-de-ouro\/"},"modified":"2025-07-23T12:07:50","modified_gmt":"2025-07-23T15:07:50","slug":"martelinho-de-ouro","status":"publish","type":"product","link":"https:\/\/www.profiautos.com.br\/novosite\/produto\/martelinho-de-ouro\/","title":{"rendered":"MARTELINHO DE OURO &#8211; S\u00c1BADOS"},"content":{"rendered":"<p class=\"western\" align=\"justify\"><b>MARTELINHO DE OURO &#8211; S\u00c1BADOS<\/b><\/p>\n<p class=\"western\" align=\"justify\"><b>Objetivo: <\/b>Desenvolver habilidades t\u00e9cnicas e pr\u00e1ticas com uso de ferramentas para recupera\u00e7\u00e3o de avarias nas carrocerias automotivas, mantendo a originalidade.<\/p>\n<p class=\"western\" align=\"justify\"><b>Conte\u00fado Program\u00e1tico:<\/b><\/p>\n<ul>\n<li>Tipos de Pinturas e Chapas;<\/li>\n<li>Saber identificar os Amassados;<\/li>\n<li>Ferramentas: Como prepara-las e para que serve cada uma delas;<\/li>\n<li>Como identificar Amassados e Problemas futuros;<\/li>\n<li>At\u00e9 quando \u00e9 Martelinho e Chapea\u00e7\u00e3o;<\/li>\n<li>Tipos de Amassados, Chuva de Granizo, Vincos Amassado Bola, Amassado Sorriso, Amassados de Estacionamento, Etc.;<\/li>\n<li>Leitura dos Amassados;<\/li>\n<li>No\u00e7\u00e3o B\u00e1sica de Montagem e Desmontagem;<\/li>\n<li>Repara\u00e7\u00e3o;<\/li>\n<li>Processo e T\u00e9cnica de Repara\u00e7\u00e3o de Amassados;<\/li>\n<li>Utiliza\u00e7\u00e3o do Soprador T\u00e9rmico;<\/li>\n<li>Utiliza\u00e7\u00e3o de Ventosas;<\/li>\n<li>Utiliza\u00e7\u00e3o do Martelo Americano;<\/li>\n<li>Seguran\u00e7a no Trabalho.<\/li>\n<\/ul>\n<p><b>Dura\u00e7\u00e3o: <\/b>06 s\u00e1bados (30 hrs);<\/p>\n<p class=\"western\" align=\"justify\"><b>Hor\u00e1rio das aulas:<\/b>\u00a0S\u00e1bados (08:00 \u00e0s 13:00);<\/p>\n<p class=\"western\" align=\"justify\"><strong>Per\u00edodo:<\/strong> 20\/09\/2025 (Previs\u00e3o);<\/p>\n<p class=\"western\" align=\"justify\"><b>Incluso:<\/b> Material Did\u00e1tico e Certificado de Participa\u00e7\u00e3o;<\/p>\n<p class=\"western\" align=\"justify\"><b>Formas de Pagamento:<\/b> A vista ou em at\u00e9 3x sem juros no Cart\u00e3o de Cr\u00e9dito.<\/p>\n","protected":false},"excerpt":{"rendered":"<p>MARTELINHO DE OURO &#8211; S\u00c1BADOS Objetivo: Desenvolver habilidades t\u00e9cnicas e pr\u00e1ticas com uso de ferramentas para recupera\u00e7\u00e3o de avarias nas carrocerias automotivas, mantendo a originalidade. Conte\u00fado Program\u00e1tico: Tipos de Pinturas e Chapas; Saber identificar os Amassados; Ferramentas: Como prepara-las e para que serve cada uma delas; Como identificar Amassados e Problemas futuros; At\u00e9 quando \u00e9 [&hellip;]<\/p>\n","protected":false},"featured_media":3450,"template":"","meta":{"_exactmetrics_skip_tracking":false,"_exactmetrics_sitenote_active":false,"_exactmetrics_sitenote_note":"","_exactmetrics_sitenote_category":0},"product_cat":[8,14],"product_tag":[],"class_list":{"0":"post-355","1":"product","2":"type-product","3":"status-publish","4":"has-post-thumbnail","6":"product_cat-cursos-automotivos","7":"product_cat-cursos-com-matriculas-abertas","9":"first","10":"instock","11":"purchasable","12":"product-type-simple"},"_links":{"self":[{"href":"https:\/\/www.profiautos.com.br\/novosite\/wp-json\/wp\/v2\/product\/355"}],"collection":[{"href":"https:\/\/www.profiautos.com.br\/novosite\/wp-json\/wp\/v2\/product"}],"about":[{"href":"https:\/\/www.profiautos.com.br\/novosite\/wp-json\/wp\/v2\/types\/product"}],"wp:featuredmedia":[{"embeddable":true,"href":"https:\/\/www.profiautos.com.br\/novosite\/wp-json\/wp\/v2\/media\/3450"}],"wp:attachment":[{"href":"https:\/\/www.profiautos.com.br\/novosite\/wp-json\/wp\/v2\/media?parent=355"}],"wp:term":[{"taxonomy":"product_cat","embeddable":true,"href":"https:\/\/www.profiautos.com.br\/novosite\/wp-json\/wp\/v2\/product_cat?post=355"},{"taxonomy":"product_tag","embeddable":true,"href":"https:\/\/www.profiautos.com.br\/novosite\/wp-json\/wp\/v2\/product_tag?post=355"}],"curies":[{"name":"wp","href":"https:\/\/api.w.org\/{rel}","templated":true}]}}