{"id":3535,"date":"2022-04-04T13:00:44","date_gmt":"2022-04-04T16:00:44","guid":{"rendered":"http:\/\/www.profiautos.com.br\/novosite\/?post_type=product&#038;p=3535"},"modified":"2025-06-11T09:13:44","modified_gmt":"2025-06-11T12:13:44","slug":"injecao-eletronica-veicular","status":"publish","type":"product","link":"https:\/\/www.profiautos.com.br\/novosite\/produto\/injecao-eletronica-veicular\/","title":{"rendered":"INJE\u00c7\u00c3O ELETR\u00d4NICA VEICULAR"},"content":{"rendered":"<p class=\"western\" align=\"justify\"><b>INJE\u00c7\u00c3O ELETR\u00d4NICA VEICULAR<\/b><\/p>\n<p class=\"western\" align=\"justify\"><b>Objetivo:<\/b> Capacitar jovens e adultos a executarem servi\u00e7os assim como analisar, diagnosticar e solucionar problemas no sistema de inje\u00e7\u00e3o eletr\u00f4nica.<\/p>\n<p class=\"western\" align=\"justify\"><b>Conte\u00fado Program\u00e1tico:<\/b><\/p>\n<ul>\n<li class=\"western\">Rela\u00e7\u00e3o de Ve\u00edculos;<\/li>\n<li class=\"western\">Sistema de Inje\u00e7\u00e3o e Igni\u00e7\u00e3o;<\/li>\n<li class=\"western\">Funcionamento B\u00e1sico de um Sistema de Inje\u00e7\u00e3o;<\/li>\n<li class=\"western\">Subsistema de Combust\u00edvel;<\/li>\n<li class=\"western\">Subsistema de Ar;<\/li>\n<li class=\"western\">Controle de Emiss\u00f5es de Poluentes;<\/li>\n<li class=\"western\">Esquema El\u00e9trico de Inje\u00e7\u00e3o Eletr\u00f4nica FIAT, VW, FORD e GM;<\/li>\n<li class=\"western\">Diagn\u00f3stico do Ve\u00edculo atrav\u00e9s do Scanner;<\/li>\n<li class=\"western\">Limpeza de Injetores atrav\u00e9s de Ultrassom;<\/li>\n<li class=\"western\">Teste de Press\u00e3o e Vaz\u00e3o de Bomba Man\u00f4metro.<\/li>\n<\/ul>\n<p class=\"western\" align=\"justify\"><b><br \/>\nDura\u00e7\u00e3o:<\/b> 4 Semanas (40 hrs);<\/p>\n<p class=\"western\" align=\"justify\"><b>Hor\u00e1rio das aulas:<\/b>\u00a0Segunda-feira \u00e0 Quinta-feira (19:00 \u00e0s 21:30);<\/p>\n<p class=\"western\" align=\"justify\"><strong>Per\u00edodo: <\/strong>18\/08\/2025;<\/p>\n<p class=\"western\" align=\"justify\"><b>Incluso:<\/b> Material Did\u00e1tico e Certificado de Participa\u00e7\u00e3o;<\/p>\n<p align=\"justify\"><b>Formas pagamento:<\/b>\u00a0R$ 750,00 A vista ou at\u00e9 3x sem juros no Cart\u00e3o de Cr\u00e9dito.<\/p>\n","protected":false},"excerpt":{"rendered":"<p>INJE\u00c7\u00c3O ELETR\u00d4NICA VEICULAR Objetivo: Capacitar jovens e adultos a executarem servi\u00e7os assim como analisar, diagnosticar e solucionar problemas no sistema de inje\u00e7\u00e3o eletr\u00f4nica. Conte\u00fado Program\u00e1tico: Rela\u00e7\u00e3o de Ve\u00edculos; Sistema de Inje\u00e7\u00e3o e Igni\u00e7\u00e3o; Funcionamento B\u00e1sico de um Sistema de Inje\u00e7\u00e3o; Subsistema de Combust\u00edvel; Subsistema de Ar; Controle de Emiss\u00f5es de Poluentes; Esquema El\u00e9trico de Inje\u00e7\u00e3o [&hellip;]<\/p>\n","protected":false},"featured_media":3719,"template":"","meta":{"_exactmetrics_skip_tracking":false,"_exactmetrics_sitenote_active":false,"_exactmetrics_sitenote_note":"","_exactmetrics_sitenote_category":0},"product_cat":[8,14,11],"product_tag":[],"class_list":{"0":"post-3535","1":"product","2":"type-product","3":"status-publish","4":"has-post-thumbnail","6":"product_cat-cursos-automotivos","7":"product_cat-cursos-com-matriculas-abertas","8":"product_cat-treinamento","10":"first","11":"instock","12":"taxable","13":"shipping-taxable","14":"purchasable","15":"product-type-simple"},"_links":{"self":[{"href":"https:\/\/www.profiautos.com.br\/novosite\/wp-json\/wp\/v2\/product\/3535"}],"collection":[{"href":"https:\/\/www.profiautos.com.br\/novosite\/wp-json\/wp\/v2\/product"}],"about":[{"href":"https:\/\/www.profiautos.com.br\/novosite\/wp-json\/wp\/v2\/types\/product"}],"wp:featuredmedia":[{"embeddable":true,"href":"https:\/\/www.profiautos.com.br\/novosite\/wp-json\/wp\/v2\/media\/3719"}],"wp:attachment":[{"href":"https:\/\/www.profiautos.com.br\/novosite\/wp-json\/wp\/v2\/media?parent=3535"}],"wp:term":[{"taxonomy":"product_cat","embeddable":true,"href":"https:\/\/www.profiautos.com.br\/novosite\/wp-json\/wp\/v2\/product_cat?post=3535"},{"taxonomy":"product_tag","embeddable":true,"href":"https:\/\/www.profiautos.com.br\/novosite\/wp-json\/wp\/v2\/product_tag?post=3535"}],"curies":[{"name":"wp","href":"https:\/\/api.w.org\/{rel}","templated":true}]}}