{"id":3523,"date":"2021-11-17T11:29:47","date_gmt":"2021-11-17T14:29:47","guid":{"rendered":"http:\/\/www.profiautos.com.br\/novosite\/?post_type=product&#038;p=3523"},"modified":"2022-07-20T08:32:03","modified_gmt":"2022-07-20T11:32:03","slug":"curso-de-natal","status":"publish","type":"product","link":"https:\/\/www.profiautos.com.br\/novosite\/produto\/curso-de-natal\/","title":{"rendered":"CURSO DE OVOS DE P\u00c1SCOA"},"content":{"rendered":"<p>CURSO DE OVOS DE P\u00c1SCOA<\/p>\n<p><strong>CONTE\u00daDO PROGRAM\u00c1TICO <\/strong><\/p>\n<p>&#8211; Tipos de chocolate e utens\u00edlios;<br \/>\n&#8211; Produ\u00e7\u00e3o de cascas e recheios;<br \/>\n&#8211; Durabilidade e armazenamento;<br \/>\n&#8211; Montagem, embalagem;<br \/>\n&#8211; Card\u00e1pio, no\u00e7\u00f5es de custo e comercializa\u00e7\u00e3o.<\/p>\n<p><strong>Dura\u00e7\u00e3o:<\/strong>\u00a02 dias (6h)<\/p>\n<p><strong>Per\u00edodo: <\/strong>\u00a0(Forma\u00e7\u00e3o)<\/p>\n<p><strong>Hor\u00e1rio das aulas:\u00a0<\/strong>14:00h as 17:00h<\/p>\n<p><strong>Incluso: <\/strong>Material did\u00e1tico e certificado de participa\u00e7\u00e3o.<\/p>\n<p><strong>Formas de Pagamento: <\/strong>A Vista ou At\u00e9 3x Sem Juros no Cart\u00e3o de Cr\u00e9dito.<\/p>\n","protected":false},"excerpt":{"rendered":"<p>CURSO DE OVOS DE P\u00c1SCOA CONTE\u00daDO PROGRAM\u00c1TICO &#8211; Tipos de chocolate e utens\u00edlios; &#8211; Produ\u00e7\u00e3o de cascas e recheios; &#8211; Durabilidade e armazenamento; &#8211; Montagem, embalagem; &#8211; Card\u00e1pio, no\u00e7\u00f5es de custo e comercializa\u00e7\u00e3o. Dura\u00e7\u00e3o:\u00a02 dias (6h) Per\u00edodo: \u00a0(Forma\u00e7\u00e3o) Hor\u00e1rio das aulas:\u00a014:00h as 17:00h Incluso: Material did\u00e1tico e certificado de participa\u00e7\u00e3o. Formas de Pagamento: A Vista [&hellip;]<\/p>\n","protected":false},"featured_media":3571,"template":"","meta":{"_exactmetrics_skip_tracking":false,"_exactmetrics_sitenote_active":false,"_exactmetrics_sitenote_note":"","_exactmetrics_sitenote_category":0},"product_cat":[9],"product_tag":[],"class_list":{"0":"post-3523","1":"product","2":"type-product","3":"status-publish","4":"has-post-thumbnail","6":"product_cat-cursos-de-gastronomia","8":"first","9":"instock","10":"taxable","11":"shipping-taxable","12":"purchasable","13":"product-type-simple"},"_links":{"self":[{"href":"https:\/\/www.profiautos.com.br\/novosite\/wp-json\/wp\/v2\/product\/3523"}],"collection":[{"href":"https:\/\/www.profiautos.com.br\/novosite\/wp-json\/wp\/v2\/product"}],"about":[{"href":"https:\/\/www.profiautos.com.br\/novosite\/wp-json\/wp\/v2\/types\/product"}],"wp:featuredmedia":[{"embeddable":true,"href":"https:\/\/www.profiautos.com.br\/novosite\/wp-json\/wp\/v2\/media\/3571"}],"wp:attachment":[{"href":"https:\/\/www.profiautos.com.br\/novosite\/wp-json\/wp\/v2\/media?parent=3523"}],"wp:term":[{"taxonomy":"product_cat","embeddable":true,"href":"https:\/\/www.profiautos.com.br\/novosite\/wp-json\/wp\/v2\/product_cat?post=3523"},{"taxonomy":"product_tag","embeddable":true,"href":"https:\/\/www.profiautos.com.br\/novosite\/wp-json\/wp\/v2\/product_tag?post=3523"}],"curies":[{"name":"wp","href":"https:\/\/api.w.org\/{rel}","templated":true}]}}