{"id":3492,"date":"2021-09-23T11:27:24","date_gmt":"2021-09-23T14:27:24","guid":{"rendered":"http:\/\/www.profiautos.com.br\/novosite\/?post_type=product&#038;p=3492"},"modified":"2026-04-01T14:01:14","modified_gmt":"2026-04-01T17:01:14","slug":"tortas-de-vitrine","status":"publish","type":"product","link":"https:\/\/www.profiautos.com.br\/novosite\/produto\/tortas-de-vitrine\/","title":{"rendered":"TORTAS DE VITRINE"},"content":{"rendered":"<p><strong><em>TORTAS DE VITRINE<\/em><\/strong><\/p>\n<p>Objetivo: Capacitar amadores ou profissionais na \u00e1rea de tortas podendo atuar como microempreendedor individual ou prestar servi\u00e7os a empresas no ramo.<\/p>\n<p><strong>CONTE\u00daDO PROGRAM\u00c1TICO <\/strong><\/p>\n<p>&#8211; Introdu\u00e7\u00e3o a Boas Pr\u00e1ticas de Fabrica\u00e7\u00e3o de Alimentos;<\/p>\n<p>&#8211; Introdu\u00e7\u00e3o \u00e0 Ficha T\u00e9cnica;<\/p>\n<p>&#8211; Elabora\u00e7\u00e3o de Massas;<\/p>\n<p>&#8211; Elabora\u00e7\u00e3o de Caldas;<\/p>\n<p>&#8211; Elabora\u00e7\u00e3o de Recheios;<\/p>\n<p>&#8211; Elabora\u00e7\u00e3o de Coberturas;<\/p>\n<p>&#8211; T\u00e9cnicas de Bicos de Confeitar;<\/p>\n<p>&#8211; Elabora\u00e7\u00e3o de Decora\u00e7\u00f5es;<\/p>\n<p>&#8211; Montagens de Tortas;<\/p>\n<p>&#8211; T\u00e9cnicas de Decora\u00e7\u00e3o;<\/p>\n<p><strong>\u00a0<\/strong><strong>Dura\u00e7\u00e3o: <\/strong>6 horas<\/p>\n<p><strong>Inicio: <\/strong>10\/12\/2024<\/p>\n<p><strong>\u00a0<\/strong><strong>Per\u00edodo:<\/strong>\u00a0Ter\u00e7a a quinta &#8211; 14:00 as 17:00.<\/p>\n<p><strong>Incluso: <\/strong>Material did\u00e1tico e certificado de participa\u00e7\u00e3o.<\/p>\n","protected":false},"excerpt":{"rendered":"<p>TORTAS DE VITRINE Objetivo: Capacitar amadores ou profissionais na \u00e1rea de tortas podendo atuar como microempreendedor individual ou prestar servi\u00e7os a empresas no ramo. CONTE\u00daDO PROGRAM\u00c1TICO &#8211; Introdu\u00e7\u00e3o a Boas Pr\u00e1ticas de Fabrica\u00e7\u00e3o de Alimentos; &#8211; Introdu\u00e7\u00e3o \u00e0 Ficha T\u00e9cnica; &#8211; Elabora\u00e7\u00e3o de Massas; &#8211; Elabora\u00e7\u00e3o de Caldas; &#8211; Elabora\u00e7\u00e3o de Recheios; &#8211; Elabora\u00e7\u00e3o de [&hellip;]<\/p>\n","protected":false},"featured_media":3493,"template":"","meta":{"_exactmetrics_skip_tracking":false,"_exactmetrics_sitenote_active":false,"_exactmetrics_sitenote_note":"","_exactmetrics_sitenote_category":0},"product_cat":[14,9],"product_tag":[],"class_list":{"0":"post-3492","1":"product","2":"type-product","3":"status-publish","4":"has-post-thumbnail","6":"product_cat-cursos-com-matriculas-abertas","7":"product_cat-cursos-de-gastronomia","9":"first","10":"instock","11":"taxable","12":"shipping-taxable","13":"purchasable","14":"product-type-simple"},"_links":{"self":[{"href":"https:\/\/www.profiautos.com.br\/novosite\/wp-json\/wp\/v2\/product\/3492"}],"collection":[{"href":"https:\/\/www.profiautos.com.br\/novosite\/wp-json\/wp\/v2\/product"}],"about":[{"href":"https:\/\/www.profiautos.com.br\/novosite\/wp-json\/wp\/v2\/types\/product"}],"wp:featuredmedia":[{"embeddable":true,"href":"https:\/\/www.profiautos.com.br\/novosite\/wp-json\/wp\/v2\/media\/3493"}],"wp:attachment":[{"href":"https:\/\/www.profiautos.com.br\/novosite\/wp-json\/wp\/v2\/media?parent=3492"}],"wp:term":[{"taxonomy":"product_cat","embeddable":true,"href":"https:\/\/www.profiautos.com.br\/novosite\/wp-json\/wp\/v2\/product_cat?post=3492"},{"taxonomy":"product_tag","embeddable":true,"href":"https:\/\/www.profiautos.com.br\/novosite\/wp-json\/wp\/v2\/product_tag?post=3492"}],"curies":[{"name":"wp","href":"https:\/\/api.w.org\/{rel}","templated":true}]}}