{"id":3473,"date":"2021-08-23T17:14:07","date_gmt":"2021-08-23T20:14:07","guid":{"rendered":"http:\/\/www.profiautos.com.br\/novosite\/?post_type=product&#038;p=3473"},"modified":"2021-08-27T14:24:41","modified_gmt":"2021-08-27T17:24:41","slug":"power-bi-desktop-imersao","status":"publish","type":"product","link":"https:\/\/www.profiautos.com.br\/novosite\/produto\/power-bi-desktop-imersao\/","title":{"rendered":"POWER BI DESKTOP (IMERS\u00c3O)"},"content":{"rendered":"<p><strong>Objetivo: <\/strong>Capacitar o aluno a dominar as ferramentas essenciais do Power BI, possibilitando-o a criar Dashboards de Forma Pr\u00e1tica e Simples, realizando f\u00f3rmulas e fun\u00e7\u00f5es para an\u00e1lises de dados.<\/p>\n<p><strong>Pr\u00e9-requisito: <\/strong>Conhecimento pr\u00e9vio em Microsoft Excel,\u00a0 Levar o Notebook com o software(Power BI)\u00a0 instalado e a Material(Apostila) \u00e9 Digital.<\/p>\n<p><strong>M\u00f3dulo I \u2013 Essentials<\/strong><\/p>\n<p><strong>O que \u00e9 o Power BI?<\/strong><\/p>\n<p>O Power BI \u00e9 um software que possibilita ter uma vis\u00e3o geral das m\u00e9tricas, facilitando o processo de tomada de decis\u00f5es, nas mais diferentes \u00e1reas.<\/p>\n<p>O Conhecimento do Power BI \u00e9, cada vez mais, exigido para vagas de alto n\u00edvel nas empresas. Com o conhecimento abordado neste curso, voc\u00ea estar\u00e1 \u00e0 frente da maioria dos candidatos e poder\u00e1 levar a sua Carreira Profissional a um novo patamar.<\/p>\n<p>Com este treinamento voc\u00ea ser\u00e1 capaz de Desenvolver Dashboards Din\u00e2micos, Interativos e Profissionais.<\/p>\n<p>Saber criar Dashboard \u00e9 essencial na gest\u00e3o empresarial, possibilitando uma vis\u00e3o estrat\u00e9gica por meio da an\u00e1lise de dados e KPIs &#8211;\u00a0Indicadores Chave de Desempenho.<\/p>\n<p><strong>Ap\u00f3s a Conclus\u00e3o deste Curso voc\u00ea ser\u00e1 Capaz de:<\/strong><\/p>\n<ul>\n<li>Compreender na pr\u00e1tica, passo a passo, as ferramentas essenciais do Power BI, quais seus usos e import\u00e2ncia, quais s\u00e3o os principais componentes no processo pr\u00e1tico.<\/li>\n<li>Ter autonomia para o processo de transforma\u00e7\u00e3o de dados, cria\u00e7\u00e3o de f\u00f3rmulas para an\u00e1lises e desenvolvimento de Dashboard.<\/li>\n<li>Aprender a Criar Gr\u00e1ficos espec\u00edficos com as Poderosas Fun\u00e7\u00f5es DAX (Data Analysis Expression), como por exemplo: os Gr\u00e1ficos para Indicadores Chave de Desempenho, os KPIs.<strong>\u00a0<\/strong><\/li>\n<li>Aprender a Publicar ONLINE o Dashboard Criado.<\/li>\n<\/ul>\n<p><strong>Conte\u00fado Program\u00e1tico:<\/strong><\/p>\n<p><strong>Instala\u00e7\u00e3o e os Primeiros Exemplos com o Power BI<\/strong><\/p>\n<p>Instalando o Power BI<br \/>\nAtualizando o Power BI<br \/>\nConex\u00e3o com arquivo txt<br \/>\nTipos de Dados no Power BI<br \/>\nDesfazer e Refazer A\u00e7\u00f5es e outros Comandos B\u00e1sicos<br \/>\nLocalizar e Substituir<br \/>\nOcultar e Reexibir Colunas<br \/>\nColuna Condicional<br \/>\nComando Agrupar &#8211; Exemplo 1<br \/>\nComando Agrupar &#8211; Exemplo 2<br \/>\nCriando Dashboard<\/p>\n<p><strong>Dominando o Power Query Editor<\/strong><\/p>\n<p>Configura\u00e7\u00e3o da Fonte de Dados e o Comando Cortar e Limpar<br \/>\nCombinando Bases de Dados do mesmo Tipo<br \/>\nCombinando Bases de Origens Diferentes<br \/>\nDividir Colunas e Remover Linhas Principais<br \/>\nColuna \u00cdndice, Remover Linhas Inferiores e Alternadas<br \/>\nRemover Duplicatas e o Recurso Manter Linhas<br \/>\nConcatenando Colunas<br \/>\nOutras Formas de Concatenar, C\u00e1lculos com Porcentagens<br \/>\nMesclar Consultas &#8211; Aula 1<br \/>\nMesclar Consultas &#8211; Aula 2<br \/>\nWebScraping e Ranking<\/p>\n<p><strong>Fun\u00e7\u00f5es DAX &#8211; DATA ANALYSIS EXPRESSIONS no Power BI<\/strong><\/p>\n<p>O que \u00e9 Medida e Coluna Calculada &#8211; Fun\u00e7\u00e3o Sum<br \/>\nFun\u00e7\u00f5es Max, Min, Average<br \/>\nFun\u00e7\u00e3o SUMX<br \/>\nFun\u00e7\u00f5es Maxx, Minx e Averagex<br \/>\nFun\u00e7\u00f5es de Texto<br \/>\nFun\u00e7\u00e3o Counta<br \/>\nContagem Distinta &#8211; Organizando em uma Tabela as Medidas<br \/>\nIntegrando Bases e Gerando Novas Tabelas<br \/>\nFun\u00e7\u00f5es DAX: IF, IF Aninhada, Calculate, IF || e IF &amp;&amp;<br \/>\nFun\u00e7\u00e3o DAX &#8211; Soma Condicional<br \/>\nFun\u00e7\u00e3o DAX &#8211; Contagem Condicional<br \/>\nFun\u00e7\u00e3o DAX &#8211; M\u00e9dia Condicional<br \/>\nRelacionando Tabelas e Fun\u00e7\u00e3o Related x RelatedTable<br \/>\nTabela Calend\u00e1rio para as An\u00e1lises de Tempo<br \/>\nCriando Colunas Calculadas<br \/>\nFun\u00e7\u00e3o DAX para a Formata\u00e7\u00e3o e Data<br \/>\nComparando Valores entre Meses de Anos Diferentes<br \/>\nVaria\u00e7\u00e3o Percentual<br \/>\nComparando Valores do M\u00eas Atual com o M\u00eas Anterior do Mesmo Ano<\/p>\n<p>Acumulado Anual<br \/>\nAcumulado Mensal<br \/>\nAcumulado Trimestral<\/p>\n<p><strong>S\u00edntese &#8211; Fun\u00e7\u00f5es DAX Essenciais, em t\u00f3picos:<\/strong><\/p>\n<ul>\n<li>Sum<\/li>\n<li>Max<\/li>\n<li>Min<\/li>\n<li>Average<\/li>\n<li>Distinctcount<\/li>\n<li>Counta<\/li>\n<li>Sumx<\/li>\n<li>Maxx<\/li>\n<li>Minxx<\/li>\n<li>Averagex<\/li>\n<li>Countax<\/li>\n<li>Fun\u00e7\u00f5es l\u00f3gicas e condicionais essenciais<\/li>\n<li>Fun\u00e7\u00f5es de rela\u00e7\u00e3o essenciais<\/li>\n<li>Fun\u00e7\u00f5es de texto essenciais<\/li>\n<li>Fun\u00e7\u00f5es de intelig\u00eancia de tempo essenciais e etc.<\/li>\n<\/ul>\n<p><strong>Publicando Gr\u00e1ficos e Dashboards com o Power BI<\/strong><\/p>\n<p>Cadastrando o seu E-mail Corporativo<br \/>\nDashboard &#8211; Word Cloud e Enlighten Aquarium<br \/>\nDashboard &#8211; Gr\u00e1fico Tooltips<br \/>\nCriando Gr\u00e1ficos &#8211; Kpi Tacker, Kpi Indicator &#8211; Publica\u00e7\u00e3o<br \/>\nInserindo o seu Dashboard no App<\/p>\n<p><strong>T\u00e9cnicas e Fun\u00e7\u00f5es Avan\u00e7adas com o Power BI<\/strong><\/p>\n<p>Visualiza\u00e7\u00e3o Hier\u00e1rquica<br \/>\nTrabalhando com o Painel Indicadores<br \/>\nPainel Filtros e o Painel Indicadores<br \/>\nEditando Intera\u00e7\u00f5es Entre os Gr\u00e1ficos<br \/>\nGr\u00e1fico Condicional e a Ferramenta Par\u00e2metro de Hip\u00f3teses<br \/>\nVinculando Imagens da Web com as Segmenta\u00e7\u00f5es<br \/>\nGr\u00e1fico de KPI e Gr\u00e1fico de Indicador e Formata\u00e7\u00e3o Condicional<\/p>\n<p><strong>Dura\u00e7\u00e3o: <\/strong>7 S\u00e1bados (35h)<\/p>\n<p><strong>Hor\u00e1rio das aulas: <\/strong>Aos S\u00e1bados (8h &#8211; 13h)<\/p>\n<p><strong>Incluso: <\/strong>Material Digital e Certificado de Participa\u00e7\u00e3o<\/p>\n<p><strong>Formas de Pagamento: <\/strong>\u00c0 Vista ou at\u00e9 3x sem Juros no Cart\u00e3o de Cr\u00e9dito.<\/p>\n","protected":false},"excerpt":{"rendered":"<p>Objetivo: Capacitar o aluno a dominar as ferramentas essenciais do Power BI, possibilitando-o a criar Dashboards de Forma Pr\u00e1tica e Simples, realizando f\u00f3rmulas e fun\u00e7\u00f5es para an\u00e1lises de dados. Pr\u00e9-requisito: Conhecimento pr\u00e9vio em Microsoft Excel,\u00a0 Levar o Notebook com o software(Power BI)\u00a0 instalado e a Material(Apostila) \u00e9 Digital. M\u00f3dulo I \u2013 Essentials O que \u00e9 [&hellip;]<\/p>\n","protected":false},"featured_media":3474,"template":"","meta":{"_exactmetrics_skip_tracking":false,"_exactmetrics_sitenote_active":false,"_exactmetrics_sitenote_note":"","_exactmetrics_sitenote_category":0},"product_cat":[67],"product_tag":[],"class_list":{"0":"post-3473","1":"product","2":"type-product","3":"status-publish","4":"has-post-thumbnail","6":"product_cat-sem-categoria","8":"first","9":"instock","10":"taxable","11":"shipping-taxable","12":"purchasable","13":"product-type-simple"},"_links":{"self":[{"href":"https:\/\/www.profiautos.com.br\/novosite\/wp-json\/wp\/v2\/product\/3473"}],"collection":[{"href":"https:\/\/www.profiautos.com.br\/novosite\/wp-json\/wp\/v2\/product"}],"about":[{"href":"https:\/\/www.profiautos.com.br\/novosite\/wp-json\/wp\/v2\/types\/product"}],"wp:featuredmedia":[{"embeddable":true,"href":"https:\/\/www.profiautos.com.br\/novosite\/wp-json\/wp\/v2\/media\/3474"}],"wp:attachment":[{"href":"https:\/\/www.profiautos.com.br\/novosite\/wp-json\/wp\/v2\/media?parent=3473"}],"wp:term":[{"taxonomy":"product_cat","embeddable":true,"href":"https:\/\/www.profiautos.com.br\/novosite\/wp-json\/wp\/v2\/product_cat?post=3473"},{"taxonomy":"product_tag","embeddable":true,"href":"https:\/\/www.profiautos.com.br\/novosite\/wp-json\/wp\/v2\/product_tag?post=3473"}],"curies":[{"name":"wp","href":"https:\/\/api.w.org\/{rel}","templated":true}]}}