{"id":3462,"date":"2021-08-16T13:16:35","date_gmt":"2021-08-16T16:16:35","guid":{"rendered":"http:\/\/www.profiautos.com.br\/novosite\/?post_type=product&#038;p=3462"},"modified":"2021-08-16T13:16:35","modified_gmt":"2021-08-16T16:16:35","slug":"higienizacao-e-polimento-tecnico","status":"publish","type":"product","link":"https:\/\/www.profiautos.com.br\/novosite\/produto\/higienizacao-e-polimento-tecnico\/","title":{"rendered":"HIGIENIZA\u00c7\u00c3O E POLIMENTO T\u00c9CNICO"},"content":{"rendered":"<p><strong>Objetivo: <\/strong>Capacita\u00e7\u00e3o de profissionais na \u00e1rea de Est\u00e9tica Automotiva, deixando o Mercado de Trabalho cada vez mais competitivo e com qualidade nos seus profissionais.<\/p>\n<p><strong>CONTE\u00daDO PROGRAM\u00c1TICO:<\/strong><\/p>\n<ul>\n<li><strong>Limpeza Externa<\/strong><br \/>\n&#8211; M\u00f3dulo de Limpeza de Pintura;<br \/>\n&#8211; M\u00f3dulo de Limpeza de Rodas e Caixa de Rodas;<br \/>\n&#8211; M\u00f3dulo de Limpeza de Motor;<br \/>\n&#8211; M\u00f3dulo de Descontamina\u00e7\u00e3o de Vidros;<br \/>\n&#8211; M\u00f3dulo de Limpeza dos Pl\u00e1sticos e Borrachas.<\/li>\n<li><strong>Limpeza Interna<\/strong><br \/>\n&#8211; Letras, Cintos, Painel, Console, Volante, Setas, Carpete e Remo\u00e7\u00e3o de Bancos<br \/>\n&#8211; M\u00f3dulo de Limpeza de Estofados e Couros.<\/li>\n<li><strong>Polimento em Repintura; Cristaliza\u00e7\u00e3o; Recupera\u00e7\u00e3o do Brilho; Corretivo de Pintura.<\/strong><\/li>\n<li><strong>Prote\u00e7\u00e3o Cer\u00e2mica.<\/strong><\/li>\n<\/ul>\n<p><strong><strong>Dura\u00e7\u00e3o:<\/strong><\/strong>4 s\u00e1bados. (20 h de carga hor\u00e1ria)<strong><br \/>\n<\/strong><\/p>\n<p><strong>Hor\u00e1rio das aulas:<\/strong> 08:00h \u00e0s 13:00h.<\/p>\n<p><strong>Incluso:<\/strong> Material Did\u00e1tico e Certificado de Participa\u00e7\u00e3o.<\/p>\n<p><strong>Formas de Pagamento:<\/strong> \u00c0 vista ou at\u00e9 5x sem juros no Cart\u00e3o de Cr\u00e9dito.<\/p>\n","protected":false},"excerpt":{"rendered":"<p>Objetivo: Capacita\u00e7\u00e3o de profissionais na \u00e1rea de Est\u00e9tica Automotiva, deixando o Mercado de Trabalho cada vez mais competitivo e com qualidade nos seus profissionais. CONTE\u00daDO PROGRAM\u00c1TICO: Limpeza Externa &#8211; M\u00f3dulo de Limpeza de Pintura; &#8211; M\u00f3dulo de Limpeza de Rodas e Caixa de Rodas; &#8211; M\u00f3dulo de Limpeza de Motor; &#8211; M\u00f3dulo de Descontamina\u00e7\u00e3o de [&hellip;]<\/p>\n","protected":false},"featured_media":3463,"template":"","meta":{"_exactmetrics_skip_tracking":false,"_exactmetrics_sitenote_active":false,"_exactmetrics_sitenote_note":"","_exactmetrics_sitenote_category":0},"product_cat":[67],"product_tag":[],"class_list":{"0":"post-3462","1":"product","2":"type-product","3":"status-publish","4":"has-post-thumbnail","6":"product_cat-sem-categoria","8":"first","9":"instock","10":"taxable","11":"shipping-taxable","12":"purchasable","13":"product-type-simple"},"_links":{"self":[{"href":"https:\/\/www.profiautos.com.br\/novosite\/wp-json\/wp\/v2\/product\/3462"}],"collection":[{"href":"https:\/\/www.profiautos.com.br\/novosite\/wp-json\/wp\/v2\/product"}],"about":[{"href":"https:\/\/www.profiautos.com.br\/novosite\/wp-json\/wp\/v2\/types\/product"}],"wp:featuredmedia":[{"embeddable":true,"href":"https:\/\/www.profiautos.com.br\/novosite\/wp-json\/wp\/v2\/media\/3463"}],"wp:attachment":[{"href":"https:\/\/www.profiautos.com.br\/novosite\/wp-json\/wp\/v2\/media?parent=3462"}],"wp:term":[{"taxonomy":"product_cat","embeddable":true,"href":"https:\/\/www.profiautos.com.br\/novosite\/wp-json\/wp\/v2\/product_cat?post=3462"},{"taxonomy":"product_tag","embeddable":true,"href":"https:\/\/www.profiautos.com.br\/novosite\/wp-json\/wp\/v2\/product_tag?post=3462"}],"curies":[{"name":"wp","href":"https:\/\/api.w.org\/{rel}","templated":true}]}}