{"id":3412,"date":"2022-03-15T14:30:16","date_gmt":"2022-03-15T17:30:16","guid":{"rendered":"http:\/\/www.profiautos.com.br\/novosite\/?post_type=product&#038;p=3412"},"modified":"2022-03-15T14:45:37","modified_gmt":"2022-03-15T17:45:37","slug":"instalacao-e-manutencao-gnv-gas-natural-veicular","status":"publish","type":"product","link":"https:\/\/www.profiautos.com.br\/novosite\/produto\/instalacao-e-manutencao-gnv-gas-natural-veicular\/","title":{"rendered":"INSTALA\u00c7\u00c3O E MANUTEN\u00c7\u00c3O GNV (G\u00c1S NATURAL VEICULAR)"},"content":{"rendered":"<p><strong>INSTALA\u00c7\u00c3O E MANUTEN\u00c7\u00c3O GNV (G\u00c1S NATURAL VEICULAR)<\/strong><\/p>\n<p><strong>Objetivo: <\/strong>Capacitar profissionais do setor, a fazer instala\u00e7\u00e3o e manuten\u00e7\u00e3o em sistemas com GNV.<\/p>\n<p><strong>Conte\u00fado Program\u00e1tico:<\/strong><\/p>\n<p>&#8211; Origem e defini\u00e7\u00e3o do g\u00e1s;<\/p>\n<p>&#8211; Transporte;<\/p>\n<p>&#8211; Seguran\u00e7a;<\/p>\n<p>&#8211; Composi\u00e7\u00e3o do Sistema;<\/p>\n<p>&#8211; Componentes Mec\u00e2nicos;<\/p>\n<p>&#8211; Manuten\u00e7\u00e3o em v\u00e1lvulas de abastecimento;<\/p>\n<p>&#8211; Cilindro (limpeza);<\/p>\n<p>&#8211; Moldagem da tubula\u00e7\u00e3o;<\/p>\n<p>&#8211; Redutor: funcionamento, fixa\u00e7\u00e3o, limpeza e regulagem;<\/p>\n<p>&#8211; Componentes eletr\u00f4nicos: chave comutadora, emuladores de bico, emuladores de sonda e variador de avan\u00e7o;<\/p>\n<p>&#8211; Apresenta\u00e7\u00e3o do kit de 5\u00aa Gera\u00e7\u00e3o;<\/p>\n<p>&#8211; Limpeza do sistema.<\/p>\n<p>&nbsp;<\/p>\n<p><strong>Dura\u00e7\u00e3o: <\/strong>4 semanas (40 hrs);<\/p>\n<p><strong>Hor\u00e1rio das Aulas:<\/strong> Segunda-feira \u00e0 Quinta-feira (19:00 \u00e1s 21:30);<\/p>\n<p><strong>Incluso:<\/strong> Material Did\u00e1tico e Certificado de Participa\u00e7\u00e3o;<\/p>\n<p><strong>Forma de Pagamento:<\/strong>\u00a0A vista ou em at\u00e9 4x sem juros no Cart\u00e3o de Cr\u00e9dito.<\/p>\n","protected":false},"excerpt":{"rendered":"<p>INSTALA\u00c7\u00c3O E MANUTEN\u00c7\u00c3O GNV (G\u00c1S NATURAL VEICULAR) Objetivo: Capacitar profissionais do setor, a fazer instala\u00e7\u00e3o e manuten\u00e7\u00e3o em sistemas com GNV. Conte\u00fado Program\u00e1tico: &#8211; Origem e defini\u00e7\u00e3o do g\u00e1s; &#8211; Transporte; &#8211; Seguran\u00e7a; &#8211; Composi\u00e7\u00e3o do Sistema; &#8211; Componentes Mec\u00e2nicos; &#8211; Manuten\u00e7\u00e3o em v\u00e1lvulas de abastecimento; &#8211; Cilindro (limpeza); &#8211; Moldagem da tubula\u00e7\u00e3o; &#8211; Redutor: [&hellip;]<\/p>\n","protected":false},"featured_media":3413,"template":"","meta":{"_exactmetrics_skip_tracking":false,"_exactmetrics_sitenote_active":false,"_exactmetrics_sitenote_note":"","_exactmetrics_sitenote_category":0},"product_cat":[67],"product_tag":[],"class_list":{"0":"post-3412","1":"product","2":"type-product","3":"status-publish","4":"has-post-thumbnail","6":"product_cat-sem-categoria","8":"first","9":"instock","10":"taxable","11":"shipping-taxable","12":"purchasable","13":"product-type-simple"},"_links":{"self":[{"href":"https:\/\/www.profiautos.com.br\/novosite\/wp-json\/wp\/v2\/product\/3412"}],"collection":[{"href":"https:\/\/www.profiautos.com.br\/novosite\/wp-json\/wp\/v2\/product"}],"about":[{"href":"https:\/\/www.profiautos.com.br\/novosite\/wp-json\/wp\/v2\/types\/product"}],"wp:featuredmedia":[{"embeddable":true,"href":"https:\/\/www.profiautos.com.br\/novosite\/wp-json\/wp\/v2\/media\/3413"}],"wp:attachment":[{"href":"https:\/\/www.profiautos.com.br\/novosite\/wp-json\/wp\/v2\/media?parent=3412"}],"wp:term":[{"taxonomy":"product_cat","embeddable":true,"href":"https:\/\/www.profiautos.com.br\/novosite\/wp-json\/wp\/v2\/product_cat?post=3412"},{"taxonomy":"product_tag","embeddable":true,"href":"https:\/\/www.profiautos.com.br\/novosite\/wp-json\/wp\/v2\/product_tag?post=3412"}],"curies":[{"name":"wp","href":"https:\/\/api.w.org\/{rel}","templated":true}]}}