{"id":338,"date":"2022-04-04T13:00:23","date_gmt":"2022-04-04T16:00:23","guid":{"rendered":"http:\/\/www.profiautos.com.br\/novosite\/produto\/instalacao-de-condicionadores-de-ar-split\/"},"modified":"2025-07-31T09:50:13","modified_gmt":"2025-07-31T12:50:13","slug":"instalacao-de-condicionadores-de-ar-split-sabados","status":"publish","type":"product","link":"https:\/\/www.profiautos.com.br\/novosite\/produto\/instalacao-de-condicionadores-de-ar-split-sabados\/","title":{"rendered":"AR CONDICIONADO RESIDENCIAL &#8211; SPLIT &#8211; S\u00c1BADOS"},"content":{"rendered":"<p class=\"western\" align=\"justify\"><b>AR CONDICIONADO RESIDENCIAL &#8211; SPLIT &#8211; S\u00c1BADOS<\/b><\/p>\n<p class=\"western\" align=\"justify\"><b>Objetivo: <\/b>Capacitar profissionais para atuar no segmento de restaura\u00e7\u00e3o e manuten\u00e7\u00e3o de sistemas de ar condicionado dom\u00e9stico.<\/p>\n<p class=\"western\" align=\"justify\"><b>Conte\u00fado Program\u00e1tico:<\/b><\/p>\n<ul>\n<li>Conceito\u00a0de\u00a0Termodin\u00e2mica;<\/li>\n<li>Uso\u00a0do\u00a0mult\u00edmetro;<\/li>\n<li>Uso\u00a0de\u00a0ferramentas;<\/li>\n<li>V\u00e1cuo;<\/li>\n<li>Uso\u00a0de\u00a0Ferramentas\u00a0Especiais;<\/li>\n<li>Soldagem;<\/li>\n<li>Manofolder;<\/li>\n<li>Instala\u00e7\u00e3o\u00a0de Split;<\/li>\n<li>Diagn\u00f3stico\u00a0Vazamento;<\/li>\n<li>Remo\u00e7\u00e3o\u00a0da\u00a0Central de\u00a0Ar.<\/li>\n<\/ul>\n<p><b><br \/>\nDura\u00e7\u00e3o: <\/b>\u00a03\u00a0s\u00e1bados (15 hrs);<\/p>\n<p class=\"western\" align=\"justify\"><b>Hor\u00e1rio das aulas:<\/b>\u00a0S\u00e1bados (08:00 \u00e0s 13:00);<\/p>\n<p class=\"western\" align=\"justify\"><strong>Per\u00edodo: <\/strong>09\/08\/2025 (Previs\u00e3o);<\/p>\n<p class=\"western\" align=\"justify\"><b>Incluso:<\/b> Material Did\u00e1tico e Certificado de Participa\u00e7\u00e3o;<\/p>\n<p class=\"western\" align=\"justify\"><b>Formas de Pagamento:<\/b> A vista ou em at\u00e9 3x sem juros no Cart\u00e3o de Cr\u00e9dito.<\/p>\n","protected":false},"excerpt":{"rendered":"<p>AR CONDICIONADO RESIDENCIAL &#8211; SPLIT &#8211; S\u00c1BADOS Objetivo: Capacitar profissionais para atuar no segmento de restaura\u00e7\u00e3o e manuten\u00e7\u00e3o de sistemas de ar condicionado dom\u00e9stico. Conte\u00fado Program\u00e1tico: Conceito\u00a0de\u00a0Termodin\u00e2mica; Uso\u00a0do\u00a0mult\u00edmetro; Uso\u00a0de\u00a0ferramentas; V\u00e1cuo; Uso\u00a0de\u00a0Ferramentas\u00a0Especiais; Soldagem; Manofolder; Instala\u00e7\u00e3o\u00a0de Split; Diagn\u00f3stico\u00a0Vazamento; Remo\u00e7\u00e3o\u00a0da\u00a0Central de\u00a0Ar. Dura\u00e7\u00e3o: \u00a03\u00a0s\u00e1bados (15 hrs); Hor\u00e1rio das aulas:\u00a0S\u00e1bados (08:00 \u00e0s 13:00); Per\u00edodo: 09\/08\/2025 (Previs\u00e3o); Incluso: Material Did\u00e1tico e [&hellip;]<\/p>\n","protected":false},"featured_media":339,"template":"","meta":{"_exactmetrics_skip_tracking":false,"_exactmetrics_sitenote_active":false,"_exactmetrics_sitenote_note":"","_exactmetrics_sitenote_category":0},"product_cat":[14,29],"product_tag":[],"class_list":{"0":"post-338","1":"product","2":"type-product","3":"status-publish","4":"has-post-thumbnail","6":"product_cat-cursos-com-matriculas-abertas","7":"product_cat-outros-treinamentos","9":"first","10":"instock","11":"purchasable","12":"product-type-simple"},"_links":{"self":[{"href":"https:\/\/www.profiautos.com.br\/novosite\/wp-json\/wp\/v2\/product\/338"}],"collection":[{"href":"https:\/\/www.profiautos.com.br\/novosite\/wp-json\/wp\/v2\/product"}],"about":[{"href":"https:\/\/www.profiautos.com.br\/novosite\/wp-json\/wp\/v2\/types\/product"}],"wp:featuredmedia":[{"embeddable":true,"href":"https:\/\/www.profiautos.com.br\/novosite\/wp-json\/wp\/v2\/media\/339"}],"wp:attachment":[{"href":"https:\/\/www.profiautos.com.br\/novosite\/wp-json\/wp\/v2\/media?parent=338"}],"wp:term":[{"taxonomy":"product_cat","embeddable":true,"href":"https:\/\/www.profiautos.com.br\/novosite\/wp-json\/wp\/v2\/product_cat?post=338"},{"taxonomy":"product_tag","embeddable":true,"href":"https:\/\/www.profiautos.com.br\/novosite\/wp-json\/wp\/v2\/product_tag?post=338"}],"curies":[{"name":"wp","href":"https:\/\/api.w.org\/{rel}","templated":true}]}}