{"id":3323,"date":"2021-02-02T10:32:08","date_gmt":"2021-02-02T13:32:08","guid":{"rendered":"http:\/\/www.profiautos.com.br\/novosite\/?post_type=product&#038;p=3323"},"modified":"2022-07-20T08:39:00","modified_gmt":"2022-07-20T11:39:00","slug":"diagnostico-de-rede-can-e-alternador-gerenciado","status":"publish","type":"product","link":"https:\/\/www.profiautos.com.br\/novosite\/produto\/diagnostico-de-rede-can-e-alternador-gerenciado\/","title":{"rendered":"DIAGN\u00d3STICO DE REDE CAN E ALTERNADOR GERENCIADO"},"content":{"rendered":"<p><strong>Objetivo:<\/strong> Formar profissionais para realizarem diagn\u00f3stico precisos nos\u00a0sistemas eletroeletr\u00f4nicos\u00a0automotivos .<\/p>\n<p><strong>Requisito:<\/strong> Conhecimento de El\u00e9trica e Inje\u00e7\u00e3o.<\/p>\n<p><strong>CONTE\u00daDO PROGRAM\u00c1TICO:<\/strong><\/p>\n<p><strong>Diagn\u00f3stico da Rede CAN:<\/strong><\/p>\n<p>1 \u2013 Conhecendo a Rede CAN;<\/p>\n<p>2 \u2013Topologias (Distribui\u00e7\u00e3o dos M\u00f3dulos);<\/p>\n<p>3 \u2013 Conhecendo os Protocolos de Comunica\u00e7\u00e3o;<\/p>\n<p>4 \u2013 Interpreta\u00e7\u00e3o dos DTCs\/C\u00f3digos de Falhas (Diagnostic Trouble Codes);<\/p>\n<p>5 \u2013 Utilizando o Scanner no Diagn\u00f3stico da Rede CAN;<\/p>\n<p>6 &#8211;\u00a0 Interpretando a Topologia;<\/p>\n<p>7 &#8211; Teste da Rede CAN com Mult\u00edmetro<\/p>\n<p>8 &#8211; Teste da Rede CAN com Oscilosc\u00f3pio<\/p>\n<p><strong>Alternador Gerenciado:<\/strong><\/p>\n<p>1 &#8211; O Alternador Inteligente;<\/p>\n<p>2 &#8211;\u00a0 Regulador Multifuncional;<\/p>\n<p>3 &#8211; Estrat\u00e9gia Load Response;<\/p>\n<p>4 &#8211; Terminais do Alternador e Suas Tecnologias;<\/p>\n<p>5 &#8211; Tecnologia RVC;<\/p>\n<p>6 &#8211; Sistema GM;<\/p>\n<p>7 &#8211; Tecnologia COM;<\/p>\n<p>8 &#8211; Protocolos LIN &amp; BSS;<\/p>\n<p>9 &#8211; Sensor Inteligente de Bateria &#8211; IBS\/Intelligent Battery Sensor;<\/p>\n<p>10 &#8211; Desenvolvimento do diagn\u00f3stico utilizando Scanner, Mult\u00edmetro e Oscilosc\u00f3pio;<\/p>\n<p><strong>Dura\u00e7\u00e3o:<\/strong> 3 dias &#8211; Carga hor\u00e1ria de 16 h\/a.<\/p>\n<p><strong>Per\u00edodo:<\/strong>\u00a0(Forma\u00e7\u00e3o)<\/p>\n<p><strong>Formas de Pagamento:<\/strong> \u00c1 Vista ou no cart\u00e3o em at\u00e9 4 x sem juros.<\/p>\n<p>&nbsp;<\/p>\n","protected":false},"excerpt":{"rendered":"<p>Objetivo: Formar profissionais para realizarem diagn\u00f3stico precisos nos\u00a0sistemas eletroeletr\u00f4nicos\u00a0automotivos . Requisito: Conhecimento de El\u00e9trica e Inje\u00e7\u00e3o. CONTE\u00daDO PROGRAM\u00c1TICO: Diagn\u00f3stico da Rede CAN: 1 \u2013 Conhecendo a Rede CAN; 2 \u2013Topologias (Distribui\u00e7\u00e3o dos M\u00f3dulos); 3 \u2013 Conhecendo os Protocolos de Comunica\u00e7\u00e3o; 4 \u2013 Interpreta\u00e7\u00e3o dos DTCs\/C\u00f3digos de Falhas (Diagnostic Trouble Codes); 5 \u2013 Utilizando o Scanner [&hellip;]<\/p>\n","protected":false},"featured_media":3404,"template":"","meta":{"_exactmetrics_skip_tracking":false,"_exactmetrics_sitenote_active":false,"_exactmetrics_sitenote_note":"","_exactmetrics_sitenote_category":0},"product_cat":[67],"product_tag":[],"class_list":{"0":"post-3323","1":"product","2":"type-product","3":"status-publish","4":"has-post-thumbnail","6":"product_cat-sem-categoria","8":"first","9":"instock","10":"taxable","11":"shipping-taxable","12":"purchasable","13":"product-type-simple"},"_links":{"self":[{"href":"https:\/\/www.profiautos.com.br\/novosite\/wp-json\/wp\/v2\/product\/3323"}],"collection":[{"href":"https:\/\/www.profiautos.com.br\/novosite\/wp-json\/wp\/v2\/product"}],"about":[{"href":"https:\/\/www.profiautos.com.br\/novosite\/wp-json\/wp\/v2\/types\/product"}],"wp:featuredmedia":[{"embeddable":true,"href":"https:\/\/www.profiautos.com.br\/novosite\/wp-json\/wp\/v2\/media\/3404"}],"wp:attachment":[{"href":"https:\/\/www.profiautos.com.br\/novosite\/wp-json\/wp\/v2\/media?parent=3323"}],"wp:term":[{"taxonomy":"product_cat","embeddable":true,"href":"https:\/\/www.profiautos.com.br\/novosite\/wp-json\/wp\/v2\/product_cat?post=3323"},{"taxonomy":"product_tag","embeddable":true,"href":"https:\/\/www.profiautos.com.br\/novosite\/wp-json\/wp\/v2\/product_tag?post=3323"}],"curies":[{"name":"wp","href":"https:\/\/api.w.org\/{rel}","templated":true}]}}