{"id":331,"date":"2022-04-04T13:00:18","date_gmt":"2022-04-04T16:00:18","guid":{"rendered":"http:\/\/www.profiautos.com.br\/novosite\/produto\/motor-e-caixa-de-marcha-da-150cc-2\/"},"modified":"2026-04-01T13:49:34","modified_gmt":"2026-04-01T16:49:34","slug":"motor-e-caixa-de-marcha-da-150cc-2","status":"publish","type":"product","link":"https:\/\/www.profiautos.com.br\/novosite\/produto\/motor-e-caixa-de-marcha-da-150cc-2\/","title":{"rendered":"MOTOR E CAIXA DE MARCHA 160CC"},"content":{"rendered":"<p class=\"western\" align=\"justify\"><b>MOTOR E CAIXA DE MARCHA 160CC<\/b><\/p>\n<p class=\"western\" align=\"justify\"><b>Objetivo:\u00a0<\/b>Capacitar os profissionais para repara\u00e7\u00e3o dos motores 150cc.<\/p>\n<p class=\"western\" align=\"justify\"><b>Conte\u00fado Program\u00e1tico:<\/b><\/p>\n<ul>\n<li>Remo\u00e7\u00e3o;<\/li>\n<li>Desmontagem do motor;<\/li>\n<li>Diagn\u00f3sticos;<\/li>\n<li>Montagem;<\/li>\n<li>Sincronismo da corrente de comando.<\/li>\n<\/ul>\n<p><b>Dura\u00e7\u00e3o: <\/b>1 semana (10 hrs);<\/p>\n<p class=\"western\" align=\"justify\"><b>Hor\u00e1rio das aulas:<\/b>\u00a0Segunda-feira \u00e0 Quinta-feira\u00a0(19:00 \u00e0s 21:30);<\/p>\n<p class=\"western\" align=\"justify\"><strong>Per\u00edodo: <\/strong>24\/01\/2026 (Previs\u00e3o)<\/p>\n<p class=\"western\" align=\"justify\"><b>Incluso:<\/b> Material Did\u00e1tico e Certificado de Participa\u00e7\u00e3o;<\/p>\n<p class=\"western\" align=\"justify\"><b>Formas de Pagamento:<\/b> A vista ou at\u00e9 3x sem juros no Cart\u00e3o de Cr\u00e9dito.<\/p>\n","protected":false},"excerpt":{"rendered":"<p>MOTOR E CAIXA DE MARCHA 160CC Objetivo:\u00a0Capacitar os profissionais para repara\u00e7\u00e3o dos motores 150cc. Conte\u00fado Program\u00e1tico: Remo\u00e7\u00e3o; Desmontagem do motor; Diagn\u00f3sticos; Montagem; Sincronismo da corrente de comando. Dura\u00e7\u00e3o: 1 semana (10 hrs); Hor\u00e1rio das aulas:\u00a0Segunda-feira \u00e0 Quinta-feira\u00a0(19:00 \u00e0s 21:30); Per\u00edodo: 24\/01\/2026 (Previs\u00e3o) Incluso: Material Did\u00e1tico e Certificado de Participa\u00e7\u00e3o; Formas de Pagamento: A vista ou [&hellip;]<\/p>\n","protected":false},"featured_media":3975,"template":"","meta":{"_exactmetrics_skip_tracking":false,"_exactmetrics_sitenote_active":false,"_exactmetrics_sitenote_note":"","_exactmetrics_sitenote_category":0},"product_cat":[14,10],"product_tag":[],"class_list":{"0":"post-331","1":"product","2":"type-product","3":"status-publish","4":"has-post-thumbnail","6":"product_cat-cursos-com-matriculas-abertas","7":"product_cat-cursos-de-motocicletas","9":"first","10":"instock","11":"purchasable","12":"product-type-simple"},"_links":{"self":[{"href":"https:\/\/www.profiautos.com.br\/novosite\/wp-json\/wp\/v2\/product\/331"}],"collection":[{"href":"https:\/\/www.profiautos.com.br\/novosite\/wp-json\/wp\/v2\/product"}],"about":[{"href":"https:\/\/www.profiautos.com.br\/novosite\/wp-json\/wp\/v2\/types\/product"}],"wp:featuredmedia":[{"embeddable":true,"href":"https:\/\/www.profiautos.com.br\/novosite\/wp-json\/wp\/v2\/media\/3975"}],"wp:attachment":[{"href":"https:\/\/www.profiautos.com.br\/novosite\/wp-json\/wp\/v2\/media?parent=331"}],"wp:term":[{"taxonomy":"product_cat","embeddable":true,"href":"https:\/\/www.profiautos.com.br\/novosite\/wp-json\/wp\/v2\/product_cat?post=331"},{"taxonomy":"product_tag","embeddable":true,"href":"https:\/\/www.profiautos.com.br\/novosite\/wp-json\/wp\/v2\/product_tag?post=331"}],"curies":[{"name":"wp","href":"https:\/\/api.w.org\/{rel}","templated":true}]}}