{"id":3306,"date":"2022-04-04T13:00:15","date_gmt":"2022-04-04T16:00:15","guid":{"rendered":"http:\/\/www.profiautos.com.br\/novosite\/?post_type=product&#038;p=3306"},"modified":"2024-01-03T16:55:59","modified_gmt":"2024-01-03T19:55:59","slug":"montagem-de-rodas-modulo-iii","status":"publish","type":"product","link":"https:\/\/www.profiautos.com.br\/novosite\/produto\/montagem-de-rodas-modulo-iii\/","title":{"rendered":"MONTAGEM DE RODAS &#8211; M\u00d3DULO 3"},"content":{"rendered":"<p><strong>MONTAGEM DE RODAS &#8211; M\u00d3DULO 3<\/strong><\/p>\n<p><strong>Objetivo:<\/strong>\u00a0Promover o conhecimento e crescimento no segmento de bicicletas elevando o n\u00edvel dos participantes do curso.<\/p>\n<p><strong>Conte\u00fado Program\u00e1tico:<\/strong><\/p>\n<ul>\n<li>Ferramentas;<\/li>\n<li>Alinhamento;<\/li>\n<li>Tipos de alinhamento;<\/li>\n<li>C\u00e1lculo de raios, nipples e cubos;<\/li>\n<li>Tensionador;<\/li>\n<li>Guarda-chuvamento da roda;<\/li>\n<li>Verifica\u00e7\u00e3o das rodas;<\/li>\n<li>Raios e Nipples;<\/li>\n<li>Como medir o cubo;<\/li>\n<li>Montagem da roda;<\/li>\n<li>Como usar o TM-1;<\/li>\n<li>Cubos.<\/li>\n<\/ul>\n<p><strong>Per\u00edodo:<\/strong>\u00a0(FORMA\u00c7\u00c3O);<\/p>\n<p><strong>Dias e hor\u00e1rio:<\/strong>\u00a0Segunda-feira \u00e0 Quinta-feira (19:00 as 21:30);<\/p>\n<p><strong>Incluso:<\/strong> Material did\u00e1tico e certificado de qualifica\u00e7\u00e3o;<\/p>\n<p><strong>Investimento<\/strong>: A vista ou facilitado em 3x sem juros no cart\u00e3o de cr\u00e9dito.<\/p>\n","protected":false},"excerpt":{"rendered":"<p>MONTAGEM DE RODAS &#8211; M\u00d3DULO 3 Objetivo:\u00a0Promover o conhecimento e crescimento no segmento de bicicletas elevando o n\u00edvel dos participantes do curso. Conte\u00fado Program\u00e1tico: Ferramentas; Alinhamento; Tipos de alinhamento; C\u00e1lculo de raios, nipples e cubos; Tensionador; Guarda-chuvamento da roda; Verifica\u00e7\u00e3o das rodas; Raios e Nipples; Como medir o cubo; Montagem da roda; Como usar o [&hellip;]<\/p>\n","protected":false},"featured_media":3372,"template":"","meta":{"_exactmetrics_skip_tracking":false,"_exactmetrics_sitenote_active":false,"_exactmetrics_sitenote_note":"","_exactmetrics_sitenote_category":0},"product_cat":[67],"product_tag":[],"class_list":{"0":"post-3306","1":"product","2":"type-product","3":"status-publish","4":"has-post-thumbnail","6":"product_cat-sem-categoria","8":"first","9":"instock","10":"taxable","11":"shipping-taxable","12":"purchasable","13":"product-type-simple"},"_links":{"self":[{"href":"https:\/\/www.profiautos.com.br\/novosite\/wp-json\/wp\/v2\/product\/3306"}],"collection":[{"href":"https:\/\/www.profiautos.com.br\/novosite\/wp-json\/wp\/v2\/product"}],"about":[{"href":"https:\/\/www.profiautos.com.br\/novosite\/wp-json\/wp\/v2\/types\/product"}],"wp:featuredmedia":[{"embeddable":true,"href":"https:\/\/www.profiautos.com.br\/novosite\/wp-json\/wp\/v2\/media\/3372"}],"wp:attachment":[{"href":"https:\/\/www.profiautos.com.br\/novosite\/wp-json\/wp\/v2\/media?parent=3306"}],"wp:term":[{"taxonomy":"product_cat","embeddable":true,"href":"https:\/\/www.profiautos.com.br\/novosite\/wp-json\/wp\/v2\/product_cat?post=3306"},{"taxonomy":"product_tag","embeddable":true,"href":"https:\/\/www.profiautos.com.br\/novosite\/wp-json\/wp\/v2\/product_tag?post=3306"}],"curies":[{"name":"wp","href":"https:\/\/api.w.org\/{rel}","templated":true}]}}