{"id":3293,"date":"2022-04-04T13:00:47","date_gmt":"2022-04-04T16:00:47","guid":{"rendered":"http:\/\/www.profiautos.com.br\/novosite\/?post_type=product&#038;p=3293"},"modified":"2026-03-28T12:53:29","modified_gmt":"2026-03-28T15:53:29","slug":"chaveiro-profissional-i-sabados","status":"publish","type":"product","link":"https:\/\/www.profiautos.com.br\/novosite\/produto\/chaveiro-profissional-i-sabados\/","title":{"rendered":"CHAVEIRO PROFISSIONAL I"},"content":{"rendered":"<p><strong>CHAVEIRO PROFISSIONAL I<\/strong><\/p>\n<p><strong>Objetivo:\u00a0<\/strong>O curso de chaveiro tem por objetivo o desenvolvimento de compet\u00eancia que permitam a execu\u00e7\u00e3o da manuten\u00e7\u00e3o e instala\u00e7\u00e3o de chaves e fechaduras residenciais, com\u00e9rcios automotivos.<\/p>\n<p><strong>CONTE\u00daDO PROGRAM\u00c1TICO:<\/strong><\/p>\n<ul>\n<li>M\u00e1quinas e equipamento para confec\u00e7\u00e3o de chaves;<\/li>\n<li>Identifica\u00e7\u00e3o dos tipos de chaves e fechaduras;<\/li>\n<li>C\u00f3pias de chaves manuais e com uso de m\u00e1quinas;<\/li>\n<li>C\u00f3pias de chaves sem modelos com uso de m\u00e1quinas;<\/li>\n<li>C\u00f3pias de chaves sem modelos cilindro Yaele e cilindro tetra;<\/li>\n<li>C\u00f3pias de chaves automotivas pelo segredo mec\u00e2nico;<\/li>\n<li>Verifica\u00e7\u00e3o de cilindros;<\/li>\n<li>T\u00e9cnicas para abertura de fechadura de ve\u00edculos.<\/li>\n<\/ul>\n<p><strong>Dura\u00e7\u00e3o:<\/strong>\u00a03 semanas (30hrs);<\/p>\n<p><strong>Per\u00edodo: <\/strong>03\/11\/2025 (Previs\u00e3o);<\/p>\n<p><b>Per\u00edodo<\/b>: Segunda-feira \u00e0 Quinta-feira (19:00 \u00e0s 21:30);<\/p>\n<p><strong>Incluso:<\/strong>\u00a0Material Did\u00e1tico e Certificado de Conclus\u00e3o;<\/p>\n<p><strong>Formas de Pagamento:<\/strong>\u00a0A vista ou facilitado em at\u00e9 3x sem juros no Cart\u00e3o de Cr\u00e9dito.<\/p>\n","protected":false},"excerpt":{"rendered":"<p>CHAVEIRO PROFISSIONAL I Objetivo:\u00a0O curso de chaveiro tem por objetivo o desenvolvimento de compet\u00eancia que permitam a execu\u00e7\u00e3o da manuten\u00e7\u00e3o e instala\u00e7\u00e3o de chaves e fechaduras residenciais, com\u00e9rcios automotivos. CONTE\u00daDO PROGRAM\u00c1TICO: M\u00e1quinas e equipamento para confec\u00e7\u00e3o de chaves; Identifica\u00e7\u00e3o dos tipos de chaves e fechaduras; C\u00f3pias de chaves manuais e com uso de m\u00e1quinas; C\u00f3pias [&hellip;]<\/p>\n","protected":false},"featured_media":3717,"template":"","meta":{"_exactmetrics_skip_tracking":false,"_exactmetrics_sitenote_active":false,"_exactmetrics_sitenote_note":"","_exactmetrics_sitenote_category":0},"product_cat":[8,14,10],"product_tag":[],"class_list":{"0":"post-3293","1":"product","2":"type-product","3":"status-publish","4":"has-post-thumbnail","6":"product_cat-cursos-automotivos","7":"product_cat-cursos-com-matriculas-abertas","8":"product_cat-cursos-de-motocicletas","10":"first","11":"instock","12":"taxable","13":"shipping-taxable","14":"purchasable","15":"product-type-simple"},"_links":{"self":[{"href":"https:\/\/www.profiautos.com.br\/novosite\/wp-json\/wp\/v2\/product\/3293"}],"collection":[{"href":"https:\/\/www.profiautos.com.br\/novosite\/wp-json\/wp\/v2\/product"}],"about":[{"href":"https:\/\/www.profiautos.com.br\/novosite\/wp-json\/wp\/v2\/types\/product"}],"wp:featuredmedia":[{"embeddable":true,"href":"https:\/\/www.profiautos.com.br\/novosite\/wp-json\/wp\/v2\/media\/3717"}],"wp:attachment":[{"href":"https:\/\/www.profiautos.com.br\/novosite\/wp-json\/wp\/v2\/media?parent=3293"}],"wp:term":[{"taxonomy":"product_cat","embeddable":true,"href":"https:\/\/www.profiautos.com.br\/novosite\/wp-json\/wp\/v2\/product_cat?post=3293"},{"taxonomy":"product_tag","embeddable":true,"href":"https:\/\/www.profiautos.com.br\/novosite\/wp-json\/wp\/v2\/product_tag?post=3293"}],"curies":[{"name":"wp","href":"https:\/\/api.w.org\/{rel}","templated":true}]}}